{"id":8570,"date":"2017-12-06T16:13:25","date_gmt":"2017-12-06T16:13:25","guid":{"rendered":"https:\/\/blog.bedandbreakfast.eu\/innkeepers\/start-bb\/"},"modified":"2017-12-29T11:43:58","modified_gmt":"2017-12-29T11:43:58","slug":"aprire-bb","status":"publish","type":"page","link":"https:\/\/blog.bedandbreakfast.eu\/innkeepers\/it\/aprire-bb\/","title":{"rendered":"Aprire un B&#038;B"},"content":{"rendered":"<p><img loading=\"lazy\" decoding=\"async\" class=\"aligncenter size-full wp-image-8774\" src=\"https:\/\/blog.bedandbreakfast.eu\/innkeepers\/wp-content\/uploads\/2017\/12\/Ontbijt_EU.png\" alt=\"Bedandbreakfast.eu; start B&amp;B\" width=\"1200\" height=\"188\" srcset=\"https:\/\/blog.bedandbreakfast.eu\/innkeepers\/wp-content\/uploads\/2017\/12\/Ontbijt_EU.png 1200w, https:\/\/blog.bedandbreakfast.eu\/innkeepers\/wp-content\/uploads\/2017\/12\/Ontbijt_EU-300x47.png 300w, https:\/\/blog.bedandbreakfast.eu\/innkeepers\/wp-content\/uploads\/2017\/12\/Ontbijt_EU-768x120.png 768w, https:\/\/blog.bedandbreakfast.eu\/innkeepers\/wp-content\/uploads\/2017\/12\/Ontbijt_EU-1024x160.png 1024w, https:\/\/blog.bedandbreakfast.eu\/innkeepers\/wp-content\/uploads\/2017\/12\/Ontbijt_EU-810x127.png 810w, https:\/\/blog.bedandbreakfast.eu\/innkeepers\/wp-content\/uploads\/2017\/12\/Ontbijt_EU-1140x179.png 1140w\" sizes=\"auto, (max-width: 1200px) 100vw, 1200px\" \/><\/p>\n<h1><b>Aprire un B&amp;B<\/b><\/h1>\n<p><span style=\"font-weight: 400;\">Molte persone sognano di aprire un B&amp;B. La caratteristica pi\u00f9 importante che serve \u00e8 quella di essere ospitale e socievole. Quando ti occupi di un B&amp;B devi per\u00f2 fare i conti con molti aspetti della sua gestione e devi essere ben preparato. Nei nostri articoli ti forniamo informazioni riguardanti il mercato dei B&amp;B, puoi ottenere le dritte giuste per iniziare e potrai leggere le esperienze raccontate da altri proprietari, che hanno gi\u00e0 avviato un B&amp;B.<\/span><\/p>\n","protected":false},"excerpt":{"rendered":"<p>Aprire un B&amp;B Molte persone sognano di aprire un B&amp;B. La caratteristica pi\u00f9 importante che serve \u00e8 quella di essere ospitale e socievole. Quando ti occupi di un B&amp;B devi per\u00f2 fare i conti con molti aspetti della sua gestione e devi essere ben preparato. Nei nostri articoli ti forniamo informazioni riguardanti il mercato dei [&hellip;]<\/p>\n","protected":false},"author":14,"featured_media":0,"parent":0,"menu_order":0,"comment_status":"closed","ping_status":"closed","template":"template-modules.php","meta":{"_monsterinsights_skip_tracking":false,"_monsterinsights_sitenote_active":false,"_monsterinsights_sitenote_note":"","_monsterinsights_sitenote_category":0,"jetpack_post_was_ever_published":false,"footnotes":""},"coauthors":[3176],"class_list":["post-8570","page","type-page","status-publish","hentry"],"yoast_head":"<!-- This site is optimized with the Yoast SEO plugin v27.5 - https:\/\/yoast.com\/product\/yoast-seo-wordpress\/ -->\n<title>Aprire un B&amp;B | Proprietari Bed and Breakfast | Blog Bedandbreakfast.eu<\/title>\n<meta name=\"description\" content=\"Nei nostri articoli forniamo informazioni riguardanti il Mercato dei B&amp;B, le Dritte giuste per Iniziare e le Esperienze di altri proprietari.\" \/>\n<meta name=\"robots\" content=\"index, follow, max-snippet:-1, max-image-preview:large, max-video-preview:-1\" \/>\n<link rel=\"canonical\" href=\"https:\/\/blog.bedandbreakfast.eu\/innkeepers\/it\/aprire-bb\/\" \/>\n<meta property=\"og:locale\" content=\"it_IT\" \/>\n<meta property=\"og:type\" content=\"article\" \/>\n<meta property=\"og:title\" content=\"Aprire un B&amp;B | Proprietari Bed and Breakfast | Blog Bedandbreakfast.eu\" \/>\n<meta property=\"og:description\" content=\"Nei nostri articoli forniamo informazioni riguardanti il Mercato dei B&amp;B, le Dritte giuste per Iniziare e le Esperienze di altri proprietari.\" \/>\n<meta property=\"og:url\" content=\"https:\/\/blog.bedandbreakfast.eu\/innkeepers\/it\/aprire-bb\/\" \/>\n<meta property=\"og:site_name\" content=\"Bed and Breakfast Proprietari Blog | Bedandbreakfast.eu\" \/>\n<meta property=\"article:modified_time\" content=\"2017-12-29T11:43:58+00:00\" \/>\n<meta property=\"og:image\" content=\"https:\/\/blog.bedandbreakfast.eu\/innkeepers\/wp-content\/uploads\/2017\/12\/Ontbijt_EU.png\" \/>\n<meta name=\"twitter:card\" content=\"summary_large_image\" \/>\n<meta name=\"twitter:label1\" content=\"Scritto da\" \/>\n\t<meta name=\"twitter:data1\" content=\"Mark Verhoeven\" \/>\n<script type=\"application\/ld+json\" class=\"yoast-schema-graph\">{\"@context\":\"https:\\\/\\\/schema.org\",\"@graph\":[{\"@type\":\"WebPage\",\"@id\":\"https:\\\/\\\/blog.bedandbreakfast.eu\\\/innkeepers\\\/it\\\/aprire-bb\\\/\",\"url\":\"https:\\\/\\\/blog.bedandbreakfast.eu\\\/innkeepers\\\/it\\\/aprire-bb\\\/\",\"name\":\"Aprire un B&B | Proprietari Bed and Breakfast | Blog Bedandbreakfast.eu\",\"isPartOf\":{\"@id\":\"https:\\\/\\\/blog.bedandbreakfast.eu\\\/innkeepers\\\/it\\\/#website\"},\"primaryImageOfPage\":{\"@id\":\"https:\\\/\\\/blog.bedandbreakfast.eu\\\/innkeepers\\\/it\\\/aprire-bb\\\/#primaryimage\"},\"image\":{\"@id\":\"https:\\\/\\\/blog.bedandbreakfast.eu\\\/innkeepers\\\/it\\\/aprire-bb\\\/#primaryimage\"},\"thumbnailUrl\":\"https:\\\/\\\/blog.bedandbreakfast.eu\\\/innkeepers\\\/wp-content\\\/uploads\\\/2017\\\/12\\\/Ontbijt_EU.png\",\"datePublished\":\"2017-12-06T16:13:25+00:00\",\"dateModified\":\"2017-12-29T11:43:58+00:00\",\"description\":\"Nei nostri articoli forniamo informazioni riguardanti il Mercato dei B&B, le Dritte giuste per Iniziare e le Esperienze di altri proprietari.\",\"breadcrumb\":{\"@id\":\"https:\\\/\\\/blog.bedandbreakfast.eu\\\/innkeepers\\\/it\\\/aprire-bb\\\/#breadcrumb\"},\"inLanguage\":\"it-IT\",\"potentialAction\":[{\"@type\":\"ReadAction\",\"target\":[\"https:\\\/\\\/blog.bedandbreakfast.eu\\\/innkeepers\\\/it\\\/aprire-bb\\\/\"]}]},{\"@type\":\"ImageObject\",\"inLanguage\":\"it-IT\",\"@id\":\"https:\\\/\\\/blog.bedandbreakfast.eu\\\/innkeepers\\\/it\\\/aprire-bb\\\/#primaryimage\",\"url\":\"https:\\\/\\\/blog.bedandbreakfast.eu\\\/innkeepers\\\/wp-content\\\/uploads\\\/2017\\\/12\\\/Ontbijt_EU.png\",\"contentUrl\":\"https:\\\/\\\/blog.bedandbreakfast.eu\\\/innkeepers\\\/wp-content\\\/uploads\\\/2017\\\/12\\\/Ontbijt_EU.png\"},{\"@type\":\"BreadcrumbList\",\"@id\":\"https:\\\/\\\/blog.bedandbreakfast.eu\\\/innkeepers\\\/it\\\/aprire-bb\\\/#breadcrumb\",\"itemListElement\":[{\"@type\":\"ListItem\",\"position\":1,\"name\":\"Home\",\"item\":\"https:\\\/\\\/blog.bedandbreakfast.eu\\\/innkeepers\\\/it\\\/\"},{\"@type\":\"ListItem\",\"position\":2,\"name\":\"Aprire un B&#038;B\"}]},{\"@type\":\"WebSite\",\"@id\":\"https:\\\/\\\/blog.bedandbreakfast.eu\\\/innkeepers\\\/it\\\/#website\",\"url\":\"https:\\\/\\\/blog.bedandbreakfast.eu\\\/innkeepers\\\/it\\\/\",\"name\":\"Bed and Breakfast Proprietari Blog | Bedandbreakfast.eu\",\"description\":\"Blog per i proprietari di bed & breakfast e agriturismo, a cura di Bedandbreakfast.eu. Consigli utili, editoriali, workshop e le ultime novit\u00e0 dal mondo dei B&B.\",\"potentialAction\":[{\"@type\":\"SearchAction\",\"target\":{\"@type\":\"EntryPoint\",\"urlTemplate\":\"https:\\\/\\\/blog.bedandbreakfast.eu\\\/innkeepers\\\/it\\\/?s={search_term_string}\"},\"query-input\":{\"@type\":\"PropertyValueSpecification\",\"valueRequired\":true,\"valueName\":\"search_term_string\"}}],\"inLanguage\":\"it-IT\"}]}<\/script>\n<!-- \/ Yoast SEO plugin. -->","yoast_head_json":{"title":"Aprire un B&B | Proprietari Bed and Breakfast | Blog Bedandbreakfast.eu","description":"Nei nostri articoli forniamo informazioni riguardanti il Mercato dei B&B, le Dritte giuste per Iniziare e le Esperienze di altri proprietari.","robots":{"index":"index","follow":"follow","max-snippet":"max-snippet:-1","max-image-preview":"max-image-preview:large","max-video-preview":"max-video-preview:-1"},"canonical":"https:\/\/blog.bedandbreakfast.eu\/innkeepers\/it\/aprire-bb\/","og_locale":"it_IT","og_type":"article","og_title":"Aprire un B&B | Proprietari Bed and Breakfast | Blog Bedandbreakfast.eu","og_description":"Nei nostri articoli forniamo informazioni riguardanti il Mercato dei B&B, le Dritte giuste per Iniziare e le Esperienze di altri proprietari.","og_url":"https:\/\/blog.bedandbreakfast.eu\/innkeepers\/it\/aprire-bb\/","og_site_name":"Bed and Breakfast Proprietari Blog | Bedandbreakfast.eu","article_modified_time":"2017-12-29T11:43:58+00:00","og_image":[{"url":"https:\/\/blog.bedandbreakfast.eu\/innkeepers\/wp-content\/uploads\/2017\/12\/Ontbijt_EU.png","type":"","width":"","height":""}],"twitter_card":"summary_large_image","twitter_misc":{"Scritto da":"Mark Verhoeven"},"schema":{"@context":"https:\/\/schema.org","@graph":[{"@type":"WebPage","@id":"https:\/\/blog.bedandbreakfast.eu\/innkeepers\/it\/aprire-bb\/","url":"https:\/\/blog.bedandbreakfast.eu\/innkeepers\/it\/aprire-bb\/","name":"Aprire un B&B | Proprietari Bed and Breakfast | Blog Bedandbreakfast.eu","isPartOf":{"@id":"https:\/\/blog.bedandbreakfast.eu\/innkeepers\/it\/#website"},"primaryImageOfPage":{"@id":"https:\/\/blog.bedandbreakfast.eu\/innkeepers\/it\/aprire-bb\/#primaryimage"},"image":{"@id":"https:\/\/blog.bedandbreakfast.eu\/innkeepers\/it\/aprire-bb\/#primaryimage"},"thumbnailUrl":"https:\/\/blog.bedandbreakfast.eu\/innkeepers\/wp-content\/uploads\/2017\/12\/Ontbijt_EU.png","datePublished":"2017-12-06T16:13:25+00:00","dateModified":"2017-12-29T11:43:58+00:00","description":"Nei nostri articoli forniamo informazioni riguardanti il Mercato dei B&B, le Dritte giuste per Iniziare e le Esperienze di altri proprietari.","breadcrumb":{"@id":"https:\/\/blog.bedandbreakfast.eu\/innkeepers\/it\/aprire-bb\/#breadcrumb"},"inLanguage":"it-IT","potentialAction":[{"@type":"ReadAction","target":["https:\/\/blog.bedandbreakfast.eu\/innkeepers\/it\/aprire-bb\/"]}]},{"@type":"ImageObject","inLanguage":"it-IT","@id":"https:\/\/blog.bedandbreakfast.eu\/innkeepers\/it\/aprire-bb\/#primaryimage","url":"https:\/\/blog.bedandbreakfast.eu\/innkeepers\/wp-content\/uploads\/2017\/12\/Ontbijt_EU.png","contentUrl":"https:\/\/blog.bedandbreakfast.eu\/innkeepers\/wp-content\/uploads\/2017\/12\/Ontbijt_EU.png"},{"@type":"BreadcrumbList","@id":"https:\/\/blog.bedandbreakfast.eu\/innkeepers\/it\/aprire-bb\/#breadcrumb","itemListElement":[{"@type":"ListItem","position":1,"name":"Home","item":"https:\/\/blog.bedandbreakfast.eu\/innkeepers\/it\/"},{"@type":"ListItem","position":2,"name":"Aprire un B&#038;B"}]},{"@type":"WebSite","@id":"https:\/\/blog.bedandbreakfast.eu\/innkeepers\/it\/#website","url":"https:\/\/blog.bedandbreakfast.eu\/innkeepers\/it\/","name":"Bed and Breakfast Proprietari Blog | Bedandbreakfast.eu","description":"Blog per i proprietari di bed & breakfast e agriturismo, a cura di Bedandbreakfast.eu. Consigli utili, editoriali, workshop e le ultime novit\u00e0 dal mondo dei B&B.","potentialAction":[{"@type":"SearchAction","target":{"@type":"EntryPoint","urlTemplate":"https:\/\/blog.bedandbreakfast.eu\/innkeepers\/it\/?s={search_term_string}"},"query-input":{"@type":"PropertyValueSpecification","valueRequired":true,"valueName":"search_term_string"}}],"inLanguage":"it-IT"}]}},"jetpack_shortlink":"https:\/\/wp.me\/P1XI7S-2ee","jetpack_sharing_enabled":false,"_links":{"self":[{"href":"https:\/\/blog.bedandbreakfast.eu\/innkeepers\/it\/wp-json\/wp\/v2\/pages\/8570","targetHints":{"allow":["GET"]}}],"collection":[{"href":"https:\/\/blog.bedandbreakfast.eu\/innkeepers\/it\/wp-json\/wp\/v2\/pages"}],"about":[{"href":"https:\/\/blog.bedandbreakfast.eu\/innkeepers\/it\/wp-json\/wp\/v2\/types\/page"}],"author":[{"embeddable":true,"href":"https:\/\/blog.bedandbreakfast.eu\/innkeepers\/it\/wp-json\/wp\/v2\/users\/14"}],"replies":[{"embeddable":true,"href":"https:\/\/blog.bedandbreakfast.eu\/innkeepers\/it\/wp-json\/wp\/v2\/comments?post=8570"}],"version-history":[{"count":6,"href":"https:\/\/blog.bedandbreakfast.eu\/innkeepers\/it\/wp-json\/wp\/v2\/pages\/8570\/revisions"}],"predecessor-version":[{"id":9097,"href":"https:\/\/blog.bedandbreakfast.eu\/innkeepers\/it\/wp-json\/wp\/v2\/pages\/8570\/revisions\/9097"}],"wp:attachment":[{"href":"https:\/\/blog.bedandbreakfast.eu\/innkeepers\/it\/wp-json\/wp\/v2\/media?parent=8570"}],"wp:term":[{"taxonomy":"author","embeddable":true,"href":"https:\/\/blog.bedandbreakfast.eu\/innkeepers\/it\/wp-json\/wp\/v2\/coauthors?post=8570"}],"curies":[{"name":"wp","href":"https:\/\/api.w.org\/{rel}","templated":true}]}}