{"id":8560,"date":"2017-12-06T16:14:55","date_gmt":"2017-12-06T16:14:55","guid":{"rendered":"https:\/\/blog.bedandbreakfast.eu\/innkeepers\/more-reservations\/"},"modified":"2025-03-18T15:27:13","modified_gmt":"2025-03-18T15:27:13","slug":"aumentare-le-prenotazioni","status":"publish","type":"page","link":"https:\/\/blog.bedandbreakfast.eu\/innkeepers\/it\/aumentare-le-prenotazioni\/","title":{"rendered":"Maggiore visibilit\u00e0"},"content":{"rendered":"<p><img loading=\"lazy\" decoding=\"async\" class=\"aligncenter size-full wp-image-9049\" src=\"https:\/\/blog.bedandbreakfast.eu\/innkeepers\/wp-content\/uploads\/2017\/12\/Foto_administratie-1.png\" alt=\"Bedandbreakfast.eu; meer reserveringen\" width=\"1200\" height=\"188\" srcset=\"https:\/\/blog.bedandbreakfast.eu\/innkeepers\/wp-content\/uploads\/2017\/12\/Foto_administratie-1.png 1200w, https:\/\/blog.bedandbreakfast.eu\/innkeepers\/wp-content\/uploads\/2017\/12\/Foto_administratie-1-300x47.png 300w, https:\/\/blog.bedandbreakfast.eu\/innkeepers\/wp-content\/uploads\/2017\/12\/Foto_administratie-1-768x120.png 768w, https:\/\/blog.bedandbreakfast.eu\/innkeepers\/wp-content\/uploads\/2017\/12\/Foto_administratie-1-1024x160.png 1024w, https:\/\/blog.bedandbreakfast.eu\/innkeepers\/wp-content\/uploads\/2017\/12\/Foto_administratie-1-810x127.png 810w, https:\/\/blog.bedandbreakfast.eu\/innkeepers\/wp-content\/uploads\/2017\/12\/Foto_administratie-1-1140x179.png 1140w\" sizes=\"auto, (max-width: 1200px) 100vw, 1200px\" \/><\/p>\n<h1><b>Visibilit\u00e0 Globale Online<\/b><\/h1>\n<p><span style=\"font-weight: 400;\">Per qualsiasi B&amp;B \u00e8 fondamentale essere visibile online. Registrando il tuo B&amp;B su Bedandbreakfast.eu, diventer\u00e0 ben visibile sul nostro sito e nei motori di ricerca di tutto il mondo. Il contenuto \u00e8 disponibile in diverse lingue e raggiunge milioni di appassionati di B&amp;B. Risultato: pi\u00f9 prenotazioni e pi\u00f9 profitti! Approfitta ora e diventa un membro.<\/span><\/p>\n","protected":false},"excerpt":{"rendered":"<p>Visibilit\u00e0 Globale Online Per qualsiasi B&amp;B \u00e8 fondamentale essere visibile online. Registrando il tuo B&amp;B su Bedandbreakfast.eu, diventer\u00e0 ben visibile sul nostro sito e nei motori di ricerca di tutto il mondo. Il contenuto \u00e8 disponibile in diverse lingue e raggiunge milioni di appassionati di B&amp;B. Risultato: pi\u00f9 prenotazioni e pi\u00f9 profitti! Approfitta ora e [&hellip;]<\/p>\n","protected":false},"author":14,"featured_media":0,"parent":0,"menu_order":0,"comment_status":"closed","ping_status":"closed","template":"template-modules.php","meta":{"_monsterinsights_skip_tracking":false,"_monsterinsights_sitenote_active":false,"_monsterinsights_sitenote_note":"","_monsterinsights_sitenote_category":0,"footnotes":""},"coauthors":[3176,3232],"class_list":["post-8560","page","type-page","status-publish","hentry"],"yoast_head":"<!-- This site is optimized with the Yoast SEO plugin v27.6 - https:\/\/yoast.com\/product\/yoast-seo-wordpress\/ -->\n<title>Aumentare le Prenotazioni - Proprietari Bed and Breakfast | Blog Bedandbreakfast.eu<\/title>\n<meta name=\"description\" content=\"Per qualsiasi B&amp;B \u00e8 fondamentale essere Visibile online nei Motori di Ricerca di tutto il Mondo. Risultato: pi\u00f9 Prenotazioni e pi\u00f9 Profitti!\" \/>\n<meta name=\"robots\" content=\"index, follow, max-snippet:-1, max-image-preview:large, max-video-preview:-1\" \/>\n<link rel=\"canonical\" href=\"https:\/\/blog.bedandbreakfast.eu\/innkeepers\/it\/aumentare-le-prenotazioni\/\" \/>\n<meta property=\"og:locale\" content=\"it_IT\" \/>\n<meta property=\"og:type\" content=\"article\" \/>\n<meta property=\"og:title\" content=\"Aumentare le Prenotazioni - Proprietari Bed and Breakfast | Blog Bedandbreakfast.eu\" \/>\n<meta property=\"og:description\" content=\"Per qualsiasi B&amp;B \u00e8 fondamentale essere Visibile online nei Motori di Ricerca di tutto il Mondo. Risultato: pi\u00f9 Prenotazioni e pi\u00f9 Profitti!\" \/>\n<meta property=\"og:url\" content=\"https:\/\/blog.bedandbreakfast.eu\/innkeepers\/it\/aumentare-le-prenotazioni\/\" \/>\n<meta property=\"og:site_name\" content=\"Bed and Breakfast Proprietari Blog | Bedandbreakfast.eu\" \/>\n<meta property=\"article:modified_time\" content=\"2025-03-18T15:27:13+00:00\" \/>\n<meta property=\"og:image\" content=\"https:\/\/blog.bedandbreakfast.eu\/innkeepers\/wp-content\/uploads\/2017\/12\/Foto_administratie-1.png\" \/>\n\t<meta property=\"og:image:width\" content=\"1200\" \/>\n\t<meta property=\"og:image:height\" content=\"188\" \/>\n\t<meta property=\"og:image:type\" content=\"image\/png\" \/>\n<meta name=\"twitter:card\" content=\"summary_large_image\" \/>\n<meta name=\"twitter:label1\" content=\"Scritto da\" \/>\n\t<meta name=\"twitter:data1\" content=\"Mark Verhoeven\" \/>\n<script type=\"application\/ld+json\" class=\"yoast-schema-graph\">{\"@context\":\"https:\\\/\\\/schema.org\",\"@graph\":[{\"@type\":\"WebPage\",\"@id\":\"https:\\\/\\\/blog.bedandbreakfast.eu\\\/innkeepers\\\/it\\\/aumentare-le-prenotazioni\\\/\",\"url\":\"https:\\\/\\\/blog.bedandbreakfast.eu\\\/innkeepers\\\/it\\\/aumentare-le-prenotazioni\\\/\",\"name\":\"Aumentare le Prenotazioni - Proprietari Bed and Breakfast | Blog Bedandbreakfast.eu\",\"isPartOf\":{\"@id\":\"https:\\\/\\\/blog.bedandbreakfast.eu\\\/innkeepers\\\/it\\\/#website\"},\"primaryImageOfPage\":{\"@id\":\"https:\\\/\\\/blog.bedandbreakfast.eu\\\/innkeepers\\\/it\\\/aumentare-le-prenotazioni\\\/#primaryimage\"},\"image\":{\"@id\":\"https:\\\/\\\/blog.bedandbreakfast.eu\\\/innkeepers\\\/it\\\/aumentare-le-prenotazioni\\\/#primaryimage\"},\"thumbnailUrl\":\"https:\\\/\\\/blog.bedandbreakfast.eu\\\/innkeepers\\\/wp-content\\\/uploads\\\/2017\\\/12\\\/Foto_administratie-1.png\",\"datePublished\":\"2017-12-06T16:14:55+00:00\",\"dateModified\":\"2025-03-18T15:27:13+00:00\",\"description\":\"Per qualsiasi B&B \u00e8 fondamentale essere Visibile online nei Motori di Ricerca di tutto il Mondo. Risultato: pi\u00f9 Prenotazioni e pi\u00f9 Profitti!\",\"breadcrumb\":{\"@id\":\"https:\\\/\\\/blog.bedandbreakfast.eu\\\/innkeepers\\\/it\\\/aumentare-le-prenotazioni\\\/#breadcrumb\"},\"inLanguage\":\"it-IT\",\"potentialAction\":[{\"@type\":\"ReadAction\",\"target\":[\"https:\\\/\\\/blog.bedandbreakfast.eu\\\/innkeepers\\\/it\\\/aumentare-le-prenotazioni\\\/\"]}]},{\"@type\":\"ImageObject\",\"inLanguage\":\"it-IT\",\"@id\":\"https:\\\/\\\/blog.bedandbreakfast.eu\\\/innkeepers\\\/it\\\/aumentare-le-prenotazioni\\\/#primaryimage\",\"url\":\"https:\\\/\\\/blog.bedandbreakfast.eu\\\/innkeepers\\\/wp-content\\\/uploads\\\/2017\\\/12\\\/Foto_administratie-1.png\",\"contentUrl\":\"https:\\\/\\\/blog.bedandbreakfast.eu\\\/innkeepers\\\/wp-content\\\/uploads\\\/2017\\\/12\\\/Foto_administratie-1.png\"},{\"@type\":\"BreadcrumbList\",\"@id\":\"https:\\\/\\\/blog.bedandbreakfast.eu\\\/innkeepers\\\/it\\\/aumentare-le-prenotazioni\\\/#breadcrumb\",\"itemListElement\":[{\"@type\":\"ListItem\",\"position\":1,\"name\":\"Home\",\"item\":\"https:\\\/\\\/blog.bedandbreakfast.eu\\\/innkeepers\\\/it\\\/\"},{\"@type\":\"ListItem\",\"position\":2,\"name\":\"Maggiore visibilit\u00e0\"}]},{\"@type\":\"WebSite\",\"@id\":\"https:\\\/\\\/blog.bedandbreakfast.eu\\\/innkeepers\\\/it\\\/#website\",\"url\":\"https:\\\/\\\/blog.bedandbreakfast.eu\\\/innkeepers\\\/it\\\/\",\"name\":\"Bed and Breakfast Proprietari Blog | Bedandbreakfast.eu\",\"description\":\"Blog per i proprietari di bed & breakfast e agriturismo, a cura di Bedandbreakfast.eu. Consigli utili, editoriali, workshop e le ultime novit\u00e0 dal mondo dei B&B.\",\"potentialAction\":[{\"@type\":\"SearchAction\",\"target\":{\"@type\":\"EntryPoint\",\"urlTemplate\":\"https:\\\/\\\/blog.bedandbreakfast.eu\\\/innkeepers\\\/it\\\/?s={search_term_string}\"},\"query-input\":{\"@type\":\"PropertyValueSpecification\",\"valueRequired\":true,\"valueName\":\"search_term_string\"}}],\"inLanguage\":\"it-IT\"}]}<\/script>\n<!-- \/ Yoast SEO plugin. -->","yoast_head_json":{"title":"Aumentare le Prenotazioni - Proprietari Bed and Breakfast | Blog Bedandbreakfast.eu","description":"Per qualsiasi B&B \u00e8 fondamentale essere Visibile online nei Motori di Ricerca di tutto il Mondo. Risultato: pi\u00f9 Prenotazioni e pi\u00f9 Profitti!","robots":{"index":"index","follow":"follow","max-snippet":"max-snippet:-1","max-image-preview":"max-image-preview:large","max-video-preview":"max-video-preview:-1"},"canonical":"https:\/\/blog.bedandbreakfast.eu\/innkeepers\/it\/aumentare-le-prenotazioni\/","og_locale":"it_IT","og_type":"article","og_title":"Aumentare le Prenotazioni - Proprietari Bed and Breakfast | Blog Bedandbreakfast.eu","og_description":"Per qualsiasi B&B \u00e8 fondamentale essere Visibile online nei Motori di Ricerca di tutto il Mondo. Risultato: pi\u00f9 Prenotazioni e pi\u00f9 Profitti!","og_url":"https:\/\/blog.bedandbreakfast.eu\/innkeepers\/it\/aumentare-le-prenotazioni\/","og_site_name":"Bed and Breakfast Proprietari Blog | Bedandbreakfast.eu","article_modified_time":"2025-03-18T15:27:13+00:00","og_image":[{"width":1200,"height":188,"url":"https:\/\/blog.bedandbreakfast.eu\/innkeepers\/wp-content\/uploads\/2017\/12\/Foto_administratie-1.png","type":"image\/png"}],"twitter_card":"summary_large_image","twitter_misc":{"Scritto da":"Mark Verhoeven"},"schema":{"@context":"https:\/\/schema.org","@graph":[{"@type":"WebPage","@id":"https:\/\/blog.bedandbreakfast.eu\/innkeepers\/it\/aumentare-le-prenotazioni\/","url":"https:\/\/blog.bedandbreakfast.eu\/innkeepers\/it\/aumentare-le-prenotazioni\/","name":"Aumentare le Prenotazioni - Proprietari Bed and Breakfast | Blog Bedandbreakfast.eu","isPartOf":{"@id":"https:\/\/blog.bedandbreakfast.eu\/innkeepers\/it\/#website"},"primaryImageOfPage":{"@id":"https:\/\/blog.bedandbreakfast.eu\/innkeepers\/it\/aumentare-le-prenotazioni\/#primaryimage"},"image":{"@id":"https:\/\/blog.bedandbreakfast.eu\/innkeepers\/it\/aumentare-le-prenotazioni\/#primaryimage"},"thumbnailUrl":"https:\/\/blog.bedandbreakfast.eu\/innkeepers\/wp-content\/uploads\/2017\/12\/Foto_administratie-1.png","datePublished":"2017-12-06T16:14:55+00:00","dateModified":"2025-03-18T15:27:13+00:00","description":"Per qualsiasi B&B \u00e8 fondamentale essere Visibile online nei Motori di Ricerca di tutto il Mondo. Risultato: pi\u00f9 Prenotazioni e pi\u00f9 Profitti!","breadcrumb":{"@id":"https:\/\/blog.bedandbreakfast.eu\/innkeepers\/it\/aumentare-le-prenotazioni\/#breadcrumb"},"inLanguage":"it-IT","potentialAction":[{"@type":"ReadAction","target":["https:\/\/blog.bedandbreakfast.eu\/innkeepers\/it\/aumentare-le-prenotazioni\/"]}]},{"@type":"ImageObject","inLanguage":"it-IT","@id":"https:\/\/blog.bedandbreakfast.eu\/innkeepers\/it\/aumentare-le-prenotazioni\/#primaryimage","url":"https:\/\/blog.bedandbreakfast.eu\/innkeepers\/wp-content\/uploads\/2017\/12\/Foto_administratie-1.png","contentUrl":"https:\/\/blog.bedandbreakfast.eu\/innkeepers\/wp-content\/uploads\/2017\/12\/Foto_administratie-1.png"},{"@type":"BreadcrumbList","@id":"https:\/\/blog.bedandbreakfast.eu\/innkeepers\/it\/aumentare-le-prenotazioni\/#breadcrumb","itemListElement":[{"@type":"ListItem","position":1,"name":"Home","item":"https:\/\/blog.bedandbreakfast.eu\/innkeepers\/it\/"},{"@type":"ListItem","position":2,"name":"Maggiore visibilit\u00e0"}]},{"@type":"WebSite","@id":"https:\/\/blog.bedandbreakfast.eu\/innkeepers\/it\/#website","url":"https:\/\/blog.bedandbreakfast.eu\/innkeepers\/it\/","name":"Bed and Breakfast Proprietari Blog | Bedandbreakfast.eu","description":"Blog per i proprietari di bed & breakfast e agriturismo, a cura di Bedandbreakfast.eu. Consigli utili, editoriali, workshop e le ultime novit\u00e0 dal mondo dei B&B.","potentialAction":[{"@type":"SearchAction","target":{"@type":"EntryPoint","urlTemplate":"https:\/\/blog.bedandbreakfast.eu\/innkeepers\/it\/?s={search_term_string}"},"query-input":{"@type":"PropertyValueSpecification","valueRequired":true,"valueName":"search_term_string"}}],"inLanguage":"it-IT"}]}},"jetpack_shortlink":"https:\/\/wp.me\/P1XI7S-2e4","jetpack_sharing_enabled":true,"_links":{"self":[{"href":"https:\/\/blog.bedandbreakfast.eu\/innkeepers\/it\/wp-json\/wp\/v2\/pages\/8560","targetHints":{"allow":["GET"]}}],"collection":[{"href":"https:\/\/blog.bedandbreakfast.eu\/innkeepers\/it\/wp-json\/wp\/v2\/pages"}],"about":[{"href":"https:\/\/blog.bedandbreakfast.eu\/innkeepers\/it\/wp-json\/wp\/v2\/types\/page"}],"author":[{"embeddable":true,"href":"https:\/\/blog.bedandbreakfast.eu\/innkeepers\/it\/wp-json\/wp\/v2\/users\/14"}],"replies":[{"embeddable":true,"href":"https:\/\/blog.bedandbreakfast.eu\/innkeepers\/it\/wp-json\/wp\/v2\/comments?post=8560"}],"version-history":[{"count":7,"href":"https:\/\/blog.bedandbreakfast.eu\/innkeepers\/it\/wp-json\/wp\/v2\/pages\/8560\/revisions"}],"predecessor-version":[{"id":21993,"href":"https:\/\/blog.bedandbreakfast.eu\/innkeepers\/it\/wp-json\/wp\/v2\/pages\/8560\/revisions\/21993"}],"wp:attachment":[{"href":"https:\/\/blog.bedandbreakfast.eu\/innkeepers\/it\/wp-json\/wp\/v2\/media?parent=8560"}],"wp:term":[{"taxonomy":"author","embeddable":true,"href":"https:\/\/blog.bedandbreakfast.eu\/innkeepers\/it\/wp-json\/wp\/v2\/coauthors?post=8560"}],"curies":[{"name":"wp","href":"https:\/\/api.w.org\/{rel}","templated":true}]}}