{"id":8568,"date":"2017-12-06T16:13:25","date_gmt":"2017-12-06T16:13:25","guid":{"rendered":"https:\/\/blog.bedandbreakfast.eu\/innkeepers\/start-bb\/"},"modified":"2017-12-29T11:43:12","modified_gmt":"2017-12-29T11:43:12","slug":"ouvrir-chambre-d-hotes","status":"publish","type":"page","link":"https:\/\/blog.bedandbreakfast.eu\/innkeepers\/fr\/ouvrir-chambre-d-hotes\/","title":{"rendered":"Ouvrir une Chambre d&#8217;H\u00f4tes"},"content":{"rendered":"<p><img loading=\"lazy\" decoding=\"async\" class=\"aligncenter size-full wp-image-8774\" src=\"https:\/\/blog.bedandbreakfast.eu\/innkeepers\/wp-content\/uploads\/2017\/12\/Ontbijt_EU.png\" alt=\"Bedandbreakfast.eu; start B&amp;B\" width=\"1200\" height=\"188\" srcset=\"https:\/\/blog.bedandbreakfast.eu\/innkeepers\/wp-content\/uploads\/2017\/12\/Ontbijt_EU.png 1200w, https:\/\/blog.bedandbreakfast.eu\/innkeepers\/wp-content\/uploads\/2017\/12\/Ontbijt_EU-300x47.png 300w, https:\/\/blog.bedandbreakfast.eu\/innkeepers\/wp-content\/uploads\/2017\/12\/Ontbijt_EU-768x120.png 768w, https:\/\/blog.bedandbreakfast.eu\/innkeepers\/wp-content\/uploads\/2017\/12\/Ontbijt_EU-1024x160.png 1024w, https:\/\/blog.bedandbreakfast.eu\/innkeepers\/wp-content\/uploads\/2017\/12\/Ontbijt_EU-810x127.png 810w, https:\/\/blog.bedandbreakfast.eu\/innkeepers\/wp-content\/uploads\/2017\/12\/Ontbijt_EU-1140x179.png 1140w\" sizes=\"auto, (max-width: 1200px) 100vw, 1200px\" \/><\/p>\n<h1><b>Ouvrir une Chambre d\u2019H\u00f4tes<\/b><\/h1>\n<p><span style=\"font-weight: 400;\">Beaucoup de personnes r\u00eavent de cr\u00e9er une chambre d\u2019h\u00f4tes ou un g\u00eete. La cl\u00e9 de la r\u00e9ussite est avant tout d\u2019aimer recevoir des h\u00f4tes. Lorsque vous g\u00e9rez une chambre d\u2019h\u00f4tes vous devez aussi faire face aux diff\u00e9rents aspects de la gestion d\u2019une petite entreprise. Par cons\u00e9quent il est important que vous soyez bien pr\u00e9par\u00e9s. Dans nos articles, nous vous fournissons des informations sur le secteur des chambres d\u2019h\u00f4tes. Vous y trouverez \u00e9galement de bons conseils pour d\u00e9marrer. Les propri\u00e9taires d\u2019autres chambres d\u2019h\u00f4tes partagent avec vous leurs exp\u00e9riences lorsque, comme vous, ils se sont lanc\u00e9s dans l\u2019aventure. <\/span><\/p>\n","protected":false},"excerpt":{"rendered":"<p>Ouvrir une Chambre d\u2019H\u00f4tes Beaucoup de personnes r\u00eavent de cr\u00e9er une chambre d\u2019h\u00f4tes ou un g\u00eete. La cl\u00e9 de la r\u00e9ussite est avant tout d\u2019aimer recevoir des h\u00f4tes. Lorsque vous g\u00e9rez une chambre d\u2019h\u00f4tes vous devez aussi faire face aux diff\u00e9rents aspects de la gestion d\u2019une petite entreprise. Par cons\u00e9quent il est important que vous [&hellip;]<\/p>\n","protected":false},"author":14,"featured_media":0,"parent":0,"menu_order":0,"comment_status":"closed","ping_status":"closed","template":"template-modules.php","meta":{"_monsterinsights_skip_tracking":false,"_monsterinsights_sitenote_active":false,"_monsterinsights_sitenote_note":"","_monsterinsights_sitenote_category":0,"jetpack_post_was_ever_published":false,"footnotes":""},"coauthors":[3176],"class_list":["post-8568","page","type-page","status-publish","hentry"],"yoast_head":"<!-- This site is optimized with the Yoast SEO plugin v26.8 - https:\/\/yoast.com\/product\/yoast-seo-wordpress\/ -->\n<title>Ouvrir une Chambre d&#039;H\u00f4tes - G\u00e9rants de Chambre d&#039;h\u00f4te | Blog Bedandbreakfast.eu<\/title>\n<meta name=\"description\" content=\"Les propri\u00e9taires d\u2019autres chambres d\u2019h\u00f4tes partagent avec vous leurs exp\u00e9riences lorsque, comme vous, ils se sont lanc\u00e9s dans l\u2019aventure.\" \/>\n<meta name=\"robots\" content=\"index, follow, max-snippet:-1, max-image-preview:large, max-video-preview:-1\" \/>\n<link rel=\"canonical\" href=\"https:\/\/blog.bedandbreakfast.eu\/innkeepers\/fr\/ouvrir-chambre-d-hotes\/\" \/>\n<meta property=\"og:locale\" content=\"fr_FR\" \/>\n<meta property=\"og:type\" content=\"article\" \/>\n<meta property=\"og:title\" content=\"Ouvrir une Chambre d&#039;H\u00f4tes - G\u00e9rants de Chambre d&#039;h\u00f4te | Blog Bedandbreakfast.eu\" \/>\n<meta property=\"og:description\" content=\"Les propri\u00e9taires d\u2019autres chambres d\u2019h\u00f4tes partagent avec vous leurs exp\u00e9riences lorsque, comme vous, ils se sont lanc\u00e9s dans l\u2019aventure.\" \/>\n<meta property=\"og:url\" content=\"https:\/\/blog.bedandbreakfast.eu\/innkeepers\/fr\/ouvrir-chambre-d-hotes\/\" \/>\n<meta property=\"og:site_name\" content=\"Chambres d&#039;H\u00f4tes Propri\u00e9taires Blog | Bedandbreakfast.eu\" \/>\n<meta property=\"article:modified_time\" content=\"2017-12-29T11:43:12+00:00\" \/>\n<meta property=\"og:image\" content=\"https:\/\/blog.bedandbreakfast.eu\/innkeepers\/wp-content\/uploads\/2017\/12\/Ontbijt_EU.png\" \/>\n<meta name=\"twitter:card\" content=\"summary_large_image\" \/>\n<meta name=\"twitter:label1\" content=\"Dur\u00e9e de lecture estim\u00e9e\" \/>\n\t<meta name=\"twitter:data1\" content=\"1 minute\" \/>\n\t<meta name=\"twitter:label2\" content=\"Written by\" \/>\n\t<meta name=\"twitter:data2\" content=\"Mark Verhoeven\" \/>\n<script type=\"application\/ld+json\" class=\"yoast-schema-graph\">{\"@context\":\"https:\/\/schema.org\",\"@graph\":[{\"@type\":\"WebPage\",\"@id\":\"https:\/\/blog.bedandbreakfast.eu\/innkeepers\/fr\/ouvrir-chambre-d-hotes\/\",\"url\":\"https:\/\/blog.bedandbreakfast.eu\/innkeepers\/fr\/ouvrir-chambre-d-hotes\/\",\"name\":\"Ouvrir une Chambre d'H\u00f4tes - G\u00e9rants de Chambre d'h\u00f4te | Blog Bedandbreakfast.eu\",\"isPartOf\":{\"@id\":\"https:\/\/blog.bedandbreakfast.eu\/innkeepers\/fr\/#website\"},\"primaryImageOfPage\":{\"@id\":\"https:\/\/blog.bedandbreakfast.eu\/innkeepers\/fr\/ouvrir-chambre-d-hotes\/#primaryimage\"},\"image\":{\"@id\":\"https:\/\/blog.bedandbreakfast.eu\/innkeepers\/fr\/ouvrir-chambre-d-hotes\/#primaryimage\"},\"thumbnailUrl\":\"https:\/\/blog.bedandbreakfast.eu\/innkeepers\/wp-content\/uploads\/2017\/12\/Ontbijt_EU.png\",\"datePublished\":\"2017-12-06T16:13:25+00:00\",\"dateModified\":\"2017-12-29T11:43:12+00:00\",\"description\":\"Les propri\u00e9taires d\u2019autres chambres d\u2019h\u00f4tes partagent avec vous leurs exp\u00e9riences lorsque, comme vous, ils se sont lanc\u00e9s dans l\u2019aventure.\",\"breadcrumb\":{\"@id\":\"https:\/\/blog.bedandbreakfast.eu\/innkeepers\/fr\/ouvrir-chambre-d-hotes\/#breadcrumb\"},\"inLanguage\":\"fr-FR\",\"potentialAction\":[{\"@type\":\"ReadAction\",\"target\":[\"https:\/\/blog.bedandbreakfast.eu\/innkeepers\/fr\/ouvrir-chambre-d-hotes\/\"]}]},{\"@type\":\"ImageObject\",\"inLanguage\":\"fr-FR\",\"@id\":\"https:\/\/blog.bedandbreakfast.eu\/innkeepers\/fr\/ouvrir-chambre-d-hotes\/#primaryimage\",\"url\":\"https:\/\/blog.bedandbreakfast.eu\/innkeepers\/wp-content\/uploads\/2017\/12\/Ontbijt_EU.png\",\"contentUrl\":\"https:\/\/blog.bedandbreakfast.eu\/innkeepers\/wp-content\/uploads\/2017\/12\/Ontbijt_EU.png\"},{\"@type\":\"BreadcrumbList\",\"@id\":\"https:\/\/blog.bedandbreakfast.eu\/innkeepers\/fr\/ouvrir-chambre-d-hotes\/#breadcrumb\",\"itemListElement\":[{\"@type\":\"ListItem\",\"position\":1,\"name\":\"Home\",\"item\":\"https:\/\/blog.bedandbreakfast.eu\/innkeepers\/fr\/\"},{\"@type\":\"ListItem\",\"position\":2,\"name\":\"Ouvrir une Chambre d&#8217;H\u00f4tes\"}]},{\"@type\":\"WebSite\",\"@id\":\"https:\/\/blog.bedandbreakfast.eu\/innkeepers\/fr\/#website\",\"url\":\"https:\/\/blog.bedandbreakfast.eu\/innkeepers\/fr\/\",\"name\":\"Chambres d'H\u00f4tes Propri\u00e9taires Blog | Bedandbreakfast.eu\",\"description\":\"Blog pour les propri\u00e9taires des Chambres d'H\u00f4tes et Bed and Breakfast en Europe par Bedandbreakfast.eu. Conseils utiles de la vie pratique des B&B, des columns, workshops et les derni\u00e8res nouvelles de la branche de B&B. \",\"potentialAction\":[{\"@type\":\"SearchAction\",\"target\":{\"@type\":\"EntryPoint\",\"urlTemplate\":\"https:\/\/blog.bedandbreakfast.eu\/innkeepers\/fr\/?s={search_term_string}\"},\"query-input\":{\"@type\":\"PropertyValueSpecification\",\"valueRequired\":true,\"valueName\":\"search_term_string\"}}],\"inLanguage\":\"fr-FR\"}]}<\/script>\n<!-- \/ Yoast SEO plugin. -->","yoast_head_json":{"title":"Ouvrir une Chambre d'H\u00f4tes - G\u00e9rants de Chambre d'h\u00f4te | Blog Bedandbreakfast.eu","description":"Les propri\u00e9taires d\u2019autres chambres d\u2019h\u00f4tes partagent avec vous leurs exp\u00e9riences lorsque, comme vous, ils se sont lanc\u00e9s dans l\u2019aventure.","robots":{"index":"index","follow":"follow","max-snippet":"max-snippet:-1","max-image-preview":"max-image-preview:large","max-video-preview":"max-video-preview:-1"},"canonical":"https:\/\/blog.bedandbreakfast.eu\/innkeepers\/fr\/ouvrir-chambre-d-hotes\/","og_locale":"fr_FR","og_type":"article","og_title":"Ouvrir une Chambre d'H\u00f4tes - G\u00e9rants de Chambre d'h\u00f4te | Blog Bedandbreakfast.eu","og_description":"Les propri\u00e9taires d\u2019autres chambres d\u2019h\u00f4tes partagent avec vous leurs exp\u00e9riences lorsque, comme vous, ils se sont lanc\u00e9s dans l\u2019aventure.","og_url":"https:\/\/blog.bedandbreakfast.eu\/innkeepers\/fr\/ouvrir-chambre-d-hotes\/","og_site_name":"Chambres d'H\u00f4tes Propri\u00e9taires Blog | Bedandbreakfast.eu","article_modified_time":"2017-12-29T11:43:12+00:00","og_image":[{"url":"https:\/\/blog.bedandbreakfast.eu\/innkeepers\/wp-content\/uploads\/2017\/12\/Ontbijt_EU.png","type":"","width":"","height":""}],"twitter_card":"summary_large_image","twitter_misc":{"Dur\u00e9e de lecture estim\u00e9e":"1 minute","Written by":"Mark Verhoeven"},"schema":{"@context":"https:\/\/schema.org","@graph":[{"@type":"WebPage","@id":"https:\/\/blog.bedandbreakfast.eu\/innkeepers\/fr\/ouvrir-chambre-d-hotes\/","url":"https:\/\/blog.bedandbreakfast.eu\/innkeepers\/fr\/ouvrir-chambre-d-hotes\/","name":"Ouvrir une Chambre d'H\u00f4tes - G\u00e9rants de Chambre d'h\u00f4te | Blog Bedandbreakfast.eu","isPartOf":{"@id":"https:\/\/blog.bedandbreakfast.eu\/innkeepers\/fr\/#website"},"primaryImageOfPage":{"@id":"https:\/\/blog.bedandbreakfast.eu\/innkeepers\/fr\/ouvrir-chambre-d-hotes\/#primaryimage"},"image":{"@id":"https:\/\/blog.bedandbreakfast.eu\/innkeepers\/fr\/ouvrir-chambre-d-hotes\/#primaryimage"},"thumbnailUrl":"https:\/\/blog.bedandbreakfast.eu\/innkeepers\/wp-content\/uploads\/2017\/12\/Ontbijt_EU.png","datePublished":"2017-12-06T16:13:25+00:00","dateModified":"2017-12-29T11:43:12+00:00","description":"Les propri\u00e9taires d\u2019autres chambres d\u2019h\u00f4tes partagent avec vous leurs exp\u00e9riences lorsque, comme vous, ils se sont lanc\u00e9s dans l\u2019aventure.","breadcrumb":{"@id":"https:\/\/blog.bedandbreakfast.eu\/innkeepers\/fr\/ouvrir-chambre-d-hotes\/#breadcrumb"},"inLanguage":"fr-FR","potentialAction":[{"@type":"ReadAction","target":["https:\/\/blog.bedandbreakfast.eu\/innkeepers\/fr\/ouvrir-chambre-d-hotes\/"]}]},{"@type":"ImageObject","inLanguage":"fr-FR","@id":"https:\/\/blog.bedandbreakfast.eu\/innkeepers\/fr\/ouvrir-chambre-d-hotes\/#primaryimage","url":"https:\/\/blog.bedandbreakfast.eu\/innkeepers\/wp-content\/uploads\/2017\/12\/Ontbijt_EU.png","contentUrl":"https:\/\/blog.bedandbreakfast.eu\/innkeepers\/wp-content\/uploads\/2017\/12\/Ontbijt_EU.png"},{"@type":"BreadcrumbList","@id":"https:\/\/blog.bedandbreakfast.eu\/innkeepers\/fr\/ouvrir-chambre-d-hotes\/#breadcrumb","itemListElement":[{"@type":"ListItem","position":1,"name":"Home","item":"https:\/\/blog.bedandbreakfast.eu\/innkeepers\/fr\/"},{"@type":"ListItem","position":2,"name":"Ouvrir une Chambre d&#8217;H\u00f4tes"}]},{"@type":"WebSite","@id":"https:\/\/blog.bedandbreakfast.eu\/innkeepers\/fr\/#website","url":"https:\/\/blog.bedandbreakfast.eu\/innkeepers\/fr\/","name":"Chambres d'H\u00f4tes Propri\u00e9taires Blog | Bedandbreakfast.eu","description":"Blog pour les propri\u00e9taires des Chambres d'H\u00f4tes et Bed and Breakfast en Europe par Bedandbreakfast.eu. Conseils utiles de la vie pratique des B&B, des columns, workshops et les derni\u00e8res nouvelles de la branche de B&B. ","potentialAction":[{"@type":"SearchAction","target":{"@type":"EntryPoint","urlTemplate":"https:\/\/blog.bedandbreakfast.eu\/innkeepers\/fr\/?s={search_term_string}"},"query-input":{"@type":"PropertyValueSpecification","valueRequired":true,"valueName":"search_term_string"}}],"inLanguage":"fr-FR"}]}},"jetpack_shortlink":"https:\/\/wp.me\/P1XI7S-2ec","jetpack_sharing_enabled":false,"_links":{"self":[{"href":"https:\/\/blog.bedandbreakfast.eu\/innkeepers\/fr\/wp-json\/wp\/v2\/pages\/8568","targetHints":{"allow":["GET"]}}],"collection":[{"href":"https:\/\/blog.bedandbreakfast.eu\/innkeepers\/fr\/wp-json\/wp\/v2\/pages"}],"about":[{"href":"https:\/\/blog.bedandbreakfast.eu\/innkeepers\/fr\/wp-json\/wp\/v2\/types\/page"}],"author":[{"embeddable":true,"href":"https:\/\/blog.bedandbreakfast.eu\/innkeepers\/fr\/wp-json\/wp\/v2\/users\/14"}],"replies":[{"embeddable":true,"href":"https:\/\/blog.bedandbreakfast.eu\/innkeepers\/fr\/wp-json\/wp\/v2\/comments?post=8568"}],"version-history":[{"count":10,"href":"https:\/\/blog.bedandbreakfast.eu\/innkeepers\/fr\/wp-json\/wp\/v2\/pages\/8568\/revisions"}],"predecessor-version":[{"id":9095,"href":"https:\/\/blog.bedandbreakfast.eu\/innkeepers\/fr\/wp-json\/wp\/v2\/pages\/8568\/revisions\/9095"}],"wp:attachment":[{"href":"https:\/\/blog.bedandbreakfast.eu\/innkeepers\/fr\/wp-json\/wp\/v2\/media?parent=8568"}],"wp:term":[{"taxonomy":"author","embeddable":true,"href":"https:\/\/blog.bedandbreakfast.eu\/innkeepers\/fr\/wp-json\/wp\/v2\/coauthors?post=8568"}],"curies":[{"name":"wp","href":"https:\/\/api.w.org\/{rel}","templated":true}]}}