{"id":8563,"date":"2017-12-06T16:16:26","date_gmt":"2017-12-06T16:16:26","guid":{"rendered":"https:\/\/blog.bedandbreakfast.eu\/innkeepers\/list-your-bb\/"},"modified":"2025-12-02T16:01:38","modified_gmt":"2025-12-02T16:01:38","slug":"publier-chambre-d-hotes","status":"publish","type":"page","link":"https:\/\/blog.bedandbreakfast.eu\/innkeepers\/fr\/publier-chambre-d-hotes\/","title":{"rendered":"Enregistrer votre h\u00e9bergement"},"content":{"rendered":"<p><img loading=\"lazy\" decoding=\"async\" class=\"alignnone wp-image-22913 size-full\" src=\"https:\/\/blog.bedandbreakfast.eu\/innkeepers\/wp-content\/uploads\/2025\/11\/BBEU-Blog-Innkeepers-register-page-.jpg\" alt=\"\" width=\"1200\" height=\"188\" srcset=\"https:\/\/blog.bedandbreakfast.eu\/innkeepers\/wp-content\/uploads\/2025\/11\/BBEU-Blog-Innkeepers-register-page-.jpg 1200w, https:\/\/blog.bedandbreakfast.eu\/innkeepers\/wp-content\/uploads\/2025\/11\/BBEU-Blog-Innkeepers-register-page--300x47.jpg 300w, https:\/\/blog.bedandbreakfast.eu\/innkeepers\/wp-content\/uploads\/2025\/11\/BBEU-Blog-Innkeepers-register-page--1024x160.jpg 1024w, https:\/\/blog.bedandbreakfast.eu\/innkeepers\/wp-content\/uploads\/2025\/11\/BBEU-Blog-Innkeepers-register-page--768x120.jpg 768w, https:\/\/blog.bedandbreakfast.eu\/innkeepers\/wp-content\/uploads\/2025\/11\/BBEU-Blog-Innkeepers-register-page--810x127.jpg 810w, https:\/\/blog.bedandbreakfast.eu\/innkeepers\/wp-content\/uploads\/2025\/11\/BBEU-Blog-Innkeepers-register-page--1140x179.jpg 1140w\" sizes=\"auto, (max-width: 1200px) 100vw, 1200px\" \/><\/p>\n<h1>R\u00e9f\u00e9rencer votre h\u00e9bergement sur Bedandbreakfast.eu<\/h1>\n<p>\u00cates-vous le fier propri\u00e9taire d\u2019un B&amp;B, d\u2019un appartement, d\u2019une maison de vacances ou d\u2019un autre h\u00e9bergement \u00e0 petite \u00e9chelle\u202f? Inscrivez-vous sur Bedandbreakfast.eu afin que votre \u00e9tablissement soit visible dans le monde entier pour des millions d\u2019amateurs de B&amp;B. Voici nos avantages\u202f:<\/p>\n<ul>\n<li>Un tarif annuel fixe et bas, sans aucune commission par r\u00e9servation<\/li>\n<li>Contr\u00f4le total sur vos r\u00e9servations<\/li>\n<li>R\u00e9f\u00e9rencement optimal sur Google et via les outils d\u2019IA<\/li>\n<li>Outil de r\u00e9servation gratuit<\/li>\n<li>Service personnalis\u00e9<\/li>\n<\/ul>\n<p><strong><a class=\"mks_button mks_button_medium rounded\" href=\"https:\/\/www.bedandbreakfast.eu\/fr\/register\" target=\"_blank\" style=\"color: #FFFFFF; background-color: #e3458c;\" >Publier votre Chambre d&#039;H\u00f4tes<\/a><\/strong><\/p>\n","protected":false},"excerpt":{"rendered":"<p>R\u00e9f\u00e9rencer votre h\u00e9bergement sur Bedandbreakfast.eu \u00cates-vous le fier propri\u00e9taire d\u2019un B&amp;B, d\u2019un appartement, d\u2019une maison de vacances ou d\u2019un autre h\u00e9bergement \u00e0 petite \u00e9chelle\u202f? Inscrivez-vous sur Bedandbreakfast.eu afin que votre \u00e9tablissement soit visible dans le monde entier pour des millions d\u2019amateurs de B&amp;B. Voici nos avantages\u202f: Un tarif annuel fixe et bas, sans aucune commission [&hellip;]<\/p>\n","protected":false},"author":14,"featured_media":0,"parent":0,"menu_order":0,"comment_status":"closed","ping_status":"closed","template":"template-modules.php","meta":{"_monsterinsights_skip_tracking":false,"_monsterinsights_sitenote_active":false,"_monsterinsights_sitenote_note":"","_monsterinsights_sitenote_category":0,"jetpack_post_was_ever_published":false,"footnotes":""},"coauthors":[3230],"class_list":["post-8563","page","type-page","status-publish","hentry"],"yoast_head":"<!-- This site is optimized with the Yoast SEO plugin v27.4 - https:\/\/yoast.com\/product\/yoast-seo-wordpress\/ -->\n<title>Enregistrer votre h\u00e9bergement - Chambres d&#039;H\u00f4tes Propri\u00e9taires Blog | Bedandbreakfast.eu<\/title>\n<meta name=\"description\" content=\"Promouvoir votre chambre d\u2019h\u00f4tes ou votre g\u00eete sur une plateforme de Bed&amp;Breakfast est un passage oblig\u00e9 pour tout propri\u00e9taire de chambre d\u2019h\u00f4tes.\" \/>\n<meta name=\"robots\" content=\"index, follow, max-snippet:-1, max-image-preview:large, max-video-preview:-1\" \/>\n<link rel=\"canonical\" href=\"https:\/\/blog.bedandbreakfast.eu\/innkeepers\/fr\/publier-chambre-d-hotes\/\" \/>\n<meta property=\"og:locale\" content=\"fr_FR\" \/>\n<meta property=\"og:type\" content=\"article\" \/>\n<meta property=\"og:title\" content=\"Enregistrer votre h\u00e9bergement - Chambres d&#039;H\u00f4tes Propri\u00e9taires Blog | Bedandbreakfast.eu\" \/>\n<meta property=\"og:description\" content=\"Promouvoir votre chambre d\u2019h\u00f4tes ou votre g\u00eete sur une plateforme de Bed&amp;Breakfast est un passage oblig\u00e9 pour tout propri\u00e9taire de chambre d\u2019h\u00f4tes.\" \/>\n<meta property=\"og:url\" content=\"https:\/\/blog.bedandbreakfast.eu\/innkeepers\/fr\/publier-chambre-d-hotes\/\" \/>\n<meta property=\"og:site_name\" content=\"Chambres d&#039;H\u00f4tes Propri\u00e9taires Blog | Bedandbreakfast.eu\" \/>\n<meta property=\"article:modified_time\" content=\"2025-12-02T16:01:38+00:00\" \/>\n<meta property=\"og:image\" content=\"https:\/\/blog.bedandbreakfast.eu\/innkeepers\/wp-content\/uploads\/2025\/11\/BBEU-Blog-Innkeepers-register-page-.jpg\" \/>\n\t<meta property=\"og:image:width\" content=\"1200\" \/>\n\t<meta property=\"og:image:height\" content=\"188\" \/>\n\t<meta property=\"og:image:type\" content=\"image\/jpeg\" \/>\n<meta name=\"twitter:card\" content=\"summary_large_image\" \/>\n<meta name=\"twitter:label1\" content=\"Dur\u00e9e de lecture estim\u00e9e\" \/>\n\t<meta name=\"twitter:data1\" content=\"1 minute\" \/>\n<script type=\"application\/ld+json\" class=\"yoast-schema-graph\">{\"@context\":\"https:\\\/\\\/schema.org\",\"@graph\":[{\"@type\":\"WebPage\",\"@id\":\"https:\\\/\\\/blog.bedandbreakfast.eu\\\/innkeepers\\\/fr\\\/publier-chambre-d-hotes\\\/\",\"url\":\"https:\\\/\\\/blog.bedandbreakfast.eu\\\/innkeepers\\\/fr\\\/publier-chambre-d-hotes\\\/\",\"name\":\"Enregistrer votre h\u00e9bergement - Chambres d'H\u00f4tes Propri\u00e9taires Blog | Bedandbreakfast.eu\",\"isPartOf\":{\"@id\":\"https:\\\/\\\/blog.bedandbreakfast.eu\\\/innkeepers\\\/fr\\\/#website\"},\"primaryImageOfPage\":{\"@id\":\"https:\\\/\\\/blog.bedandbreakfast.eu\\\/innkeepers\\\/fr\\\/publier-chambre-d-hotes\\\/#primaryimage\"},\"image\":{\"@id\":\"https:\\\/\\\/blog.bedandbreakfast.eu\\\/innkeepers\\\/fr\\\/publier-chambre-d-hotes\\\/#primaryimage\"},\"thumbnailUrl\":\"https:\\\/\\\/blog.bedandbreakfast.eu\\\/innkeepers\\\/wp-content\\\/uploads\\\/2025\\\/11\\\/BBEU-Blog-Innkeepers-register-page-.jpg\",\"datePublished\":\"2017-12-06T16:16:26+00:00\",\"dateModified\":\"2025-12-02T16:01:38+00:00\",\"description\":\"Promouvoir votre chambre d\u2019h\u00f4tes ou votre g\u00eete sur une plateforme de Bed&Breakfast est un passage oblig\u00e9 pour tout propri\u00e9taire de chambre d\u2019h\u00f4tes.\",\"breadcrumb\":{\"@id\":\"https:\\\/\\\/blog.bedandbreakfast.eu\\\/innkeepers\\\/fr\\\/publier-chambre-d-hotes\\\/#breadcrumb\"},\"inLanguage\":\"fr-FR\",\"potentialAction\":[{\"@type\":\"ReadAction\",\"target\":[\"https:\\\/\\\/blog.bedandbreakfast.eu\\\/innkeepers\\\/fr\\\/publier-chambre-d-hotes\\\/\"]}]},{\"@type\":\"ImageObject\",\"inLanguage\":\"fr-FR\",\"@id\":\"https:\\\/\\\/blog.bedandbreakfast.eu\\\/innkeepers\\\/fr\\\/publier-chambre-d-hotes\\\/#primaryimage\",\"url\":\"https:\\\/\\\/blog.bedandbreakfast.eu\\\/innkeepers\\\/wp-content\\\/uploads\\\/2025\\\/11\\\/BBEU-Blog-Innkeepers-register-page-.jpg\",\"contentUrl\":\"https:\\\/\\\/blog.bedandbreakfast.eu\\\/innkeepers\\\/wp-content\\\/uploads\\\/2025\\\/11\\\/BBEU-Blog-Innkeepers-register-page-.jpg\"},{\"@type\":\"BreadcrumbList\",\"@id\":\"https:\\\/\\\/blog.bedandbreakfast.eu\\\/innkeepers\\\/fr\\\/publier-chambre-d-hotes\\\/#breadcrumb\",\"itemListElement\":[{\"@type\":\"ListItem\",\"position\":1,\"name\":\"Home\",\"item\":\"https:\\\/\\\/blog.bedandbreakfast.eu\\\/innkeepers\\\/fr\\\/\"},{\"@type\":\"ListItem\",\"position\":2,\"name\":\"Enregistrer votre h\u00e9bergement\"}]},{\"@type\":\"WebSite\",\"@id\":\"https:\\\/\\\/blog.bedandbreakfast.eu\\\/innkeepers\\\/fr\\\/#website\",\"url\":\"https:\\\/\\\/blog.bedandbreakfast.eu\\\/innkeepers\\\/fr\\\/\",\"name\":\"Chambres d'H\u00f4tes Propri\u00e9taires Blog | Bedandbreakfast.eu\",\"description\":\"Blog pour les propri\u00e9taires des Chambres d'H\u00f4tes et Bed and Breakfast en Europe par Bedandbreakfast.eu. Conseils utiles de la vie pratique des B&B, des columns, workshops et les derni\u00e8res nouvelles de la branche de B&B. \",\"potentialAction\":[{\"@type\":\"SearchAction\",\"target\":{\"@type\":\"EntryPoint\",\"urlTemplate\":\"https:\\\/\\\/blog.bedandbreakfast.eu\\\/innkeepers\\\/fr\\\/?s={search_term_string}\"},\"query-input\":{\"@type\":\"PropertyValueSpecification\",\"valueRequired\":true,\"valueName\":\"search_term_string\"}}],\"inLanguage\":\"fr-FR\"}]}<\/script>\n<!-- \/ Yoast SEO plugin. -->","yoast_head_json":{"title":"Enregistrer votre h\u00e9bergement - Chambres d'H\u00f4tes Propri\u00e9taires Blog | Bedandbreakfast.eu","description":"Promouvoir votre chambre d\u2019h\u00f4tes ou votre g\u00eete sur une plateforme de Bed&Breakfast est un passage oblig\u00e9 pour tout propri\u00e9taire de chambre d\u2019h\u00f4tes.","robots":{"index":"index","follow":"follow","max-snippet":"max-snippet:-1","max-image-preview":"max-image-preview:large","max-video-preview":"max-video-preview:-1"},"canonical":"https:\/\/blog.bedandbreakfast.eu\/innkeepers\/fr\/publier-chambre-d-hotes\/","og_locale":"fr_FR","og_type":"article","og_title":"Enregistrer votre h\u00e9bergement - Chambres d'H\u00f4tes Propri\u00e9taires Blog | Bedandbreakfast.eu","og_description":"Promouvoir votre chambre d\u2019h\u00f4tes ou votre g\u00eete sur une plateforme de Bed&Breakfast est un passage oblig\u00e9 pour tout propri\u00e9taire de chambre d\u2019h\u00f4tes.","og_url":"https:\/\/blog.bedandbreakfast.eu\/innkeepers\/fr\/publier-chambre-d-hotes\/","og_site_name":"Chambres d'H\u00f4tes Propri\u00e9taires Blog | Bedandbreakfast.eu","article_modified_time":"2025-12-02T16:01:38+00:00","og_image":[{"width":1200,"height":188,"url":"https:\/\/blog.bedandbreakfast.eu\/innkeepers\/wp-content\/uploads\/2025\/11\/BBEU-Blog-Innkeepers-register-page-.jpg","type":"image\/jpeg"}],"twitter_card":"summary_large_image","twitter_misc":{"Dur\u00e9e de lecture estim\u00e9e":"1 minute"},"schema":{"@context":"https:\/\/schema.org","@graph":[{"@type":"WebPage","@id":"https:\/\/blog.bedandbreakfast.eu\/innkeepers\/fr\/publier-chambre-d-hotes\/","url":"https:\/\/blog.bedandbreakfast.eu\/innkeepers\/fr\/publier-chambre-d-hotes\/","name":"Enregistrer votre h\u00e9bergement - Chambres d'H\u00f4tes Propri\u00e9taires Blog | Bedandbreakfast.eu","isPartOf":{"@id":"https:\/\/blog.bedandbreakfast.eu\/innkeepers\/fr\/#website"},"primaryImageOfPage":{"@id":"https:\/\/blog.bedandbreakfast.eu\/innkeepers\/fr\/publier-chambre-d-hotes\/#primaryimage"},"image":{"@id":"https:\/\/blog.bedandbreakfast.eu\/innkeepers\/fr\/publier-chambre-d-hotes\/#primaryimage"},"thumbnailUrl":"https:\/\/blog.bedandbreakfast.eu\/innkeepers\/wp-content\/uploads\/2025\/11\/BBEU-Blog-Innkeepers-register-page-.jpg","datePublished":"2017-12-06T16:16:26+00:00","dateModified":"2025-12-02T16:01:38+00:00","description":"Promouvoir votre chambre d\u2019h\u00f4tes ou votre g\u00eete sur une plateforme de Bed&Breakfast est un passage oblig\u00e9 pour tout propri\u00e9taire de chambre d\u2019h\u00f4tes.","breadcrumb":{"@id":"https:\/\/blog.bedandbreakfast.eu\/innkeepers\/fr\/publier-chambre-d-hotes\/#breadcrumb"},"inLanguage":"fr-FR","potentialAction":[{"@type":"ReadAction","target":["https:\/\/blog.bedandbreakfast.eu\/innkeepers\/fr\/publier-chambre-d-hotes\/"]}]},{"@type":"ImageObject","inLanguage":"fr-FR","@id":"https:\/\/blog.bedandbreakfast.eu\/innkeepers\/fr\/publier-chambre-d-hotes\/#primaryimage","url":"https:\/\/blog.bedandbreakfast.eu\/innkeepers\/wp-content\/uploads\/2025\/11\/BBEU-Blog-Innkeepers-register-page-.jpg","contentUrl":"https:\/\/blog.bedandbreakfast.eu\/innkeepers\/wp-content\/uploads\/2025\/11\/BBEU-Blog-Innkeepers-register-page-.jpg"},{"@type":"BreadcrumbList","@id":"https:\/\/blog.bedandbreakfast.eu\/innkeepers\/fr\/publier-chambre-d-hotes\/#breadcrumb","itemListElement":[{"@type":"ListItem","position":1,"name":"Home","item":"https:\/\/blog.bedandbreakfast.eu\/innkeepers\/fr\/"},{"@type":"ListItem","position":2,"name":"Enregistrer votre h\u00e9bergement"}]},{"@type":"WebSite","@id":"https:\/\/blog.bedandbreakfast.eu\/innkeepers\/fr\/#website","url":"https:\/\/blog.bedandbreakfast.eu\/innkeepers\/fr\/","name":"Chambres d'H\u00f4tes Propri\u00e9taires Blog | Bedandbreakfast.eu","description":"Blog pour les propri\u00e9taires des Chambres d'H\u00f4tes et Bed and Breakfast en Europe par Bedandbreakfast.eu. Conseils utiles de la vie pratique des B&B, des columns, workshops et les derni\u00e8res nouvelles de la branche de B&B. ","potentialAction":[{"@type":"SearchAction","target":{"@type":"EntryPoint","urlTemplate":"https:\/\/blog.bedandbreakfast.eu\/innkeepers\/fr\/?s={search_term_string}"},"query-input":{"@type":"PropertyValueSpecification","valueRequired":true,"valueName":"search_term_string"}}],"inLanguage":"fr-FR"}]}},"jetpack_shortlink":"https:\/\/wp.me\/P1XI7S-2e7","jetpack_sharing_enabled":true,"_links":{"self":[{"href":"https:\/\/blog.bedandbreakfast.eu\/innkeepers\/fr\/wp-json\/wp\/v2\/pages\/8563","targetHints":{"allow":["GET"]}}],"collection":[{"href":"https:\/\/blog.bedandbreakfast.eu\/innkeepers\/fr\/wp-json\/wp\/v2\/pages"}],"about":[{"href":"https:\/\/blog.bedandbreakfast.eu\/innkeepers\/fr\/wp-json\/wp\/v2\/types\/page"}],"author":[{"embeddable":true,"href":"https:\/\/blog.bedandbreakfast.eu\/innkeepers\/fr\/wp-json\/wp\/v2\/users\/14"}],"replies":[{"embeddable":true,"href":"https:\/\/blog.bedandbreakfast.eu\/innkeepers\/fr\/wp-json\/wp\/v2\/comments?post=8563"}],"version-history":[{"count":21,"href":"https:\/\/blog.bedandbreakfast.eu\/innkeepers\/fr\/wp-json\/wp\/v2\/pages\/8563\/revisions"}],"predecessor-version":[{"id":22955,"href":"https:\/\/blog.bedandbreakfast.eu\/innkeepers\/fr\/wp-json\/wp\/v2\/pages\/8563\/revisions\/22955"}],"wp:attachment":[{"href":"https:\/\/blog.bedandbreakfast.eu\/innkeepers\/fr\/wp-json\/wp\/v2\/media?parent=8563"}],"wp:term":[{"taxonomy":"author","embeddable":true,"href":"https:\/\/blog.bedandbreakfast.eu\/innkeepers\/fr\/wp-json\/wp\/v2\/coauthors?post=8563"}],"curies":[{"name":"wp","href":"https:\/\/api.w.org\/{rel}","templated":true}]}}