{"id":8558,"date":"2017-12-06T16:14:55","date_gmt":"2017-12-06T16:14:55","guid":{"rendered":"https:\/\/blog.bedandbreakfast.eu\/innkeepers\/more-reservations\/"},"modified":"2017-12-29T11:48:01","modified_gmt":"2017-12-29T11:48:01","slug":"plus-de-reservations","status":"publish","type":"page","link":"https:\/\/blog.bedandbreakfast.eu\/innkeepers\/fr\/plus-de-reservations\/","title":{"rendered":"Optimiser vos R\u00e9servations"},"content":{"rendered":"<p><img loading=\"lazy\" decoding=\"async\" class=\"aligncenter size-full wp-image-9049\" src=\"https://blog.bedandbreakfast.eu/innkeepers\/wp-content\/uploads\/2017\/12\/Foto_administratie-1.png\" alt=\"Bedandbreakfast.eu; meer reserveringen\" width=\"1200\" height=\"188\" srcset=\"https:\/\/blog.bedandbreakfast.eu\/innkeepers\/wp-content\/uploads\/2017\/12\/Foto_administratie-1.png 1200w, https:\/\/blog.bedandbreakfast.eu\/innkeepers\/wp-content\/uploads\/2017\/12\/Foto_administratie-1-300x47.png 300w, https:\/\/blog.bedandbreakfast.eu\/innkeepers\/wp-content\/uploads\/2017\/12\/Foto_administratie-1-768x120.png 768w, https:\/\/blog.bedandbreakfast.eu\/innkeepers\/wp-content\/uploads\/2017\/12\/Foto_administratie-1-1024x160.png 1024w, https:\/\/blog.bedandbreakfast.eu\/innkeepers\/wp-content\/uploads\/2017\/12\/Foto_administratie-1-810x127.png 810w, https:\/\/blog.bedandbreakfast.eu\/innkeepers\/wp-content\/uploads\/2017\/12\/Foto_administratie-1-1140x179.png 1140w\" sizes=\"auto, (max-width: 1200px) 100vw, 1200px\" \/><\/p>\n<h1><b>Optimiser vos R\u00e9servations par une Visibilit\u00e9 Mondiale<\/b><\/h1>\n<p><span style=\"font-weight: 400;\">Il est important que votre chambre d\u2019h\u00f4tes soit visible en ligne. Un excellent positionnement dans les r\u00e9sultats de moteurs de recherche influence \u00e9norm\u00e9ment le rendement de votre chambre d\u2019h\u00f4tes. Les consommateurs comparent les offres et s\u2019orientent de plus en plus via des sites sp\u00e9cialis\u00e9s de chambres d\u2019h\u00f4tes et de locations. Cr\u00e9er votre annonce sur Bedandbreakfast.eu vous permet d\u2019\u00eatre trouv\u00e9 par une client\u00e8le internationale. Le site est disponible en plusieurs langues et permet de toucher des millions de clients \u00e0 travers le monde, tous \u00e0 la recherche de la meilleure chambre d\u2019h\u00f4tes. \u00a0R\u00e9sultat : plus de r\u00e9servations et plus de profit!<\/span><\/p>\n","protected":false},"excerpt":{"rendered":"<p>Optimiser vos R\u00e9servations par une Visibilit\u00e9 Mondiale Il est important que votre chambre d\u2019h\u00f4tes soit visible en ligne. Un excellent positionnement dans les r\u00e9sultats de moteurs de recherche influence \u00e9norm\u00e9ment le rendement de votre chambre d\u2019h\u00f4tes. Les consommateurs comparent les offres et s\u2019orientent de plus en plus via des sites sp\u00e9cialis\u00e9s de chambres d\u2019h\u00f4tes et [&hellip;]<\/p>\n","protected":false},"author":14,"featured_media":0,"parent":0,"menu_order":0,"comment_status":"closed","ping_status":"closed","template":"template-modules.php","meta":{"_monsterinsights_skip_tracking":false,"_monsterinsights_sitenote_active":false,"_monsterinsights_sitenote_note":"","_monsterinsights_sitenote_category":0,"jetpack_post_was_ever_published":false,"footnotes":""},"coauthors":[3176],"class_list":["post-8558","page","type-page","status-publish","hentry"],"yoast_head":"<!-- This site is optimized with the Yoast SEO plugin v27.3 - https:\/\/yoast.com\/product\/yoast-seo-wordpress\/ -->\n<title>Optimiser vos R\u00e9servations - Chambres d&#039;H\u00f4tes Propri\u00e9taires Blog | Bedandbreakfast.eu<\/title>\n<meta name=\"description\" content=\"Il est important que votre chambre d\u2019h\u00f4tes soit Visible en ligne. R\u00e9sultat : plus de R\u00e9servations et plus de Profit!\" \/>\n<meta name=\"robots\" content=\"index, follow, max-snippet:-1, max-image-preview:large, max-video-preview:-1\" \/>\n<link rel=\"canonical\" href=\"https:\/\/blog.bedandbreakfast.eu\/innkeepers\/fr\/plus-de-reservations\/\" \/>\n<meta property=\"og:locale\" content=\"fr_FR\" \/>\n<meta property=\"og:type\" content=\"article\" \/>\n<meta property=\"og:title\" content=\"Optimiser vos R\u00e9servations - Chambres d&#039;H\u00f4tes Propri\u00e9taires Blog | Bedandbreakfast.eu\" \/>\n<meta property=\"og:description\" content=\"Il est important que votre chambre d\u2019h\u00f4tes soit Visible en ligne. R\u00e9sultat : plus de R\u00e9servations et plus de Profit!\" \/>\n<meta property=\"og:url\" content=\"https:\/\/blog.bedandbreakfast.eu\/innkeepers\/fr\/plus-de-reservations\/\" \/>\n<meta property=\"og:site_name\" content=\"Chambres d&#039;H\u00f4tes Propri\u00e9taires Blog | Bedandbreakfast.eu\" \/>\n<meta property=\"article:modified_time\" content=\"2017-12-29T11:48:01+00:00\" \/>\n<meta property=\"og:image\" content=\"https://blog.bedandbreakfast.eu/innkeepers\/wp-content\/uploads\/2017\/12\/Foto_administratie-1.png\" \/>\n<meta name=\"twitter:card\" content=\"summary_large_image\" \/>\n<meta name=\"twitter:label1\" content=\"Dur\u00e9e de lecture estim\u00e9e\" \/>\n\t<meta name=\"twitter:data1\" content=\"1 minute\" \/>\n\t<meta name=\"twitter:label2\" content=\"Written by\" \/>\n\t<meta name=\"twitter:data2\" content=\"Mark Verhoeven\" \/>\n<script type=\"application\/ld+json\" class=\"yoast-schema-graph\">{\"@context\":\"https:\\\/\\\/schema.org\",\"@graph\":[{\"@type\":\"WebPage\",\"@id\":\"https:\\\/\\\/blog.bedandbreakfast.eu\\\/innkeepers\\\/fr\\\/plus-de-reservations\\\/\",\"url\":\"https:\\\/\\\/blog.bedandbreakfast.eu\\\/innkeepers\\\/fr\\\/plus-de-reservations\\\/\",\"name\":\"Optimiser vos R\u00e9servations - Chambres d'H\u00f4tes Propri\u00e9taires Blog | Bedandbreakfast.eu\",\"isPartOf\":{\"@id\":\"https:\\\/\\\/blog.bedandbreakfast.eu\\\/innkeepers\\\/fr\\\/#website\"},\"primaryImageOfPage\":{\"@id\":\"https:\\\/\\\/blog.bedandbreakfast.eu\\\/innkeepers\\\/fr\\\/plus-de-reservations\\\/#primaryimage\"},\"image\":{\"@id\":\"https:\\\/\\\/blog.bedandbreakfast.eu\\\/innkeepers\\\/fr\\\/plus-de-reservations\\\/#primaryimage\"},\"thumbnailUrl\":\"https:\\\/\\\/www.bedandbreakfast.eu\\\/blog\\\/innkeepers\\\/wp-content\\\/uploads\\\/2017\\\/12\\\/Foto_administratie-1.png\",\"datePublished\":\"2017-12-06T16:14:55+00:00\",\"dateModified\":\"2017-12-29T11:48:01+00:00\",\"description\":\"Il est important que votre chambre d\u2019h\u00f4tes soit Visible en ligne. R\u00e9sultat : plus de R\u00e9servations et plus de Profit!\",\"breadcrumb\":{\"@id\":\"https:\\\/\\\/blog.bedandbreakfast.eu\\\/innkeepers\\\/fr\\\/plus-de-reservations\\\/#breadcrumb\"},\"inLanguage\":\"fr-FR\",\"potentialAction\":[{\"@type\":\"ReadAction\",\"target\":[\"https:\\\/\\\/blog.bedandbreakfast.eu\\\/innkeepers\\\/fr\\\/plus-de-reservations\\\/\"]}]},{\"@type\":\"ImageObject\",\"inLanguage\":\"fr-FR\",\"@id\":\"https:\\\/\\\/blog.bedandbreakfast.eu\\\/innkeepers\\\/fr\\\/plus-de-reservations\\\/#primaryimage\",\"url\":\"https:\\\/\\\/www.bedandbreakfast.eu\\\/blog\\\/innkeepers\\\/wp-content\\\/uploads\\\/2017\\\/12\\\/Foto_administratie-1.png\",\"contentUrl\":\"https:\\\/\\\/www.bedandbreakfast.eu\\\/blog\\\/innkeepers\\\/wp-content\\\/uploads\\\/2017\\\/12\\\/Foto_administratie-1.png\"},{\"@type\":\"BreadcrumbList\",\"@id\":\"https:\\\/\\\/blog.bedandbreakfast.eu\\\/innkeepers\\\/fr\\\/plus-de-reservations\\\/#breadcrumb\",\"itemListElement\":[{\"@type\":\"ListItem\",\"position\":1,\"name\":\"Home\",\"item\":\"https:\\\/\\\/blog.bedandbreakfast.eu\\\/innkeepers\\\/fr\\\/\"},{\"@type\":\"ListItem\",\"position\":2,\"name\":\"Optimiser vos R\u00e9servations\"}]},{\"@type\":\"WebSite\",\"@id\":\"https:\\\/\\\/blog.bedandbreakfast.eu\\\/innkeepers\\\/fr\\\/#website\",\"url\":\"https:\\\/\\\/blog.bedandbreakfast.eu\\\/innkeepers\\\/fr\\\/\",\"name\":\"Chambres d'H\u00f4tes Propri\u00e9taires Blog | Bedandbreakfast.eu\",\"description\":\"Blog pour les propri\u00e9taires des Chambres d'H\u00f4tes et Bed and Breakfast en Europe par Bedandbreakfast.eu. Conseils utiles de la vie pratique des B&B, des columns, workshops et les derni\u00e8res nouvelles de la branche de B&B. \",\"potentialAction\":[{\"@type\":\"SearchAction\",\"target\":{\"@type\":\"EntryPoint\",\"urlTemplate\":\"https:\\\/\\\/blog.bedandbreakfast.eu\\\/innkeepers\\\/fr\\\/?s={search_term_string}\"},\"query-input\":{\"@type\":\"PropertyValueSpecification\",\"valueRequired\":true,\"valueName\":\"search_term_string\"}}],\"inLanguage\":\"fr-FR\"}]}<\/script>\n<!-- \/ Yoast SEO plugin. -->","yoast_head_json":{"title":"Optimiser vos R\u00e9servations - Chambres d'H\u00f4tes Propri\u00e9taires Blog | Bedandbreakfast.eu","description":"Il est important que votre chambre d\u2019h\u00f4tes soit Visible en ligne. R\u00e9sultat : plus de R\u00e9servations et plus de Profit!","robots":{"index":"index","follow":"follow","max-snippet":"max-snippet:-1","max-image-preview":"max-image-preview:large","max-video-preview":"max-video-preview:-1"},"canonical":"https:\/\/blog.bedandbreakfast.eu\/innkeepers\/fr\/plus-de-reservations\/","og_locale":"fr_FR","og_type":"article","og_title":"Optimiser vos R\u00e9servations - Chambres d'H\u00f4tes Propri\u00e9taires Blog | Bedandbreakfast.eu","og_description":"Il est important que votre chambre d\u2019h\u00f4tes soit Visible en ligne. R\u00e9sultat : plus de R\u00e9servations et plus de Profit!","og_url":"https:\/\/blog.bedandbreakfast.eu\/innkeepers\/fr\/plus-de-reservations\/","og_site_name":"Chambres d'H\u00f4tes Propri\u00e9taires Blog | Bedandbreakfast.eu","article_modified_time":"2017-12-29T11:48:01+00:00","og_image":[{"url":"https://blog.bedandbreakfast.eu/innkeepers\/wp-content\/uploads\/2017\/12\/Foto_administratie-1.png","type":"","width":"","height":""}],"twitter_card":"summary_large_image","twitter_misc":{"Dur\u00e9e de lecture estim\u00e9e":"1 minute","Written by":"Mark Verhoeven"},"schema":{"@context":"https:\/\/schema.org","@graph":[{"@type":"WebPage","@id":"https:\/\/blog.bedandbreakfast.eu\/innkeepers\/fr\/plus-de-reservations\/","url":"https:\/\/blog.bedandbreakfast.eu\/innkeepers\/fr\/plus-de-reservations\/","name":"Optimiser vos R\u00e9servations - Chambres d'H\u00f4tes Propri\u00e9taires Blog | Bedandbreakfast.eu","isPartOf":{"@id":"https:\/\/blog.bedandbreakfast.eu\/innkeepers\/fr\/#website"},"primaryImageOfPage":{"@id":"https:\/\/blog.bedandbreakfast.eu\/innkeepers\/fr\/plus-de-reservations\/#primaryimage"},"image":{"@id":"https:\/\/blog.bedandbreakfast.eu\/innkeepers\/fr\/plus-de-reservations\/#primaryimage"},"thumbnailUrl":"https://blog.bedandbreakfast.eu/innkeepers\/wp-content\/uploads\/2017\/12\/Foto_administratie-1.png","datePublished":"2017-12-06T16:14:55+00:00","dateModified":"2017-12-29T11:48:01+00:00","description":"Il est important que votre chambre d\u2019h\u00f4tes soit Visible en ligne. R\u00e9sultat : plus de R\u00e9servations et plus de Profit!","breadcrumb":{"@id":"https:\/\/blog.bedandbreakfast.eu\/innkeepers\/fr\/plus-de-reservations\/#breadcrumb"},"inLanguage":"fr-FR","potentialAction":[{"@type":"ReadAction","target":["https:\/\/blog.bedandbreakfast.eu\/innkeepers\/fr\/plus-de-reservations\/"]}]},{"@type":"ImageObject","inLanguage":"fr-FR","@id":"https:\/\/blog.bedandbreakfast.eu\/innkeepers\/fr\/plus-de-reservations\/#primaryimage","url":"https://blog.bedandbreakfast.eu/innkeepers\/wp-content\/uploads\/2017\/12\/Foto_administratie-1.png","contentUrl":"https://blog.bedandbreakfast.eu/innkeepers\/wp-content\/uploads\/2017\/12\/Foto_administratie-1.png"},{"@type":"BreadcrumbList","@id":"https:\/\/blog.bedandbreakfast.eu\/innkeepers\/fr\/plus-de-reservations\/#breadcrumb","itemListElement":[{"@type":"ListItem","position":1,"name":"Home","item":"https:\/\/blog.bedandbreakfast.eu\/innkeepers\/fr\/"},{"@type":"ListItem","position":2,"name":"Optimiser vos R\u00e9servations"}]},{"@type":"WebSite","@id":"https:\/\/blog.bedandbreakfast.eu\/innkeepers\/fr\/#website","url":"https:\/\/blog.bedandbreakfast.eu\/innkeepers\/fr\/","name":"Chambres d'H\u00f4tes Propri\u00e9taires Blog | Bedandbreakfast.eu","description":"Blog pour les propri\u00e9taires des Chambres d'H\u00f4tes et Bed and Breakfast en Europe par Bedandbreakfast.eu. Conseils utiles de la vie pratique des B&B, des columns, workshops et les derni\u00e8res nouvelles de la branche de B&B. ","potentialAction":[{"@type":"SearchAction","target":{"@type":"EntryPoint","urlTemplate":"https:\/\/blog.bedandbreakfast.eu\/innkeepers\/fr\/?s={search_term_string}"},"query-input":{"@type":"PropertyValueSpecification","valueRequired":true,"valueName":"search_term_string"}}],"inLanguage":"fr-FR"}]}},"jetpack_shortlink":"https:\/\/wp.me\/P1XI7S-2e2","jetpack_sharing_enabled":true,"_links":{"self":[{"href":"https:\/\/blog.bedandbreakfast.eu\/innkeepers\/fr\/wp-json\/wp\/v2\/pages\/8558","targetHints":{"allow":["GET"]}}],"collection":[{"href":"https:\/\/blog.bedandbreakfast.eu\/innkeepers\/fr\/wp-json\/wp\/v2\/pages"}],"about":[{"href":"https:\/\/blog.bedandbreakfast.eu\/innkeepers\/fr\/wp-json\/wp\/v2\/types\/page"}],"author":[{"embeddable":true,"href":"https:\/\/blog.bedandbreakfast.eu\/innkeepers\/fr\/wp-json\/wp\/v2\/users\/14"}],"replies":[{"embeddable":true,"href":"https:\/\/blog.bedandbreakfast.eu\/innkeepers\/fr\/wp-json\/wp\/v2\/comments?post=8558"}],"version-history":[{"count":8,"href":"https:\/\/blog.bedandbreakfast.eu\/innkeepers\/fr\/wp-json\/wp\/v2\/pages\/8558\/revisions"}],"predecessor-version":[{"id":9106,"href":"https:\/\/blog.bedandbreakfast.eu\/innkeepers\/fr\/wp-json\/wp\/v2\/pages\/8558\/revisions\/9106"}],"wp:attachment":[{"href":"https:\/\/blog.bedandbreakfast.eu\/innkeepers\/fr\/wp-json\/wp\/v2\/media?parent=8558"}],"wp:term":[{"taxonomy":"author","embeddable":true,"href":"https:\/\/blog.bedandbreakfast.eu\/innkeepers\/fr\/wp-json\/wp\/v2\/coauthors?post=8558"}],"curies":[{"name":"wp","href":"https:\/\/api.w.org\/{rel}","templated":true}]}}