{"id":8553,"date":"2017-12-06T16:14:23","date_gmt":"2017-12-06T16:14:23","guid":{"rendered":"https:\/\/blog.bedandbreakfast.eu\/innkeepers\/running-a-bb\/"},"modified":"2017-12-29T11:45:38","modified_gmt":"2017-12-29T11:45:38","slug":"gerer-chambre-d-hotes","status":"publish","type":"page","link":"https:\/\/blog.bedandbreakfast.eu\/innkeepers\/fr\/gerer-chambre-d-hotes\/","title":{"rendered":"G\u00e9rer une Chambre d&#8217;H\u00f4tes"},"content":{"rendered":"<p><img loading=\"lazy\" decoding=\"async\" class=\"aligncenter size-full wp-image-8773\" src=\"https:\/\/blog.bedandbreakfast.eu\/innkeepers\/wp-content\/uploads\/2017\/12\/Foto_eigenaar.png\" alt=\"Bedandbreakfast.eu; B&amp;B Runnen\" width=\"1200\" height=\"188\" srcset=\"https:\/\/blog.bedandbreakfast.eu\/innkeepers\/wp-content\/uploads\/2017\/12\/Foto_eigenaar.png 1200w, https:\/\/blog.bedandbreakfast.eu\/innkeepers\/wp-content\/uploads\/2017\/12\/Foto_eigenaar-300x47.png 300w, https:\/\/blog.bedandbreakfast.eu\/innkeepers\/wp-content\/uploads\/2017\/12\/Foto_eigenaar-768x120.png 768w, https:\/\/blog.bedandbreakfast.eu\/innkeepers\/wp-content\/uploads\/2017\/12\/Foto_eigenaar-1024x160.png 1024w, https:\/\/blog.bedandbreakfast.eu\/innkeepers\/wp-content\/uploads\/2017\/12\/Foto_eigenaar-810x127.png 810w, https:\/\/blog.bedandbreakfast.eu\/innkeepers\/wp-content\/uploads\/2017\/12\/Foto_eigenaar-1140x179.png 1140w\" sizes=\"auto, (max-width: 1200px) 100vw, 1200px\" \/><\/p>\n<h1><b>G\u00e9rer avec succ\u00e8s une Chambre d\u2019H\u00f4tes<\/b><\/h1>\n<p><span style=\"font-weight: 400;\">De nombreux nouveaux propri\u00e9taires ont une vision id\u00e9aliste de la gestion d\u2019une chambre d\u2019h\u00f4tes ou d\u2019un g\u00eete. Ils se sentent bien s\u00fbr rassur\u00e9s lorsque leurs invit\u00e9s rentrent chez eux satisfaits de leur s\u00e9jour. Mais pour r\u00e9ussir dans ce domaine, il vous faudra beaucoup de savoir-faire et d&#8217;exp\u00e9rience. <\/span><\/p>\n","protected":false},"excerpt":{"rendered":"<p>G\u00e9rer avec succ\u00e8s une Chambre d\u2019H\u00f4tes De nombreux nouveaux propri\u00e9taires ont une vision id\u00e9aliste de la gestion d\u2019une chambre d\u2019h\u00f4tes ou d\u2019un g\u00eete. Ils se sentent bien s\u00fbr rassur\u00e9s lorsque leurs invit\u00e9s rentrent chez eux satisfaits de leur s\u00e9jour. Mais pour r\u00e9ussir dans ce domaine, il vous faudra beaucoup de savoir-faire et d&#8217;exp\u00e9rience.<\/p>\n","protected":false},"author":14,"featured_media":0,"parent":0,"menu_order":0,"comment_status":"closed","ping_status":"closed","template":"template-modules.php","meta":{"_monsterinsights_skip_tracking":false,"_monsterinsights_sitenote_active":false,"_monsterinsights_sitenote_note":"","_monsterinsights_sitenote_category":0,"jetpack_post_was_ever_published":false,"footnotes":""},"coauthors":[3230,3176],"class_list":["post-8553","page","type-page","status-publish","hentry"],"yoast_head":"<!-- This site is optimized with the Yoast SEO plugin v27.4 - https:\/\/yoast.com\/product\/yoast-seo-wordpress\/ -->\n<title>G\u00e9rer avec succ\u00e8s une Chambre d\u2019H\u00f4tes - Chambres d&#039;H\u00f4tes Propri\u00e9taires | Blog Bedandbreakfast.eu<\/title>\n<meta name=\"description\" content=\"De nombreux nouveaux propri\u00e9taires ont une vision id\u00e9aliste de la gestion d\u2019une chambre d\u2019h\u00f4tes ou d\u2019un g\u00eete.G\u00e9rer avec succ\u00e8s une Chambre d\u2019H\u00f4tes.\" \/>\n<meta name=\"robots\" content=\"index, follow, max-snippet:-1, max-image-preview:large, max-video-preview:-1\" \/>\n<link rel=\"canonical\" href=\"https:\/\/blog.bedandbreakfast.eu\/innkeepers\/fr\/gerer-chambre-d-hotes\/\" \/>\n<meta property=\"og:locale\" content=\"fr_FR\" \/>\n<meta property=\"og:type\" content=\"article\" \/>\n<meta property=\"og:title\" content=\"G\u00e9rer avec succ\u00e8s une Chambre d\u2019H\u00f4tes - Chambres d&#039;H\u00f4tes Propri\u00e9taires | Blog Bedandbreakfast.eu\" \/>\n<meta property=\"og:description\" content=\"De nombreux nouveaux propri\u00e9taires ont une vision id\u00e9aliste de la gestion d\u2019une chambre d\u2019h\u00f4tes ou d\u2019un g\u00eete.G\u00e9rer avec succ\u00e8s une Chambre d\u2019H\u00f4tes.\" \/>\n<meta property=\"og:url\" content=\"https:\/\/blog.bedandbreakfast.eu\/innkeepers\/fr\/gerer-chambre-d-hotes\/\" \/>\n<meta property=\"og:site_name\" content=\"Chambres d&#039;H\u00f4tes Propri\u00e9taires Blog | Bedandbreakfast.eu\" \/>\n<meta property=\"article:modified_time\" content=\"2017-12-29T11:45:38+00:00\" \/>\n<meta property=\"og:image\" content=\"https:\/\/blog.bedandbreakfast.eu\/innkeepers\/wp-content\/uploads\/2017\/12\/Foto_eigenaar.png\" \/>\n<meta name=\"twitter:card\" content=\"summary_large_image\" \/>\n<meta name=\"twitter:label1\" content=\"Written by\" \/>\n\t<meta name=\"twitter:data1\" content=\"Mark Verhoeven\" \/>\n<script type=\"application\/ld+json\" class=\"yoast-schema-graph\">{\"@context\":\"https:\\\/\\\/schema.org\",\"@graph\":[{\"@type\":\"WebPage\",\"@id\":\"https:\\\/\\\/blog.bedandbreakfast.eu\\\/innkeepers\\\/fr\\\/gerer-chambre-d-hotes\\\/\",\"url\":\"https:\\\/\\\/blog.bedandbreakfast.eu\\\/innkeepers\\\/fr\\\/gerer-chambre-d-hotes\\\/\",\"name\":\"G\u00e9rer avec succ\u00e8s une Chambre d\u2019H\u00f4tes - Chambres d'H\u00f4tes Propri\u00e9taires | Blog Bedandbreakfast.eu\",\"isPartOf\":{\"@id\":\"https:\\\/\\\/blog.bedandbreakfast.eu\\\/innkeepers\\\/fr\\\/#website\"},\"primaryImageOfPage\":{\"@id\":\"https:\\\/\\\/blog.bedandbreakfast.eu\\\/innkeepers\\\/fr\\\/gerer-chambre-d-hotes\\\/#primaryimage\"},\"image\":{\"@id\":\"https:\\\/\\\/blog.bedandbreakfast.eu\\\/innkeepers\\\/fr\\\/gerer-chambre-d-hotes\\\/#primaryimage\"},\"thumbnailUrl\":\"https:\\\/\\\/blog.bedandbreakfast.eu\\\/innkeepers\\\/wp-content\\\/uploads\\\/2017\\\/12\\\/Foto_eigenaar.png\",\"datePublished\":\"2017-12-06T16:14:23+00:00\",\"dateModified\":\"2017-12-29T11:45:38+00:00\",\"description\":\"De nombreux nouveaux propri\u00e9taires ont une vision id\u00e9aliste de la gestion d\u2019une chambre d\u2019h\u00f4tes ou d\u2019un g\u00eete.G\u00e9rer avec succ\u00e8s une Chambre d\u2019H\u00f4tes.\",\"breadcrumb\":{\"@id\":\"https:\\\/\\\/blog.bedandbreakfast.eu\\\/innkeepers\\\/fr\\\/gerer-chambre-d-hotes\\\/#breadcrumb\"},\"inLanguage\":\"fr-FR\",\"potentialAction\":[{\"@type\":\"ReadAction\",\"target\":[\"https:\\\/\\\/blog.bedandbreakfast.eu\\\/innkeepers\\\/fr\\\/gerer-chambre-d-hotes\\\/\"]}]},{\"@type\":\"ImageObject\",\"inLanguage\":\"fr-FR\",\"@id\":\"https:\\\/\\\/blog.bedandbreakfast.eu\\\/innkeepers\\\/fr\\\/gerer-chambre-d-hotes\\\/#primaryimage\",\"url\":\"https:\\\/\\\/blog.bedandbreakfast.eu\\\/innkeepers\\\/wp-content\\\/uploads\\\/2017\\\/12\\\/Foto_eigenaar.png\",\"contentUrl\":\"https:\\\/\\\/blog.bedandbreakfast.eu\\\/innkeepers\\\/wp-content\\\/uploads\\\/2017\\\/12\\\/Foto_eigenaar.png\"},{\"@type\":\"BreadcrumbList\",\"@id\":\"https:\\\/\\\/blog.bedandbreakfast.eu\\\/innkeepers\\\/fr\\\/gerer-chambre-d-hotes\\\/#breadcrumb\",\"itemListElement\":[{\"@type\":\"ListItem\",\"position\":1,\"name\":\"Home\",\"item\":\"https:\\\/\\\/blog.bedandbreakfast.eu\\\/innkeepers\\\/fr\\\/\"},{\"@type\":\"ListItem\",\"position\":2,\"name\":\"G\u00e9rer une Chambre d&#8217;H\u00f4tes\"}]},{\"@type\":\"WebSite\",\"@id\":\"https:\\\/\\\/blog.bedandbreakfast.eu\\\/innkeepers\\\/fr\\\/#website\",\"url\":\"https:\\\/\\\/blog.bedandbreakfast.eu\\\/innkeepers\\\/fr\\\/\",\"name\":\"Chambres d'H\u00f4tes Propri\u00e9taires Blog | Bedandbreakfast.eu\",\"description\":\"Blog pour les propri\u00e9taires des Chambres d'H\u00f4tes et Bed and Breakfast en Europe par Bedandbreakfast.eu. Conseils utiles de la vie pratique des B&B, des columns, workshops et les derni\u00e8res nouvelles de la branche de B&B. \",\"potentialAction\":[{\"@type\":\"SearchAction\",\"target\":{\"@type\":\"EntryPoint\",\"urlTemplate\":\"https:\\\/\\\/blog.bedandbreakfast.eu\\\/innkeepers\\\/fr\\\/?s={search_term_string}\"},\"query-input\":{\"@type\":\"PropertyValueSpecification\",\"valueRequired\":true,\"valueName\":\"search_term_string\"}}],\"inLanguage\":\"fr-FR\"}]}<\/script>\n<!-- \/ Yoast SEO plugin. -->","yoast_head_json":{"title":"G\u00e9rer avec succ\u00e8s une Chambre d\u2019H\u00f4tes - Chambres d'H\u00f4tes Propri\u00e9taires | Blog Bedandbreakfast.eu","description":"De nombreux nouveaux propri\u00e9taires ont une vision id\u00e9aliste de la gestion d\u2019une chambre d\u2019h\u00f4tes ou d\u2019un g\u00eete.G\u00e9rer avec succ\u00e8s une Chambre d\u2019H\u00f4tes.","robots":{"index":"index","follow":"follow","max-snippet":"max-snippet:-1","max-image-preview":"max-image-preview:large","max-video-preview":"max-video-preview:-1"},"canonical":"https:\/\/blog.bedandbreakfast.eu\/innkeepers\/fr\/gerer-chambre-d-hotes\/","og_locale":"fr_FR","og_type":"article","og_title":"G\u00e9rer avec succ\u00e8s une Chambre d\u2019H\u00f4tes - Chambres d'H\u00f4tes Propri\u00e9taires | Blog Bedandbreakfast.eu","og_description":"De nombreux nouveaux propri\u00e9taires ont une vision id\u00e9aliste de la gestion d\u2019une chambre d\u2019h\u00f4tes ou d\u2019un g\u00eete.G\u00e9rer avec succ\u00e8s une Chambre d\u2019H\u00f4tes.","og_url":"https:\/\/blog.bedandbreakfast.eu\/innkeepers\/fr\/gerer-chambre-d-hotes\/","og_site_name":"Chambres d'H\u00f4tes Propri\u00e9taires Blog | Bedandbreakfast.eu","article_modified_time":"2017-12-29T11:45:38+00:00","og_image":[{"url":"https:\/\/blog.bedandbreakfast.eu\/innkeepers\/wp-content\/uploads\/2017\/12\/Foto_eigenaar.png","type":"","width":"","height":""}],"twitter_card":"summary_large_image","twitter_misc":{"Written by":"Mark Verhoeven"},"schema":{"@context":"https:\/\/schema.org","@graph":[{"@type":"WebPage","@id":"https:\/\/blog.bedandbreakfast.eu\/innkeepers\/fr\/gerer-chambre-d-hotes\/","url":"https:\/\/blog.bedandbreakfast.eu\/innkeepers\/fr\/gerer-chambre-d-hotes\/","name":"G\u00e9rer avec succ\u00e8s une Chambre d\u2019H\u00f4tes - Chambres d'H\u00f4tes Propri\u00e9taires | Blog Bedandbreakfast.eu","isPartOf":{"@id":"https:\/\/blog.bedandbreakfast.eu\/innkeepers\/fr\/#website"},"primaryImageOfPage":{"@id":"https:\/\/blog.bedandbreakfast.eu\/innkeepers\/fr\/gerer-chambre-d-hotes\/#primaryimage"},"image":{"@id":"https:\/\/blog.bedandbreakfast.eu\/innkeepers\/fr\/gerer-chambre-d-hotes\/#primaryimage"},"thumbnailUrl":"https:\/\/blog.bedandbreakfast.eu\/innkeepers\/wp-content\/uploads\/2017\/12\/Foto_eigenaar.png","datePublished":"2017-12-06T16:14:23+00:00","dateModified":"2017-12-29T11:45:38+00:00","description":"De nombreux nouveaux propri\u00e9taires ont une vision id\u00e9aliste de la gestion d\u2019une chambre d\u2019h\u00f4tes ou d\u2019un g\u00eete.G\u00e9rer avec succ\u00e8s une Chambre d\u2019H\u00f4tes.","breadcrumb":{"@id":"https:\/\/blog.bedandbreakfast.eu\/innkeepers\/fr\/gerer-chambre-d-hotes\/#breadcrumb"},"inLanguage":"fr-FR","potentialAction":[{"@type":"ReadAction","target":["https:\/\/blog.bedandbreakfast.eu\/innkeepers\/fr\/gerer-chambre-d-hotes\/"]}]},{"@type":"ImageObject","inLanguage":"fr-FR","@id":"https:\/\/blog.bedandbreakfast.eu\/innkeepers\/fr\/gerer-chambre-d-hotes\/#primaryimage","url":"https:\/\/blog.bedandbreakfast.eu\/innkeepers\/wp-content\/uploads\/2017\/12\/Foto_eigenaar.png","contentUrl":"https:\/\/blog.bedandbreakfast.eu\/innkeepers\/wp-content\/uploads\/2017\/12\/Foto_eigenaar.png"},{"@type":"BreadcrumbList","@id":"https:\/\/blog.bedandbreakfast.eu\/innkeepers\/fr\/gerer-chambre-d-hotes\/#breadcrumb","itemListElement":[{"@type":"ListItem","position":1,"name":"Home","item":"https:\/\/blog.bedandbreakfast.eu\/innkeepers\/fr\/"},{"@type":"ListItem","position":2,"name":"G\u00e9rer une Chambre d&#8217;H\u00f4tes"}]},{"@type":"WebSite","@id":"https:\/\/blog.bedandbreakfast.eu\/innkeepers\/fr\/#website","url":"https:\/\/blog.bedandbreakfast.eu\/innkeepers\/fr\/","name":"Chambres d'H\u00f4tes Propri\u00e9taires Blog | Bedandbreakfast.eu","description":"Blog pour les propri\u00e9taires des Chambres d'H\u00f4tes et Bed and Breakfast en Europe par Bedandbreakfast.eu. Conseils utiles de la vie pratique des B&B, des columns, workshops et les derni\u00e8res nouvelles de la branche de B&B. ","potentialAction":[{"@type":"SearchAction","target":{"@type":"EntryPoint","urlTemplate":"https:\/\/blog.bedandbreakfast.eu\/innkeepers\/fr\/?s={search_term_string}"},"query-input":{"@type":"PropertyValueSpecification","valueRequired":true,"valueName":"search_term_string"}}],"inLanguage":"fr-FR"}]}},"jetpack_shortlink":"https:\/\/wp.me\/P1XI7S-2dX","jetpack_sharing_enabled":true,"_links":{"self":[{"href":"https:\/\/blog.bedandbreakfast.eu\/innkeepers\/fr\/wp-json\/wp\/v2\/pages\/8553","targetHints":{"allow":["GET"]}}],"collection":[{"href":"https:\/\/blog.bedandbreakfast.eu\/innkeepers\/fr\/wp-json\/wp\/v2\/pages"}],"about":[{"href":"https:\/\/blog.bedandbreakfast.eu\/innkeepers\/fr\/wp-json\/wp\/v2\/types\/page"}],"author":[{"embeddable":true,"href":"https:\/\/blog.bedandbreakfast.eu\/innkeepers\/fr\/wp-json\/wp\/v2\/users\/14"}],"replies":[{"embeddable":true,"href":"https:\/\/blog.bedandbreakfast.eu\/innkeepers\/fr\/wp-json\/wp\/v2\/comments?post=8553"}],"version-history":[{"count":9,"href":"https:\/\/blog.bedandbreakfast.eu\/innkeepers\/fr\/wp-json\/wp\/v2\/pages\/8553\/revisions"}],"predecessor-version":[{"id":9100,"href":"https:\/\/blog.bedandbreakfast.eu\/innkeepers\/fr\/wp-json\/wp\/v2\/pages\/8553\/revisions\/9100"}],"wp:attachment":[{"href":"https:\/\/blog.bedandbreakfast.eu\/innkeepers\/fr\/wp-json\/wp\/v2\/media?parent=8553"}],"wp:term":[{"taxonomy":"author","embeddable":true,"href":"https:\/\/blog.bedandbreakfast.eu\/innkeepers\/fr\/wp-json\/wp\/v2\/coauthors?post=8553"}],"curies":[{"name":"wp","href":"https:\/\/api.w.org\/{rel}","templated":true}]}}