{"id":8571,"date":"2017-12-06T16:13:25","date_gmt":"2017-12-06T16:13:25","guid":{"rendered":"https:\/\/blog.bedandbreakfast.eu\/innkeepers\/start-bb\/"},"modified":"2017-12-29T11:44:19","modified_gmt":"2017-12-29T11:44:19","slug":"iniciar-bb","status":"publish","type":"page","link":"https:\/\/blog.bedandbreakfast.eu\/innkeepers\/es\/iniciar-bb\/","title":{"rendered":"Iniciar un B&#038;B"},"content":{"rendered":"<p><img loading=\"lazy\" decoding=\"async\" class=\"aligncenter size-full wp-image-8774\" src=\"https:\/\/blog.bedandbreakfast.eu\/innkeepers\/wp-content\/uploads\/2017\/12\/Ontbijt_EU.png\" alt=\"Bedandbreakfast.eu; start B&amp;B\" width=\"1200\" height=\"188\" srcset=\"https:\/\/blog.bedandbreakfast.eu\/innkeepers\/wp-content\/uploads\/2017\/12\/Ontbijt_EU.png 1200w, https:\/\/blog.bedandbreakfast.eu\/innkeepers\/wp-content\/uploads\/2017\/12\/Ontbijt_EU-300x47.png 300w, https:\/\/blog.bedandbreakfast.eu\/innkeepers\/wp-content\/uploads\/2017\/12\/Ontbijt_EU-768x120.png 768w, https:\/\/blog.bedandbreakfast.eu\/innkeepers\/wp-content\/uploads\/2017\/12\/Ontbijt_EU-1024x160.png 1024w, https:\/\/blog.bedandbreakfast.eu\/innkeepers\/wp-content\/uploads\/2017\/12\/Ontbijt_EU-810x127.png 810w, https:\/\/blog.bedandbreakfast.eu\/innkeepers\/wp-content\/uploads\/2017\/12\/Ontbijt_EU-1140x179.png 1140w\" sizes=\"auto, (max-width: 1200px) 100vw, 1200px\" \/><\/p>\n<h1><b>Inicia tu Bed and Breakfast<\/b><\/h1>\n<p><span style=\"font-weight: 400;\">Mucha gente sue\u00f1a en iniciar su propio Bed and Breakfast. Una condici\u00f3n indispensable es que te guste recibir hu\u00e9spedes. Si llevas un B&amp;B, tienes que saber c\u00f3mo llevar un negocio. Adem\u00e1s, prep\u00e1rate bien cuando lo inicies. En nuestros art\u00edculos te proveemos informaci\u00f3n sobre el mercado del B&amp;B, consejos para principiantes y propietarios de B&amp;B \u00a0que cuentan sus experiencias como propietarios principiantes de un B&amp;B.<\/span><\/p>\n","protected":false},"excerpt":{"rendered":"<p>Inicia tu Bed and Breakfast Mucha gente sue\u00f1a en iniciar su propio Bed and Breakfast. Una condici\u00f3n indispensable es que te guste recibir hu\u00e9spedes. Si llevas un B&amp;B, tienes que saber c\u00f3mo llevar un negocio. Adem\u00e1s, prep\u00e1rate bien cuando lo inicies. En nuestros art\u00edculos te proveemos informaci\u00f3n sobre el mercado del B&amp;B, consejos para principiantes [&hellip;]<\/p>\n","protected":false},"author":14,"featured_media":0,"parent":0,"menu_order":0,"comment_status":"closed","ping_status":"closed","template":"template-modules.php","meta":{"_monsterinsights_skip_tracking":false,"_monsterinsights_sitenote_active":false,"_monsterinsights_sitenote_note":"","_monsterinsights_sitenote_category":0,"jetpack_post_was_ever_published":false,"footnotes":""},"coauthors":[3176],"class_list":["post-8571","page","type-page","status-publish","hentry"],"yoast_head":"<!-- This site is optimized with the Yoast SEO plugin v27.5 - https:\/\/yoast.com\/product\/yoast-seo-wordpress\/ -->\n<title>Iniciar un B&amp;B - Bed and Breakfast Propietarios | Blog Bedandbreakfast.eu<\/title>\n<meta name=\"description\" content=\"Sue\u00f1as con Tu Propio Bed and Breakfast? Aqu\u00ed tienes Consejos, Experiencia de otros propietarios de B&amp;B y Estudios de Mercado.\" \/>\n<meta name=\"robots\" content=\"index, follow, max-snippet:-1, max-image-preview:large, max-video-preview:-1\" \/>\n<link rel=\"canonical\" href=\"https:\/\/blog.bedandbreakfast.eu\/innkeepers\/es\/iniciar-bb\/\" \/>\n<meta property=\"og:locale\" content=\"es_ES\" \/>\n<meta property=\"og:type\" content=\"article\" \/>\n<meta property=\"og:title\" content=\"Iniciar un B&amp;B - Bed and Breakfast Propietarios | Blog Bedandbreakfast.eu\" \/>\n<meta property=\"og:description\" content=\"Sue\u00f1as con Tu Propio Bed and Breakfast? Aqu\u00ed tienes Consejos, Experiencia de otros propietarios de B&amp;B y Estudios de Mercado.\" \/>\n<meta property=\"og:url\" content=\"https:\/\/blog.bedandbreakfast.eu\/innkeepers\/es\/iniciar-bb\/\" \/>\n<meta property=\"og:site_name\" content=\"Bed and Breakfast Propietarios Blog | Bedandbreakfast.eu\" \/>\n<meta property=\"article:modified_time\" content=\"2017-12-29T11:44:19+00:00\" \/>\n<meta property=\"og:image\" content=\"https:\/\/blog.bedandbreakfast.eu\/innkeepers\/wp-content\/uploads\/2017\/12\/Ontbijt_EU.png\" \/>\n<meta name=\"twitter:card\" content=\"summary_large_image\" \/>\n<meta name=\"twitter:label1\" content=\"Written by\" \/>\n\t<meta name=\"twitter:data1\" content=\"Mark Verhoeven\" \/>\n<script type=\"application\/ld+json\" class=\"yoast-schema-graph\">{\"@context\":\"https:\\\/\\\/schema.org\",\"@graph\":[{\"@type\":\"WebPage\",\"@id\":\"https:\\\/\\\/blog.bedandbreakfast.eu\\\/innkeepers\\\/es\\\/iniciar-bb\\\/\",\"url\":\"https:\\\/\\\/blog.bedandbreakfast.eu\\\/innkeepers\\\/es\\\/iniciar-bb\\\/\",\"name\":\"Iniciar un B&B - Bed and Breakfast Propietarios | Blog Bedandbreakfast.eu\",\"isPartOf\":{\"@id\":\"https:\\\/\\\/blog.bedandbreakfast.eu\\\/innkeepers\\\/es\\\/#website\"},\"primaryImageOfPage\":{\"@id\":\"https:\\\/\\\/blog.bedandbreakfast.eu\\\/innkeepers\\\/es\\\/iniciar-bb\\\/#primaryimage\"},\"image\":{\"@id\":\"https:\\\/\\\/blog.bedandbreakfast.eu\\\/innkeepers\\\/es\\\/iniciar-bb\\\/#primaryimage\"},\"thumbnailUrl\":\"https:\\\/\\\/blog.bedandbreakfast.eu\\\/innkeepers\\\/wp-content\\\/uploads\\\/2017\\\/12\\\/Ontbijt_EU.png\",\"datePublished\":\"2017-12-06T16:13:25+00:00\",\"dateModified\":\"2017-12-29T11:44:19+00:00\",\"description\":\"Sue\u00f1as con Tu Propio Bed and Breakfast? Aqu\u00ed tienes Consejos, Experiencia de otros propietarios de B&B y Estudios de Mercado.\",\"breadcrumb\":{\"@id\":\"https:\\\/\\\/blog.bedandbreakfast.eu\\\/innkeepers\\\/es\\\/iniciar-bb\\\/#breadcrumb\"},\"inLanguage\":\"es-ES\",\"potentialAction\":[{\"@type\":\"ReadAction\",\"target\":[\"https:\\\/\\\/blog.bedandbreakfast.eu\\\/innkeepers\\\/es\\\/iniciar-bb\\\/\"]}]},{\"@type\":\"ImageObject\",\"inLanguage\":\"es-ES\",\"@id\":\"https:\\\/\\\/blog.bedandbreakfast.eu\\\/innkeepers\\\/es\\\/iniciar-bb\\\/#primaryimage\",\"url\":\"https:\\\/\\\/blog.bedandbreakfast.eu\\\/innkeepers\\\/wp-content\\\/uploads\\\/2017\\\/12\\\/Ontbijt_EU.png\",\"contentUrl\":\"https:\\\/\\\/blog.bedandbreakfast.eu\\\/innkeepers\\\/wp-content\\\/uploads\\\/2017\\\/12\\\/Ontbijt_EU.png\"},{\"@type\":\"BreadcrumbList\",\"@id\":\"https:\\\/\\\/blog.bedandbreakfast.eu\\\/innkeepers\\\/es\\\/iniciar-bb\\\/#breadcrumb\",\"itemListElement\":[{\"@type\":\"ListItem\",\"position\":1,\"name\":\"Home\",\"item\":\"https:\\\/\\\/blog.bedandbreakfast.eu\\\/innkeepers\\\/es\\\/\"},{\"@type\":\"ListItem\",\"position\":2,\"name\":\"Iniciar un B&#038;B\"}]},{\"@type\":\"WebSite\",\"@id\":\"https:\\\/\\\/blog.bedandbreakfast.eu\\\/innkeepers\\\/es\\\/#website\",\"url\":\"https:\\\/\\\/blog.bedandbreakfast.eu\\\/innkeepers\\\/es\\\/\",\"name\":\"Bed and Breakfast Propietarios Blog | Bedandbreakfast.eu\",\"description\":\"Blog para los propietarios de Bed and Breakfast por Bedandbreakfast.eu. Consejos \u00fatiles desde la experiencia pr\u00e1ctica, columnas, talleres y las \u00faltimas noticias de la industria de B&B.\",\"potentialAction\":[{\"@type\":\"SearchAction\",\"target\":{\"@type\":\"EntryPoint\",\"urlTemplate\":\"https:\\\/\\\/blog.bedandbreakfast.eu\\\/innkeepers\\\/es\\\/?s={search_term_string}\"},\"query-input\":{\"@type\":\"PropertyValueSpecification\",\"valueRequired\":true,\"valueName\":\"search_term_string\"}}],\"inLanguage\":\"es-ES\"}]}<\/script>\n<!-- \/ Yoast SEO plugin. -->","yoast_head_json":{"title":"Iniciar un B&B - Bed and Breakfast Propietarios | Blog Bedandbreakfast.eu","description":"Sue\u00f1as con Tu Propio Bed and Breakfast? Aqu\u00ed tienes Consejos, Experiencia de otros propietarios de B&B y Estudios de Mercado.","robots":{"index":"index","follow":"follow","max-snippet":"max-snippet:-1","max-image-preview":"max-image-preview:large","max-video-preview":"max-video-preview:-1"},"canonical":"https:\/\/blog.bedandbreakfast.eu\/innkeepers\/es\/iniciar-bb\/","og_locale":"es_ES","og_type":"article","og_title":"Iniciar un B&B - Bed and Breakfast Propietarios | Blog Bedandbreakfast.eu","og_description":"Sue\u00f1as con Tu Propio Bed and Breakfast? Aqu\u00ed tienes Consejos, Experiencia de otros propietarios de B&B y Estudios de Mercado.","og_url":"https:\/\/blog.bedandbreakfast.eu\/innkeepers\/es\/iniciar-bb\/","og_site_name":"Bed and Breakfast Propietarios Blog | Bedandbreakfast.eu","article_modified_time":"2017-12-29T11:44:19+00:00","og_image":[{"url":"https:\/\/blog.bedandbreakfast.eu\/innkeepers\/wp-content\/uploads\/2017\/12\/Ontbijt_EU.png","type":"","width":"","height":""}],"twitter_card":"summary_large_image","twitter_misc":{"Written by":"Mark Verhoeven"},"schema":{"@context":"https:\/\/schema.org","@graph":[{"@type":"WebPage","@id":"https:\/\/blog.bedandbreakfast.eu\/innkeepers\/es\/iniciar-bb\/","url":"https:\/\/blog.bedandbreakfast.eu\/innkeepers\/es\/iniciar-bb\/","name":"Iniciar un B&B - Bed and Breakfast Propietarios | Blog Bedandbreakfast.eu","isPartOf":{"@id":"https:\/\/blog.bedandbreakfast.eu\/innkeepers\/es\/#website"},"primaryImageOfPage":{"@id":"https:\/\/blog.bedandbreakfast.eu\/innkeepers\/es\/iniciar-bb\/#primaryimage"},"image":{"@id":"https:\/\/blog.bedandbreakfast.eu\/innkeepers\/es\/iniciar-bb\/#primaryimage"},"thumbnailUrl":"https:\/\/blog.bedandbreakfast.eu\/innkeepers\/wp-content\/uploads\/2017\/12\/Ontbijt_EU.png","datePublished":"2017-12-06T16:13:25+00:00","dateModified":"2017-12-29T11:44:19+00:00","description":"Sue\u00f1as con Tu Propio Bed and Breakfast? Aqu\u00ed tienes Consejos, Experiencia de otros propietarios de B&B y Estudios de Mercado.","breadcrumb":{"@id":"https:\/\/blog.bedandbreakfast.eu\/innkeepers\/es\/iniciar-bb\/#breadcrumb"},"inLanguage":"es-ES","potentialAction":[{"@type":"ReadAction","target":["https:\/\/blog.bedandbreakfast.eu\/innkeepers\/es\/iniciar-bb\/"]}]},{"@type":"ImageObject","inLanguage":"es-ES","@id":"https:\/\/blog.bedandbreakfast.eu\/innkeepers\/es\/iniciar-bb\/#primaryimage","url":"https:\/\/blog.bedandbreakfast.eu\/innkeepers\/wp-content\/uploads\/2017\/12\/Ontbijt_EU.png","contentUrl":"https:\/\/blog.bedandbreakfast.eu\/innkeepers\/wp-content\/uploads\/2017\/12\/Ontbijt_EU.png"},{"@type":"BreadcrumbList","@id":"https:\/\/blog.bedandbreakfast.eu\/innkeepers\/es\/iniciar-bb\/#breadcrumb","itemListElement":[{"@type":"ListItem","position":1,"name":"Home","item":"https:\/\/blog.bedandbreakfast.eu\/innkeepers\/es\/"},{"@type":"ListItem","position":2,"name":"Iniciar un B&#038;B"}]},{"@type":"WebSite","@id":"https:\/\/blog.bedandbreakfast.eu\/innkeepers\/es\/#website","url":"https:\/\/blog.bedandbreakfast.eu\/innkeepers\/es\/","name":"Bed and Breakfast Propietarios Blog | Bedandbreakfast.eu","description":"Blog para los propietarios de Bed and Breakfast por Bedandbreakfast.eu. Consejos \u00fatiles desde la experiencia pr\u00e1ctica, columnas, talleres y las \u00faltimas noticias de la industria de B&B.","potentialAction":[{"@type":"SearchAction","target":{"@type":"EntryPoint","urlTemplate":"https:\/\/blog.bedandbreakfast.eu\/innkeepers\/es\/?s={search_term_string}"},"query-input":{"@type":"PropertyValueSpecification","valueRequired":true,"valueName":"search_term_string"}}],"inLanguage":"es-ES"}]}},"jetpack_shortlink":"https:\/\/wp.me\/P1XI7S-2ef","jetpack_sharing_enabled":false,"_links":{"self":[{"href":"https:\/\/blog.bedandbreakfast.eu\/innkeepers\/es\/wp-json\/wp\/v2\/pages\/8571","targetHints":{"allow":["GET"]}}],"collection":[{"href":"https:\/\/blog.bedandbreakfast.eu\/innkeepers\/es\/wp-json\/wp\/v2\/pages"}],"about":[{"href":"https:\/\/blog.bedandbreakfast.eu\/innkeepers\/es\/wp-json\/wp\/v2\/types\/page"}],"author":[{"embeddable":true,"href":"https:\/\/blog.bedandbreakfast.eu\/innkeepers\/es\/wp-json\/wp\/v2\/users\/14"}],"replies":[{"embeddable":true,"href":"https:\/\/blog.bedandbreakfast.eu\/innkeepers\/es\/wp-json\/wp\/v2\/comments?post=8571"}],"version-history":[{"count":6,"href":"https:\/\/blog.bedandbreakfast.eu\/innkeepers\/es\/wp-json\/wp\/v2\/pages\/8571\/revisions"}],"predecessor-version":[{"id":9098,"href":"https:\/\/blog.bedandbreakfast.eu\/innkeepers\/es\/wp-json\/wp\/v2\/pages\/8571\/revisions\/9098"}],"wp:attachment":[{"href":"https:\/\/blog.bedandbreakfast.eu\/innkeepers\/es\/wp-json\/wp\/v2\/media?parent=8571"}],"wp:term":[{"taxonomy":"author","embeddable":true,"href":"https:\/\/blog.bedandbreakfast.eu\/innkeepers\/es\/wp-json\/wp\/v2\/coauthors?post=8571"}],"curies":[{"name":"wp","href":"https:\/\/api.w.org\/{rel}","templated":true}]}}