{"id":8566,"date":"2017-12-06T16:16:26","date_gmt":"2017-12-06T16:16:26","guid":{"rendered":"https:\/\/blog.bedandbreakfast.eu\/innkeepers\/list-your-bb\/"},"modified":"2025-11-26T14:11:17","modified_gmt":"2025-11-26T14:11:17","slug":"registra-bb","status":"publish","type":"page","link":"https:\/\/blog.bedandbreakfast.eu\/innkeepers\/es\/registra-bb\/","title":{"rendered":"Registra tu B&#038;B"},"content":{"rendered":"<p><img loading=\"lazy\" decoding=\"async\" class=\"alignnone wp-image-22916 size-full\" src=\"https:\/\/blog.bedandbreakfast.eu\/innkeepers\/wp-content\/uploads\/2025\/11\/BBEU-Blog-Innkeepers-register-page-.jpg\" alt=\"\" width=\"1200\" height=\"188\" srcset=\"https:\/\/blog.bedandbreakfast.eu\/innkeepers\/wp-content\/uploads\/2025\/11\/BBEU-Blog-Innkeepers-register-page-.jpg 1200w, https:\/\/blog.bedandbreakfast.eu\/innkeepers\/wp-content\/uploads\/2025\/11\/BBEU-Blog-Innkeepers-register-page--300x47.jpg 300w, https:\/\/blog.bedandbreakfast.eu\/innkeepers\/wp-content\/uploads\/2025\/11\/BBEU-Blog-Innkeepers-register-page--1024x160.jpg 1024w, https:\/\/blog.bedandbreakfast.eu\/innkeepers\/wp-content\/uploads\/2025\/11\/BBEU-Blog-Innkeepers-register-page--768x120.jpg 768w, https:\/\/blog.bedandbreakfast.eu\/innkeepers\/wp-content\/uploads\/2025\/11\/BBEU-Blog-Innkeepers-register-page--810x127.jpg 810w, https:\/\/blog.bedandbreakfast.eu\/innkeepers\/wp-content\/uploads\/2025\/11\/BBEU-Blog-Innkeepers-register-page--1140x179.jpg 1140w\" sizes=\"auto, (max-width: 1200px) 100vw, 1200px\" \/><\/p>\n<h1><b>Reg\u00edstrate en Bedandbreakfast.eu<\/b><\/h1>\n<p data-start=\"55\" data-end=\"162\">\u00bfTienes un B&amp;B, apartamento o peque\u00f1o alojamiento tur\u00edstico? Registra tu alojamiento en Bedandbreakfast.eu y empieza a recibir solicitudes de reserva de hu\u00e9spedes de todo el mundo. Estas son algunas de las ventajas que te ofrecemos:<\/p>\n<ul data-start=\"164\" data-end=\"445\">\n<li data-start=\"164\" data-end=\"227\">\n<p data-start=\"166\" data-end=\"227\">Tarifa anual fija y sin comisiones por reserva<\/p>\n<\/li>\n<li data-start=\"228\" data-end=\"281\">\n<p data-start=\"230\" data-end=\"281\">Contacto con tus hu\u00e9spedes<b><br \/>\n<\/b><\/p>\n<\/li>\n<li data-start=\"282\" data-end=\"346\">\n<p data-start=\"284\" data-end=\"346\">Atenci\u00f3n al cliente en espa\u00f1ol<\/p>\n<\/li>\n<li data-start=\"347\" data-end=\"388\">\n<p data-start=\"349\" data-end=\"388\">Te ayudamos a crear tu p\u00e1gina<b><br \/>\n<\/b><\/p>\n<\/li>\n<li data-start=\"389\" data-end=\"445\">\n<p data-start=\"391\" data-end=\"445\">Hu\u00e9spedes internacionales<\/p>\n<\/li>\n<\/ul>\n<p><strong><a class=\"mks_button mks_button_medium rounded\" href=\"https:\/\/www.bedandbreakfast.eu\/es\/register\" target=\"_blank\" style=\"color: #FFFFFF; background-color: #e3458c;\" >Registra tu B&amp;B en Bedandbreakfast.eu<\/a><\/strong><\/p>\n","protected":false},"excerpt":{"rendered":"<p>Reg\u00edstrate en Bedandbreakfast.eu \u00bfTienes un B&amp;B, apartamento o peque\u00f1o alojamiento tur\u00edstico? Registra tu alojamiento en Bedandbreakfast.eu y empieza a recibir solicitudes de reserva de hu\u00e9spedes de todo el mundo. Estas son algunas de las ventajas que te ofrecemos: Tarifa anual fija y sin comisiones por reserva Contacto con tus hu\u00e9spedes Atenci\u00f3n al cliente en espa\u00f1ol [&hellip;]<\/p>\n","protected":false},"author":14,"featured_media":0,"parent":0,"menu_order":0,"comment_status":"closed","ping_status":"closed","template":"template-modules.php","meta":{"_monsterinsights_skip_tracking":false,"_monsterinsights_sitenote_active":false,"_monsterinsights_sitenote_note":"","_monsterinsights_sitenote_category":0,"jetpack_post_was_ever_published":false,"footnotes":""},"coauthors":[3233],"class_list":["post-8566","page","type-page","status-publish","hentry"],"yoast_head":"<!-- This site is optimized with the Yoast SEO plugin v27.4 - https:\/\/yoast.com\/product\/yoast-seo-wordpress\/ -->\n<title>Registra tu B&amp;B - Bed and Breakfast Propietarios Blog | Bedandbreakfast.eu<\/title>\n<meta name=\"description\" content=\"Promueve tu Bed and Breakfast. rango Alto de B\u00fasquedas, M\u00e1s reservas y M\u00e1s ganancias. Registra tu Bed and Breakfast en Bedandbreakfast.eu\" \/>\n<meta name=\"robots\" content=\"index, follow, max-snippet:-1, max-image-preview:large, max-video-preview:-1\" \/>\n<link rel=\"canonical\" href=\"https:\/\/blog.bedandbreakfast.eu\/innkeepers\/es\/registra-bb\/\" \/>\n<meta property=\"og:locale\" content=\"es_ES\" \/>\n<meta property=\"og:type\" content=\"article\" \/>\n<meta property=\"og:title\" content=\"Registra tu B&amp;B - Bed and Breakfast Propietarios Blog | Bedandbreakfast.eu\" \/>\n<meta property=\"og:description\" content=\"Promueve tu Bed and Breakfast. rango Alto de B\u00fasquedas, M\u00e1s reservas y M\u00e1s ganancias. Registra tu Bed and Breakfast en Bedandbreakfast.eu\" \/>\n<meta property=\"og:url\" content=\"https:\/\/blog.bedandbreakfast.eu\/innkeepers\/es\/registra-bb\/\" \/>\n<meta property=\"og:site_name\" content=\"Bed and Breakfast Propietarios Blog | Bedandbreakfast.eu\" \/>\n<meta property=\"article:modified_time\" content=\"2025-11-26T14:11:17+00:00\" \/>\n<meta property=\"og:image\" content=\"https:\/\/blog.bedandbreakfast.eu\/innkeepers\/wp-content\/uploads\/2025\/11\/BBEU-Blog-Innkeepers-register-page-.jpg\" \/>\n\t<meta property=\"og:image:width\" content=\"1200\" \/>\n\t<meta property=\"og:image:height\" content=\"188\" \/>\n\t<meta property=\"og:image:type\" content=\"image\/jpeg\" \/>\n<meta name=\"twitter:card\" content=\"summary_large_image\" \/>\n<meta name=\"twitter:label1\" content=\"Tiempo de lectura\" \/>\n\t<meta name=\"twitter:data1\" content=\"1 minute\" \/>\n<script type=\"application\/ld+json\" class=\"yoast-schema-graph\">{\"@context\":\"https:\\\/\\\/schema.org\",\"@graph\":[{\"@type\":\"WebPage\",\"@id\":\"https:\\\/\\\/blog.bedandbreakfast.eu\\\/innkeepers\\\/es\\\/registra-bb\\\/\",\"url\":\"https:\\\/\\\/blog.bedandbreakfast.eu\\\/innkeepers\\\/es\\\/registra-bb\\\/\",\"name\":\"Registra tu B&B - Bed and Breakfast Propietarios Blog | Bedandbreakfast.eu\",\"isPartOf\":{\"@id\":\"https:\\\/\\\/blog.bedandbreakfast.eu\\\/innkeepers\\\/es\\\/#website\"},\"primaryImageOfPage\":{\"@id\":\"https:\\\/\\\/blog.bedandbreakfast.eu\\\/innkeepers\\\/es\\\/registra-bb\\\/#primaryimage\"},\"image\":{\"@id\":\"https:\\\/\\\/blog.bedandbreakfast.eu\\\/innkeepers\\\/es\\\/registra-bb\\\/#primaryimage\"},\"thumbnailUrl\":\"https:\\\/\\\/blog.bedandbreakfast.eu\\\/innkeepers\\\/wp-content\\\/uploads\\\/2025\\\/11\\\/BBEU-Blog-Innkeepers-register-page-.jpg\",\"datePublished\":\"2017-12-06T16:16:26+00:00\",\"dateModified\":\"2025-11-26T14:11:17+00:00\",\"description\":\"Promueve tu Bed and Breakfast. rango Alto de B\u00fasquedas, M\u00e1s reservas y M\u00e1s ganancias. Registra tu Bed and Breakfast en Bedandbreakfast.eu\",\"breadcrumb\":{\"@id\":\"https:\\\/\\\/blog.bedandbreakfast.eu\\\/innkeepers\\\/es\\\/registra-bb\\\/#breadcrumb\"},\"inLanguage\":\"es-ES\",\"potentialAction\":[{\"@type\":\"ReadAction\",\"target\":[\"https:\\\/\\\/blog.bedandbreakfast.eu\\\/innkeepers\\\/es\\\/registra-bb\\\/\"]}]},{\"@type\":\"ImageObject\",\"inLanguage\":\"es-ES\",\"@id\":\"https:\\\/\\\/blog.bedandbreakfast.eu\\\/innkeepers\\\/es\\\/registra-bb\\\/#primaryimage\",\"url\":\"https:\\\/\\\/blog.bedandbreakfast.eu\\\/innkeepers\\\/wp-content\\\/uploads\\\/2025\\\/11\\\/BBEU-Blog-Innkeepers-register-page-.jpg\",\"contentUrl\":\"https:\\\/\\\/blog.bedandbreakfast.eu\\\/innkeepers\\\/wp-content\\\/uploads\\\/2025\\\/11\\\/BBEU-Blog-Innkeepers-register-page-.jpg\"},{\"@type\":\"BreadcrumbList\",\"@id\":\"https:\\\/\\\/blog.bedandbreakfast.eu\\\/innkeepers\\\/es\\\/registra-bb\\\/#breadcrumb\",\"itemListElement\":[{\"@type\":\"ListItem\",\"position\":1,\"name\":\"Home\",\"item\":\"https:\\\/\\\/blog.bedandbreakfast.eu\\\/innkeepers\\\/es\\\/\"},{\"@type\":\"ListItem\",\"position\":2,\"name\":\"Registra tu B&#038;B\"}]},{\"@type\":\"WebSite\",\"@id\":\"https:\\\/\\\/blog.bedandbreakfast.eu\\\/innkeepers\\\/es\\\/#website\",\"url\":\"https:\\\/\\\/blog.bedandbreakfast.eu\\\/innkeepers\\\/es\\\/\",\"name\":\"Bed and Breakfast Propietarios Blog | Bedandbreakfast.eu\",\"description\":\"Blog para los propietarios de Bed and Breakfast por Bedandbreakfast.eu. Consejos \u00fatiles desde la experiencia pr\u00e1ctica, columnas, talleres y las \u00faltimas noticias de la industria de B&B.\",\"potentialAction\":[{\"@type\":\"SearchAction\",\"target\":{\"@type\":\"EntryPoint\",\"urlTemplate\":\"https:\\\/\\\/blog.bedandbreakfast.eu\\\/innkeepers\\\/es\\\/?s={search_term_string}\"},\"query-input\":{\"@type\":\"PropertyValueSpecification\",\"valueRequired\":true,\"valueName\":\"search_term_string\"}}],\"inLanguage\":\"es-ES\"}]}<\/script>\n<!-- \/ Yoast SEO plugin. -->","yoast_head_json":{"title":"Registra tu B&B - Bed and Breakfast Propietarios Blog | Bedandbreakfast.eu","description":"Promueve tu Bed and Breakfast. rango Alto de B\u00fasquedas, M\u00e1s reservas y M\u00e1s ganancias. Registra tu Bed and Breakfast en Bedandbreakfast.eu","robots":{"index":"index","follow":"follow","max-snippet":"max-snippet:-1","max-image-preview":"max-image-preview:large","max-video-preview":"max-video-preview:-1"},"canonical":"https:\/\/blog.bedandbreakfast.eu\/innkeepers\/es\/registra-bb\/","og_locale":"es_ES","og_type":"article","og_title":"Registra tu B&B - Bed and Breakfast Propietarios Blog | Bedandbreakfast.eu","og_description":"Promueve tu Bed and Breakfast. rango Alto de B\u00fasquedas, M\u00e1s reservas y M\u00e1s ganancias. Registra tu Bed and Breakfast en Bedandbreakfast.eu","og_url":"https:\/\/blog.bedandbreakfast.eu\/innkeepers\/es\/registra-bb\/","og_site_name":"Bed and Breakfast Propietarios Blog | Bedandbreakfast.eu","article_modified_time":"2025-11-26T14:11:17+00:00","og_image":[{"width":1200,"height":188,"url":"https:\/\/blog.bedandbreakfast.eu\/innkeepers\/wp-content\/uploads\/2025\/11\/BBEU-Blog-Innkeepers-register-page-.jpg","type":"image\/jpeg"}],"twitter_card":"summary_large_image","twitter_misc":{"Tiempo de lectura":"1 minute"},"schema":{"@context":"https:\/\/schema.org","@graph":[{"@type":"WebPage","@id":"https:\/\/blog.bedandbreakfast.eu\/innkeepers\/es\/registra-bb\/","url":"https:\/\/blog.bedandbreakfast.eu\/innkeepers\/es\/registra-bb\/","name":"Registra tu B&B - Bed and Breakfast Propietarios Blog | Bedandbreakfast.eu","isPartOf":{"@id":"https:\/\/blog.bedandbreakfast.eu\/innkeepers\/es\/#website"},"primaryImageOfPage":{"@id":"https:\/\/blog.bedandbreakfast.eu\/innkeepers\/es\/registra-bb\/#primaryimage"},"image":{"@id":"https:\/\/blog.bedandbreakfast.eu\/innkeepers\/es\/registra-bb\/#primaryimage"},"thumbnailUrl":"https:\/\/blog.bedandbreakfast.eu\/innkeepers\/wp-content\/uploads\/2025\/11\/BBEU-Blog-Innkeepers-register-page-.jpg","datePublished":"2017-12-06T16:16:26+00:00","dateModified":"2025-11-26T14:11:17+00:00","description":"Promueve tu Bed and Breakfast. rango Alto de B\u00fasquedas, M\u00e1s reservas y M\u00e1s ganancias. Registra tu Bed and Breakfast en Bedandbreakfast.eu","breadcrumb":{"@id":"https:\/\/blog.bedandbreakfast.eu\/innkeepers\/es\/registra-bb\/#breadcrumb"},"inLanguage":"es-ES","potentialAction":[{"@type":"ReadAction","target":["https:\/\/blog.bedandbreakfast.eu\/innkeepers\/es\/registra-bb\/"]}]},{"@type":"ImageObject","inLanguage":"es-ES","@id":"https:\/\/blog.bedandbreakfast.eu\/innkeepers\/es\/registra-bb\/#primaryimage","url":"https:\/\/blog.bedandbreakfast.eu\/innkeepers\/wp-content\/uploads\/2025\/11\/BBEU-Blog-Innkeepers-register-page-.jpg","contentUrl":"https:\/\/blog.bedandbreakfast.eu\/innkeepers\/wp-content\/uploads\/2025\/11\/BBEU-Blog-Innkeepers-register-page-.jpg"},{"@type":"BreadcrumbList","@id":"https:\/\/blog.bedandbreakfast.eu\/innkeepers\/es\/registra-bb\/#breadcrumb","itemListElement":[{"@type":"ListItem","position":1,"name":"Home","item":"https:\/\/blog.bedandbreakfast.eu\/innkeepers\/es\/"},{"@type":"ListItem","position":2,"name":"Registra tu B&#038;B"}]},{"@type":"WebSite","@id":"https:\/\/blog.bedandbreakfast.eu\/innkeepers\/es\/#website","url":"https:\/\/blog.bedandbreakfast.eu\/innkeepers\/es\/","name":"Bed and Breakfast Propietarios Blog | Bedandbreakfast.eu","description":"Blog para los propietarios de Bed and Breakfast por Bedandbreakfast.eu. Consejos \u00fatiles desde la experiencia pr\u00e1ctica, columnas, talleres y las \u00faltimas noticias de la industria de B&B.","potentialAction":[{"@type":"SearchAction","target":{"@type":"EntryPoint","urlTemplate":"https:\/\/blog.bedandbreakfast.eu\/innkeepers\/es\/?s={search_term_string}"},"query-input":{"@type":"PropertyValueSpecification","valueRequired":true,"valueName":"search_term_string"}}],"inLanguage":"es-ES"}]}},"jetpack_shortlink":"https:\/\/wp.me\/P1XI7S-2ea","jetpack_sharing_enabled":true,"_links":{"self":[{"href":"https:\/\/blog.bedandbreakfast.eu\/innkeepers\/es\/wp-json\/wp\/v2\/pages\/8566","targetHints":{"allow":["GET"]}}],"collection":[{"href":"https:\/\/blog.bedandbreakfast.eu\/innkeepers\/es\/wp-json\/wp\/v2\/pages"}],"about":[{"href":"https:\/\/blog.bedandbreakfast.eu\/innkeepers\/es\/wp-json\/wp\/v2\/types\/page"}],"author":[{"embeddable":true,"href":"https:\/\/blog.bedandbreakfast.eu\/innkeepers\/es\/wp-json\/wp\/v2\/users\/14"}],"replies":[{"embeddable":true,"href":"https:\/\/blog.bedandbreakfast.eu\/innkeepers\/es\/wp-json\/wp\/v2\/comments?post=8566"}],"version-history":[{"count":19,"href":"https:\/\/blog.bedandbreakfast.eu\/innkeepers\/es\/wp-json\/wp\/v2\/pages\/8566\/revisions"}],"predecessor-version":[{"id":22952,"href":"https:\/\/blog.bedandbreakfast.eu\/innkeepers\/es\/wp-json\/wp\/v2\/pages\/8566\/revisions\/22952"}],"wp:attachment":[{"href":"https:\/\/blog.bedandbreakfast.eu\/innkeepers\/es\/wp-json\/wp\/v2\/media?parent=8566"}],"wp:term":[{"taxonomy":"author","embeddable":true,"href":"https:\/\/blog.bedandbreakfast.eu\/innkeepers\/es\/wp-json\/wp\/v2\/coauthors?post=8566"}],"curies":[{"name":"wp","href":"https:\/\/api.w.org\/{rel}","templated":true}]}}