{"id":8561,"date":"2017-12-06T16:14:55","date_gmt":"2017-12-06T16:14:55","guid":{"rendered":"https:\/\/blog.bedandbreakfast.eu\/innkeepers\/more-reservations\/"},"modified":"2017-12-29T11:48:55","modified_gmt":"2017-12-29T11:48:55","slug":"mas-reservas","status":"publish","type":"page","link":"https:\/\/blog.bedandbreakfast.eu\/innkeepers\/es\/mas-reservas\/","title":{"rendered":"M\u00e1s Reservas"},"content":{"rendered":"<p><img loading=\"lazy\" decoding=\"async\" class=\"aligncenter size-full wp-image-9049\" src=\"https:\/\/blog.bedandbreakfast.eu\/innkeepers\/wp-content\/uploads\/2017\/12\/Foto_administratie-1.png\" alt=\"Bedandbreakfast.eu; meer reserveringen\" width=\"1200\" height=\"188\" srcset=\"https:\/\/blog.bedandbreakfast.eu\/innkeepers\/wp-content\/uploads\/2017\/12\/Foto_administratie-1.png 1200w, https:\/\/blog.bedandbreakfast.eu\/innkeepers\/wp-content\/uploads\/2017\/12\/Foto_administratie-1-300x47.png 300w, https:\/\/blog.bedandbreakfast.eu\/innkeepers\/wp-content\/uploads\/2017\/12\/Foto_administratie-1-768x120.png 768w, https:\/\/blog.bedandbreakfast.eu\/innkeepers\/wp-content\/uploads\/2017\/12\/Foto_administratie-1-1024x160.png 1024w, https:\/\/blog.bedandbreakfast.eu\/innkeepers\/wp-content\/uploads\/2017\/12\/Foto_administratie-1-810x127.png 810w, https:\/\/blog.bedandbreakfast.eu\/innkeepers\/wp-content\/uploads\/2017\/12\/Foto_administratie-1-1140x179.png 1140w\" sizes=\"auto, (max-width: 1200px) 100vw, 1200px\" \/><\/p>\n<h1><b>Visibilidad Global en la Red<\/b><\/h1>\n<p><span style=\"font-weight: 400;\">Para cualquier B&amp;B es crucial tener visibilidad en la red. Si te registras en Bedandbreakfast.eu, tu B&amp;B tendr\u00e1 muy buena visibilidad en nuestra p\u00e1gina y en b\u00fasquedas en cualquier parte del mundo. El contenido de nuestra p\u00e1gina est\u00e1 disponible en varias lenguas y alcanza a millones de entusiastas por los B&amp;B en todo el mundo. Resultado: \u00a1m\u00e1s reservas y m\u00e1s ganancias! Aprov\u00e9chate y hazte socio.<\/span><\/p>\n","protected":false},"excerpt":{"rendered":"<p>Visibilidad Global en la Red Para cualquier B&amp;B es crucial tener visibilidad en la red. Si te registras en Bedandbreakfast.eu, tu B&amp;B tendr\u00e1 muy buena visibilidad en nuestra p\u00e1gina y en b\u00fasquedas en cualquier parte del mundo. El contenido de nuestra p\u00e1gina est\u00e1 disponible en varias lenguas y alcanza a millones de entusiastas por los [&hellip;]<\/p>\n","protected":false},"author":14,"featured_media":0,"parent":0,"menu_order":0,"comment_status":"closed","ping_status":"closed","template":"template-modules.php","meta":{"_monsterinsights_skip_tracking":false,"_monsterinsights_sitenote_active":false,"_monsterinsights_sitenote_note":"","_monsterinsights_sitenote_category":0,"jetpack_post_was_ever_published":false,"footnotes":""},"coauthors":[3176],"class_list":["post-8561","page","type-page","status-publish","hentry"],"yoast_head":"<!-- This site is optimized with the Yoast SEO plugin v27.5 - https:\/\/yoast.com\/product\/yoast-seo-wordpress\/ -->\n<title>M\u00e1s Reservas - Bed and Breakfast Propietarios Blog | Bedandbreakfast.eu<\/title>\n<meta name=\"description\" content=\"Reg\u00edstrate en Bedandbreakfast.eu y tu B&amp;B tendr\u00e1 muy Buena Visibilidad en Todo el Mundo. Disponible en Varias Lenguas y Alcance a Millones de Entusiastas.\" \/>\n<meta name=\"robots\" content=\"index, follow, max-snippet:-1, max-image-preview:large, max-video-preview:-1\" \/>\n<link rel=\"canonical\" href=\"https:\/\/blog.bedandbreakfast.eu\/innkeepers\/es\/mas-reservas\/\" \/>\n<meta property=\"og:locale\" content=\"es_ES\" \/>\n<meta property=\"og:type\" content=\"article\" \/>\n<meta property=\"og:title\" content=\"M\u00e1s Reservas - Bed and Breakfast Propietarios Blog | Bedandbreakfast.eu\" \/>\n<meta property=\"og:description\" content=\"Reg\u00edstrate en Bedandbreakfast.eu y tu B&amp;B tendr\u00e1 muy Buena Visibilidad en Todo el Mundo. Disponible en Varias Lenguas y Alcance a Millones de Entusiastas.\" \/>\n<meta property=\"og:url\" content=\"https:\/\/blog.bedandbreakfast.eu\/innkeepers\/es\/mas-reservas\/\" \/>\n<meta property=\"og:site_name\" content=\"Bed and Breakfast Propietarios Blog | Bedandbreakfast.eu\" \/>\n<meta property=\"article:modified_time\" content=\"2017-12-29T11:48:55+00:00\" \/>\n<meta property=\"og:image\" content=\"https:\/\/blog.bedandbreakfast.eu\/innkeepers\/wp-content\/uploads\/2017\/12\/Foto_administratie-1.png\" \/>\n<meta name=\"twitter:card\" content=\"summary_large_image\" \/>\n<meta name=\"twitter:label1\" content=\"Written by\" \/>\n\t<meta name=\"twitter:data1\" content=\"Mark Verhoeven\" \/>\n<script type=\"application\/ld+json\" class=\"yoast-schema-graph\">{\"@context\":\"https:\\\/\\\/schema.org\",\"@graph\":[{\"@type\":\"WebPage\",\"@id\":\"https:\\\/\\\/blog.bedandbreakfast.eu\\\/innkeepers\\\/es\\\/mas-reservas\\\/\",\"url\":\"https:\\\/\\\/blog.bedandbreakfast.eu\\\/innkeepers\\\/es\\\/mas-reservas\\\/\",\"name\":\"M\u00e1s Reservas - Bed and Breakfast Propietarios Blog | Bedandbreakfast.eu\",\"isPartOf\":{\"@id\":\"https:\\\/\\\/blog.bedandbreakfast.eu\\\/innkeepers\\\/es\\\/#website\"},\"primaryImageOfPage\":{\"@id\":\"https:\\\/\\\/blog.bedandbreakfast.eu\\\/innkeepers\\\/es\\\/mas-reservas\\\/#primaryimage\"},\"image\":{\"@id\":\"https:\\\/\\\/blog.bedandbreakfast.eu\\\/innkeepers\\\/es\\\/mas-reservas\\\/#primaryimage\"},\"thumbnailUrl\":\"https:\\\/\\\/blog.bedandbreakfast.eu\\\/innkeepers\\\/wp-content\\\/uploads\\\/2017\\\/12\\\/Foto_administratie-1.png\",\"datePublished\":\"2017-12-06T16:14:55+00:00\",\"dateModified\":\"2017-12-29T11:48:55+00:00\",\"description\":\"Reg\u00edstrate en Bedandbreakfast.eu y tu B&B tendr\u00e1 muy Buena Visibilidad en Todo el Mundo. Disponible en Varias Lenguas y Alcance a Millones de Entusiastas.\",\"breadcrumb\":{\"@id\":\"https:\\\/\\\/blog.bedandbreakfast.eu\\\/innkeepers\\\/es\\\/mas-reservas\\\/#breadcrumb\"},\"inLanguage\":\"es-ES\",\"potentialAction\":[{\"@type\":\"ReadAction\",\"target\":[\"https:\\\/\\\/blog.bedandbreakfast.eu\\\/innkeepers\\\/es\\\/mas-reservas\\\/\"]}]},{\"@type\":\"ImageObject\",\"inLanguage\":\"es-ES\",\"@id\":\"https:\\\/\\\/blog.bedandbreakfast.eu\\\/innkeepers\\\/es\\\/mas-reservas\\\/#primaryimage\",\"url\":\"https:\\\/\\\/blog.bedandbreakfast.eu\\\/innkeepers\\\/wp-content\\\/uploads\\\/2017\\\/12\\\/Foto_administratie-1.png\",\"contentUrl\":\"https:\\\/\\\/blog.bedandbreakfast.eu\\\/innkeepers\\\/wp-content\\\/uploads\\\/2017\\\/12\\\/Foto_administratie-1.png\"},{\"@type\":\"BreadcrumbList\",\"@id\":\"https:\\\/\\\/blog.bedandbreakfast.eu\\\/innkeepers\\\/es\\\/mas-reservas\\\/#breadcrumb\",\"itemListElement\":[{\"@type\":\"ListItem\",\"position\":1,\"name\":\"Home\",\"item\":\"https:\\\/\\\/blog.bedandbreakfast.eu\\\/innkeepers\\\/es\\\/\"},{\"@type\":\"ListItem\",\"position\":2,\"name\":\"M\u00e1s Reservas\"}]},{\"@type\":\"WebSite\",\"@id\":\"https:\\\/\\\/blog.bedandbreakfast.eu\\\/innkeepers\\\/es\\\/#website\",\"url\":\"https:\\\/\\\/blog.bedandbreakfast.eu\\\/innkeepers\\\/es\\\/\",\"name\":\"Bed and Breakfast Propietarios Blog | Bedandbreakfast.eu\",\"description\":\"Blog para los propietarios de Bed and Breakfast por Bedandbreakfast.eu. Consejos \u00fatiles desde la experiencia pr\u00e1ctica, columnas, talleres y las \u00faltimas noticias de la industria de B&B.\",\"potentialAction\":[{\"@type\":\"SearchAction\",\"target\":{\"@type\":\"EntryPoint\",\"urlTemplate\":\"https:\\\/\\\/blog.bedandbreakfast.eu\\\/innkeepers\\\/es\\\/?s={search_term_string}\"},\"query-input\":{\"@type\":\"PropertyValueSpecification\",\"valueRequired\":true,\"valueName\":\"search_term_string\"}}],\"inLanguage\":\"es-ES\"}]}<\/script>\n<!-- \/ Yoast SEO plugin. -->","yoast_head_json":{"title":"M\u00e1s Reservas - Bed and Breakfast Propietarios Blog | Bedandbreakfast.eu","description":"Reg\u00edstrate en Bedandbreakfast.eu y tu B&B tendr\u00e1 muy Buena Visibilidad en Todo el Mundo. Disponible en Varias Lenguas y Alcance a Millones de Entusiastas.","robots":{"index":"index","follow":"follow","max-snippet":"max-snippet:-1","max-image-preview":"max-image-preview:large","max-video-preview":"max-video-preview:-1"},"canonical":"https:\/\/blog.bedandbreakfast.eu\/innkeepers\/es\/mas-reservas\/","og_locale":"es_ES","og_type":"article","og_title":"M\u00e1s Reservas - Bed and Breakfast Propietarios Blog | Bedandbreakfast.eu","og_description":"Reg\u00edstrate en Bedandbreakfast.eu y tu B&B tendr\u00e1 muy Buena Visibilidad en Todo el Mundo. Disponible en Varias Lenguas y Alcance a Millones de Entusiastas.","og_url":"https:\/\/blog.bedandbreakfast.eu\/innkeepers\/es\/mas-reservas\/","og_site_name":"Bed and Breakfast Propietarios Blog | Bedandbreakfast.eu","article_modified_time":"2017-12-29T11:48:55+00:00","og_image":[{"url":"https:\/\/blog.bedandbreakfast.eu\/innkeepers\/wp-content\/uploads\/2017\/12\/Foto_administratie-1.png","type":"","width":"","height":""}],"twitter_card":"summary_large_image","twitter_misc":{"Written by":"Mark Verhoeven"},"schema":{"@context":"https:\/\/schema.org","@graph":[{"@type":"WebPage","@id":"https:\/\/blog.bedandbreakfast.eu\/innkeepers\/es\/mas-reservas\/","url":"https:\/\/blog.bedandbreakfast.eu\/innkeepers\/es\/mas-reservas\/","name":"M\u00e1s Reservas - Bed and Breakfast Propietarios Blog | Bedandbreakfast.eu","isPartOf":{"@id":"https:\/\/blog.bedandbreakfast.eu\/innkeepers\/es\/#website"},"primaryImageOfPage":{"@id":"https:\/\/blog.bedandbreakfast.eu\/innkeepers\/es\/mas-reservas\/#primaryimage"},"image":{"@id":"https:\/\/blog.bedandbreakfast.eu\/innkeepers\/es\/mas-reservas\/#primaryimage"},"thumbnailUrl":"https:\/\/blog.bedandbreakfast.eu\/innkeepers\/wp-content\/uploads\/2017\/12\/Foto_administratie-1.png","datePublished":"2017-12-06T16:14:55+00:00","dateModified":"2017-12-29T11:48:55+00:00","description":"Reg\u00edstrate en Bedandbreakfast.eu y tu B&B tendr\u00e1 muy Buena Visibilidad en Todo el Mundo. Disponible en Varias Lenguas y Alcance a Millones de Entusiastas.","breadcrumb":{"@id":"https:\/\/blog.bedandbreakfast.eu\/innkeepers\/es\/mas-reservas\/#breadcrumb"},"inLanguage":"es-ES","potentialAction":[{"@type":"ReadAction","target":["https:\/\/blog.bedandbreakfast.eu\/innkeepers\/es\/mas-reservas\/"]}]},{"@type":"ImageObject","inLanguage":"es-ES","@id":"https:\/\/blog.bedandbreakfast.eu\/innkeepers\/es\/mas-reservas\/#primaryimage","url":"https:\/\/blog.bedandbreakfast.eu\/innkeepers\/wp-content\/uploads\/2017\/12\/Foto_administratie-1.png","contentUrl":"https:\/\/blog.bedandbreakfast.eu\/innkeepers\/wp-content\/uploads\/2017\/12\/Foto_administratie-1.png"},{"@type":"BreadcrumbList","@id":"https:\/\/blog.bedandbreakfast.eu\/innkeepers\/es\/mas-reservas\/#breadcrumb","itemListElement":[{"@type":"ListItem","position":1,"name":"Home","item":"https:\/\/blog.bedandbreakfast.eu\/innkeepers\/es\/"},{"@type":"ListItem","position":2,"name":"M\u00e1s Reservas"}]},{"@type":"WebSite","@id":"https:\/\/blog.bedandbreakfast.eu\/innkeepers\/es\/#website","url":"https:\/\/blog.bedandbreakfast.eu\/innkeepers\/es\/","name":"Bed and Breakfast Propietarios Blog | Bedandbreakfast.eu","description":"Blog para los propietarios de Bed and Breakfast por Bedandbreakfast.eu. Consejos \u00fatiles desde la experiencia pr\u00e1ctica, columnas, talleres y las \u00faltimas noticias de la industria de B&B.","potentialAction":[{"@type":"SearchAction","target":{"@type":"EntryPoint","urlTemplate":"https:\/\/blog.bedandbreakfast.eu\/innkeepers\/es\/?s={search_term_string}"},"query-input":{"@type":"PropertyValueSpecification","valueRequired":true,"valueName":"search_term_string"}}],"inLanguage":"es-ES"}]}},"jetpack_shortlink":"https:\/\/wp.me\/P1XI7S-2e5","jetpack_sharing_enabled":true,"_links":{"self":[{"href":"https:\/\/blog.bedandbreakfast.eu\/innkeepers\/es\/wp-json\/wp\/v2\/pages\/8561","targetHints":{"allow":["GET"]}}],"collection":[{"href":"https:\/\/blog.bedandbreakfast.eu\/innkeepers\/es\/wp-json\/wp\/v2\/pages"}],"about":[{"href":"https:\/\/blog.bedandbreakfast.eu\/innkeepers\/es\/wp-json\/wp\/v2\/types\/page"}],"author":[{"embeddable":true,"href":"https:\/\/blog.bedandbreakfast.eu\/innkeepers\/es\/wp-json\/wp\/v2\/users\/14"}],"replies":[{"embeddable":true,"href":"https:\/\/blog.bedandbreakfast.eu\/innkeepers\/es\/wp-json\/wp\/v2\/comments?post=8561"}],"version-history":[{"count":7,"href":"https:\/\/blog.bedandbreakfast.eu\/innkeepers\/es\/wp-json\/wp\/v2\/pages\/8561\/revisions"}],"predecessor-version":[{"id":9109,"href":"https:\/\/blog.bedandbreakfast.eu\/innkeepers\/es\/wp-json\/wp\/v2\/pages\/8561\/revisions\/9109"}],"wp:attachment":[{"href":"https:\/\/blog.bedandbreakfast.eu\/innkeepers\/es\/wp-json\/wp\/v2\/media?parent=8561"}],"wp:term":[{"taxonomy":"author","embeddable":true,"href":"https:\/\/blog.bedandbreakfast.eu\/innkeepers\/es\/wp-json\/wp\/v2\/coauthors?post=8561"}],"curies":[{"name":"wp","href":"https:\/\/api.w.org\/{rel}","templated":true}]}}