{"id":8569,"date":"2017-12-06T16:13:25","date_gmt":"2017-12-06T16:13:25","guid":{"rendered":"https:\/\/blog.bedandbreakfast.eu\/innkeepers\/start-bb\/"},"modified":"2017-12-29T11:43:41","modified_gmt":"2017-12-29T11:43:41","slug":"bb-eroffnen","status":"publish","type":"page","link":"https:\/\/blog.bedandbreakfast.eu\/innkeepers\/de\/bb-eroffnen\/","title":{"rendered":"B&#038;B Er\u00f6ffnen"},"content":{"rendered":"<p><img loading=\"lazy\" decoding=\"async\" class=\"aligncenter size-full wp-image-8774\" src=\"https:\/\/blog.bedandbreakfast.eu\/innkeepers\/wp-content\/uploads\/2017\/12\/Ontbijt_EU.png\" alt=\"Bedandbreakfast.eu; start B&amp;B\" width=\"1200\" height=\"188\" srcset=\"https:\/\/blog.bedandbreakfast.eu\/innkeepers\/wp-content\/uploads\/2017\/12\/Ontbijt_EU.png 1200w, https:\/\/blog.bedandbreakfast.eu\/innkeepers\/wp-content\/uploads\/2017\/12\/Ontbijt_EU-300x47.png 300w, https:\/\/blog.bedandbreakfast.eu\/innkeepers\/wp-content\/uploads\/2017\/12\/Ontbijt_EU-768x120.png 768w, https:\/\/blog.bedandbreakfast.eu\/innkeepers\/wp-content\/uploads\/2017\/12\/Ontbijt_EU-1024x160.png 1024w, https:\/\/blog.bedandbreakfast.eu\/innkeepers\/wp-content\/uploads\/2017\/12\/Ontbijt_EU-810x127.png 810w, https:\/\/blog.bedandbreakfast.eu\/innkeepers\/wp-content\/uploads\/2017\/12\/Ontbijt_EU-1140x179.png 1140w\" sizes=\"auto, (max-width: 1200px) 100vw, 1200px\" \/><\/p>\n<h1><b>Ein Bed and Breakfast beginnen<\/b><\/h1>\n<p><span style=\"font-weight: 400;\">Viele Menschen tr\u00e4umen davon, ein Bed and Breakfast zu er\u00f6ffnen. Eine der wichtigsten Voraussetzungen ist, dass man gut mit Menschen umgehen kann. Als Eigent\u00fcmer eines B&amp;B hat man au\u00dferdem mit mehreren Aspekten der Betriebsf\u00fchrung zu tun, weshalb man sich gut auf die Er\u00f6ffnung eines neuen Bed and Breakfasts vorbereiten sollte. In unseren Artikeln teilen wir interessante Informationen \u00fcber den B&amp;B-Markt, wir geben Starter-Tipps und lassen Ihre zuk\u00fcnftigen Kollegen \u00fcber ihre Erfahrungen mit der Er\u00f6ffnung eines B&amp;Bs berichten. <\/span><\/p>\n","protected":false},"excerpt":{"rendered":"<p>Ein Bed and Breakfast beginnen Viele Menschen tr\u00e4umen davon, ein Bed and Breakfast zu er\u00f6ffnen. Eine der wichtigsten Voraussetzungen ist, dass man gut mit Menschen umgehen kann. Als Eigent\u00fcmer eines B&amp;B hat man au\u00dferdem mit mehreren Aspekten der Betriebsf\u00fchrung zu tun, weshalb man sich gut auf die Er\u00f6ffnung eines neuen Bed and Breakfasts vorbereiten sollte. [&hellip;]<\/p>\n","protected":false},"author":14,"featured_media":0,"parent":0,"menu_order":0,"comment_status":"closed","ping_status":"closed","template":"template-modules.php","meta":{"_monsterinsights_skip_tracking":false,"_monsterinsights_sitenote_active":false,"_monsterinsights_sitenote_note":"","_monsterinsights_sitenote_category":0,"footnotes":""},"coauthors":[3176],"class_list":["post-8569","page","type-page","status-publish","hentry"],"yoast_head":"<!-- This site is optimized with the Yoast SEO plugin v27.6 - https:\/\/yoast.com\/product\/yoast-seo-wordpress\/ -->\n<title>B&amp;B er\u00f6ffnen - Bed and Breakfast Inhaber | Blog Bedandbreakfast.eu<\/title>\n<meta name=\"description\" content=\"In unseren Artikeln geben wir Starter-Tipps und lassen Ihre zuk\u00fcnftigen Kollegen \u00fcber ihre Erfahrungen mit der Er\u00f6ffnung eines B&amp;Bs berichten.\" \/>\n<meta name=\"robots\" content=\"index, follow, max-snippet:-1, max-image-preview:large, max-video-preview:-1\" \/>\n<link rel=\"canonical\" href=\"https:\/\/blog.bedandbreakfast.eu\/innkeepers\/de\/bb-eroffnen\/\" \/>\n<meta property=\"og:locale\" content=\"de_DE\" \/>\n<meta property=\"og:type\" content=\"article\" \/>\n<meta property=\"og:title\" content=\"B&amp;B er\u00f6ffnen - Bed and Breakfast Inhaber | Blog Bedandbreakfast.eu\" \/>\n<meta property=\"og:description\" content=\"In unseren Artikeln geben wir Starter-Tipps und lassen Ihre zuk\u00fcnftigen Kollegen \u00fcber ihre Erfahrungen mit der Er\u00f6ffnung eines B&amp;Bs berichten.\" \/>\n<meta property=\"og:url\" content=\"https:\/\/blog.bedandbreakfast.eu\/innkeepers\/de\/bb-eroffnen\/\" \/>\n<meta property=\"og:site_name\" content=\"Bed and Breakfast Inhaber Blog | Bedandbreakfast.eu\" \/>\n<meta property=\"article:modified_time\" content=\"2017-12-29T11:43:41+00:00\" \/>\n<meta property=\"og:image\" content=\"https:\/\/blog.bedandbreakfast.eu\/innkeepers\/wp-content\/uploads\/2017\/12\/Ontbijt_EU.png\" \/>\n<meta name=\"twitter:card\" content=\"summary_large_image\" \/>\n<meta name=\"twitter:label1\" content=\"Written by\" \/>\n\t<meta name=\"twitter:data1\" content=\"Mark Verhoeven\" \/>\n<script type=\"application\/ld+json\" class=\"yoast-schema-graph\">{\"@context\":\"https:\\\/\\\/schema.org\",\"@graph\":[{\"@type\":\"WebPage\",\"@id\":\"https:\\\/\\\/blog.bedandbreakfast.eu\\\/innkeepers\\\/de\\\/bb-eroffnen\\\/\",\"url\":\"https:\\\/\\\/blog.bedandbreakfast.eu\\\/innkeepers\\\/de\\\/bb-eroffnen\\\/\",\"name\":\"B&B er\u00f6ffnen - Bed and Breakfast Inhaber | Blog Bedandbreakfast.eu\",\"isPartOf\":{\"@id\":\"https:\\\/\\\/blog.bedandbreakfast.eu\\\/innkeepers\\\/de\\\/#website\"},\"primaryImageOfPage\":{\"@id\":\"https:\\\/\\\/blog.bedandbreakfast.eu\\\/innkeepers\\\/de\\\/bb-eroffnen\\\/#primaryimage\"},\"image\":{\"@id\":\"https:\\\/\\\/blog.bedandbreakfast.eu\\\/innkeepers\\\/de\\\/bb-eroffnen\\\/#primaryimage\"},\"thumbnailUrl\":\"https:\\\/\\\/blog.bedandbreakfast.eu\\\/innkeepers\\\/wp-content\\\/uploads\\\/2017\\\/12\\\/Ontbijt_EU.png\",\"datePublished\":\"2017-12-06T16:13:25+00:00\",\"dateModified\":\"2017-12-29T11:43:41+00:00\",\"description\":\"In unseren Artikeln geben wir Starter-Tipps und lassen Ihre zuk\u00fcnftigen Kollegen \u00fcber ihre Erfahrungen mit der Er\u00f6ffnung eines B&Bs berichten.\",\"breadcrumb\":{\"@id\":\"https:\\\/\\\/blog.bedandbreakfast.eu\\\/innkeepers\\\/de\\\/bb-eroffnen\\\/#breadcrumb\"},\"inLanguage\":\"de\",\"potentialAction\":[{\"@type\":\"ReadAction\",\"target\":[\"https:\\\/\\\/blog.bedandbreakfast.eu\\\/innkeepers\\\/de\\\/bb-eroffnen\\\/\"]}]},{\"@type\":\"ImageObject\",\"inLanguage\":\"de\",\"@id\":\"https:\\\/\\\/blog.bedandbreakfast.eu\\\/innkeepers\\\/de\\\/bb-eroffnen\\\/#primaryimage\",\"url\":\"https:\\\/\\\/blog.bedandbreakfast.eu\\\/innkeepers\\\/wp-content\\\/uploads\\\/2017\\\/12\\\/Ontbijt_EU.png\",\"contentUrl\":\"https:\\\/\\\/blog.bedandbreakfast.eu\\\/innkeepers\\\/wp-content\\\/uploads\\\/2017\\\/12\\\/Ontbijt_EU.png\"},{\"@type\":\"BreadcrumbList\",\"@id\":\"https:\\\/\\\/blog.bedandbreakfast.eu\\\/innkeepers\\\/de\\\/bb-eroffnen\\\/#breadcrumb\",\"itemListElement\":[{\"@type\":\"ListItem\",\"position\":1,\"name\":\"Home\",\"item\":\"https:\\\/\\\/blog.bedandbreakfast.eu\\\/innkeepers\\\/de\\\/\"},{\"@type\":\"ListItem\",\"position\":2,\"name\":\"B&#038;B Er\u00f6ffnen\"}]},{\"@type\":\"WebSite\",\"@id\":\"https:\\\/\\\/blog.bedandbreakfast.eu\\\/innkeepers\\\/de\\\/#website\",\"url\":\"https:\\\/\\\/blog.bedandbreakfast.eu\\\/innkeepers\\\/de\\\/\",\"name\":\"Bed and Breakfast Inhaber Blog | Bedandbreakfast.eu\",\"description\":\"Ein Blog von Bedandbreakfast.eu f\u00fcr Bed & Breakfast und Privatzimmer Inhaber. N\u00fctzliche und praktische Tipps, Kolumnen, Workshops und die aktuellsten News aus der B&B-Branche.\",\"potentialAction\":[{\"@type\":\"SearchAction\",\"target\":{\"@type\":\"EntryPoint\",\"urlTemplate\":\"https:\\\/\\\/blog.bedandbreakfast.eu\\\/innkeepers\\\/de\\\/?s={search_term_string}\"},\"query-input\":{\"@type\":\"PropertyValueSpecification\",\"valueRequired\":true,\"valueName\":\"search_term_string\"}}],\"inLanguage\":\"de\"}]}<\/script>\n<!-- \/ Yoast SEO plugin. -->","yoast_head_json":{"title":"B&B er\u00f6ffnen - Bed and Breakfast Inhaber | Blog Bedandbreakfast.eu","description":"In unseren Artikeln geben wir Starter-Tipps und lassen Ihre zuk\u00fcnftigen Kollegen \u00fcber ihre Erfahrungen mit der Er\u00f6ffnung eines B&Bs berichten.","robots":{"index":"index","follow":"follow","max-snippet":"max-snippet:-1","max-image-preview":"max-image-preview:large","max-video-preview":"max-video-preview:-1"},"canonical":"https:\/\/blog.bedandbreakfast.eu\/innkeepers\/de\/bb-eroffnen\/","og_locale":"de_DE","og_type":"article","og_title":"B&B er\u00f6ffnen - Bed and Breakfast Inhaber | Blog Bedandbreakfast.eu","og_description":"In unseren Artikeln geben wir Starter-Tipps und lassen Ihre zuk\u00fcnftigen Kollegen \u00fcber ihre Erfahrungen mit der Er\u00f6ffnung eines B&Bs berichten.","og_url":"https:\/\/blog.bedandbreakfast.eu\/innkeepers\/de\/bb-eroffnen\/","og_site_name":"Bed and Breakfast Inhaber Blog | Bedandbreakfast.eu","article_modified_time":"2017-12-29T11:43:41+00:00","og_image":[{"url":"https:\/\/blog.bedandbreakfast.eu\/innkeepers\/wp-content\/uploads\/2017\/12\/Ontbijt_EU.png","type":"","width":"","height":""}],"twitter_card":"summary_large_image","twitter_misc":{"Written by":"Mark Verhoeven"},"schema":{"@context":"https:\/\/schema.org","@graph":[{"@type":"WebPage","@id":"https:\/\/blog.bedandbreakfast.eu\/innkeepers\/de\/bb-eroffnen\/","url":"https:\/\/blog.bedandbreakfast.eu\/innkeepers\/de\/bb-eroffnen\/","name":"B&B er\u00f6ffnen - Bed and Breakfast Inhaber | Blog Bedandbreakfast.eu","isPartOf":{"@id":"https:\/\/blog.bedandbreakfast.eu\/innkeepers\/de\/#website"},"primaryImageOfPage":{"@id":"https:\/\/blog.bedandbreakfast.eu\/innkeepers\/de\/bb-eroffnen\/#primaryimage"},"image":{"@id":"https:\/\/blog.bedandbreakfast.eu\/innkeepers\/de\/bb-eroffnen\/#primaryimage"},"thumbnailUrl":"https:\/\/blog.bedandbreakfast.eu\/innkeepers\/wp-content\/uploads\/2017\/12\/Ontbijt_EU.png","datePublished":"2017-12-06T16:13:25+00:00","dateModified":"2017-12-29T11:43:41+00:00","description":"In unseren Artikeln geben wir Starter-Tipps und lassen Ihre zuk\u00fcnftigen Kollegen \u00fcber ihre Erfahrungen mit der Er\u00f6ffnung eines B&Bs berichten.","breadcrumb":{"@id":"https:\/\/blog.bedandbreakfast.eu\/innkeepers\/de\/bb-eroffnen\/#breadcrumb"},"inLanguage":"de","potentialAction":[{"@type":"ReadAction","target":["https:\/\/blog.bedandbreakfast.eu\/innkeepers\/de\/bb-eroffnen\/"]}]},{"@type":"ImageObject","inLanguage":"de","@id":"https:\/\/blog.bedandbreakfast.eu\/innkeepers\/de\/bb-eroffnen\/#primaryimage","url":"https:\/\/blog.bedandbreakfast.eu\/innkeepers\/wp-content\/uploads\/2017\/12\/Ontbijt_EU.png","contentUrl":"https:\/\/blog.bedandbreakfast.eu\/innkeepers\/wp-content\/uploads\/2017\/12\/Ontbijt_EU.png"},{"@type":"BreadcrumbList","@id":"https:\/\/blog.bedandbreakfast.eu\/innkeepers\/de\/bb-eroffnen\/#breadcrumb","itemListElement":[{"@type":"ListItem","position":1,"name":"Home","item":"https:\/\/blog.bedandbreakfast.eu\/innkeepers\/de\/"},{"@type":"ListItem","position":2,"name":"B&#038;B Er\u00f6ffnen"}]},{"@type":"WebSite","@id":"https:\/\/blog.bedandbreakfast.eu\/innkeepers\/de\/#website","url":"https:\/\/blog.bedandbreakfast.eu\/innkeepers\/de\/","name":"Bed and Breakfast Inhaber Blog | Bedandbreakfast.eu","description":"Ein Blog von Bedandbreakfast.eu f\u00fcr Bed & Breakfast und Privatzimmer Inhaber. N\u00fctzliche und praktische Tipps, Kolumnen, Workshops und die aktuellsten News aus der B&B-Branche.","potentialAction":[{"@type":"SearchAction","target":{"@type":"EntryPoint","urlTemplate":"https:\/\/blog.bedandbreakfast.eu\/innkeepers\/de\/?s={search_term_string}"},"query-input":{"@type":"PropertyValueSpecification","valueRequired":true,"valueName":"search_term_string"}}],"inLanguage":"de"}]}},"jetpack_shortlink":"https:\/\/wp.me\/P1XI7S-2ed","jetpack_sharing_enabled":false,"_links":{"self":[{"href":"https:\/\/blog.bedandbreakfast.eu\/innkeepers\/de\/wp-json\/wp\/v2\/pages\/8569","targetHints":{"allow":["GET"]}}],"collection":[{"href":"https:\/\/blog.bedandbreakfast.eu\/innkeepers\/de\/wp-json\/wp\/v2\/pages"}],"about":[{"href":"https:\/\/blog.bedandbreakfast.eu\/innkeepers\/de\/wp-json\/wp\/v2\/types\/page"}],"author":[{"embeddable":true,"href":"https:\/\/blog.bedandbreakfast.eu\/innkeepers\/de\/wp-json\/wp\/v2\/users\/14"}],"replies":[{"embeddable":true,"href":"https:\/\/blog.bedandbreakfast.eu\/innkeepers\/de\/wp-json\/wp\/v2\/comments?post=8569"}],"version-history":[{"count":6,"href":"https:\/\/blog.bedandbreakfast.eu\/innkeepers\/de\/wp-json\/wp\/v2\/pages\/8569\/revisions"}],"predecessor-version":[{"id":9096,"href":"https:\/\/blog.bedandbreakfast.eu\/innkeepers\/de\/wp-json\/wp\/v2\/pages\/8569\/revisions\/9096"}],"wp:attachment":[{"href":"https:\/\/blog.bedandbreakfast.eu\/innkeepers\/de\/wp-json\/wp\/v2\/media?parent=8569"}],"wp:term":[{"taxonomy":"author","embeddable":true,"href":"https:\/\/blog.bedandbreakfast.eu\/innkeepers\/de\/wp-json\/wp\/v2\/coauthors?post=8569"}],"curies":[{"name":"wp","href":"https:\/\/api.w.org\/{rel}","templated":true}]}}