{"id":8564,"date":"2017-12-06T16:16:26","date_gmt":"2017-12-06T16:16:26","guid":{"rendered":"https:\/\/blog.bedandbreakfast.eu\/innkeepers\/list-your-bb\/"},"modified":"2025-11-25T15:35:11","modified_gmt":"2025-11-25T15:35:11","slug":"b-b-registrieren","status":"publish","type":"page","link":"https:\/\/blog.bedandbreakfast.eu\/innkeepers\/de\/b-b-registrieren\/","title":{"rendered":"Ihr B&#038;B Registrieren"},"content":{"rendered":"<p><img loading=\"lazy\" decoding=\"async\" class=\"alignnone wp-image-22914 size-full\" src=\"https:\/\/blog.bedandbreakfast.eu\/innkeepers\/wp-content\/uploads\/2025\/11\/BBEU-Blog-Innkeepers-register-page-.jpg\" alt=\"\" width=\"1200\" height=\"188\" srcset=\"https:\/\/blog.bedandbreakfast.eu\/innkeepers\/wp-content\/uploads\/2025\/11\/BBEU-Blog-Innkeepers-register-page-.jpg 1200w, https:\/\/blog.bedandbreakfast.eu\/innkeepers\/wp-content\/uploads\/2025\/11\/BBEU-Blog-Innkeepers-register-page--300x47.jpg 300w, https:\/\/blog.bedandbreakfast.eu\/innkeepers\/wp-content\/uploads\/2025\/11\/BBEU-Blog-Innkeepers-register-page--1024x160.jpg 1024w, https:\/\/blog.bedandbreakfast.eu\/innkeepers\/wp-content\/uploads\/2025\/11\/BBEU-Blog-Innkeepers-register-page--768x120.jpg 768w, https:\/\/blog.bedandbreakfast.eu\/innkeepers\/wp-content\/uploads\/2025\/11\/BBEU-Blog-Innkeepers-register-page--810x127.jpg 810w, https:\/\/blog.bedandbreakfast.eu\/innkeepers\/wp-content\/uploads\/2025\/11\/BBEU-Blog-Innkeepers-register-page--1140x179.jpg 1140w\" sizes=\"auto, (max-width: 1200px) 100vw, 1200px\" \/><\/p>\n<h1><b>Als Gastgeber starten<\/b><\/h1>\n<p>Registrieren Sie Ihre Unterkunft noch heute und profitieren Sie von diesen Vorteilen:<\/p>\n<ul>\n<li><span style=\"font-weight: 400;\">Provisionsfrei &#8211; mehr Gewinn f\u00fcr Sie<\/span><\/li>\n<li><span style=\"font-weight: 400;\">Direkter Kontakt zu Ihren G\u00e4sten<\/span><\/li>\n<li><span style=\"font-weight: 400;\">Volle Kontrolle \u00fcber Buchungen &amp; Zahlungen<\/span><\/li>\n<li>Top-Sichtbarkeit bei Google &amp; Co.<\/li>\n<li>Ideal f\u00fcr Unterk\u00fcnfte bis 15 Zimmer<\/li>\n<\/ul>\n<p>Wir freuen uns darauf, Sie in der Community der Bedandbreakfast.eu Gastgeber willkommen zu hei\u00dfen.<\/p>\n<p><strong><a class=\"mks_button mks_button_medium rounded\" href=\"https:\/\/www.bedandbreakfast.eu\/de\/register\" target=\"_blank\" style=\"color: #FFFFFF; background-color: #e3458c;\" >Jetzt Unterkunft anmelden<\/a><\/strong><\/p>\n","protected":false},"excerpt":{"rendered":"<p>Als Gastgeber starten Registrieren Sie Ihre Unterkunft noch heute und profitieren Sie von diesen Vorteilen: Provisionsfrei &#8211; mehr Gewinn f\u00fcr Sie Direkter Kontakt zu Ihren G\u00e4sten Volle Kontrolle \u00fcber Buchungen &amp; Zahlungen Top-Sichtbarkeit bei Google &amp; Co. Ideal f\u00fcr Unterk\u00fcnfte bis 15 Zimmer Wir freuen uns darauf, Sie in der Community der Bedandbreakfast.eu Gastgeber willkommen [&hellip;]<\/p>\n","protected":false},"author":14,"featured_media":0,"parent":0,"menu_order":0,"comment_status":"closed","ping_status":"closed","template":"template-modules.php","meta":{"_monsterinsights_skip_tracking":false,"_monsterinsights_sitenote_active":false,"_monsterinsights_sitenote_note":"","_monsterinsights_sitenote_category":0,"jetpack_post_was_ever_published":false,"footnotes":""},"coauthors":[3231],"class_list":["post-8564","page","type-page","status-publish","hentry"],"yoast_head":"<!-- This site is optimized with the Yoast SEO plugin v27.4 - https:\/\/yoast.com\/product\/yoast-seo-wordpress\/ -->\n<title>Ihr B&amp;B Registrieren - Bed and Breakfast Inhaber Blog | Bedandbreakfast.eu<\/title>\n<meta name=\"description\" content=\"Registrieren Sie Ihre Unterkunft noch heute und profitieren Sie von zahlreichen Vorteilen.\" \/>\n<meta name=\"robots\" content=\"index, follow, max-snippet:-1, max-image-preview:large, max-video-preview:-1\" \/>\n<link rel=\"canonical\" href=\"https:\/\/blog.bedandbreakfast.eu\/innkeepers\/de\/b-b-registrieren\/\" \/>\n<meta property=\"og:locale\" content=\"de_DE\" \/>\n<meta property=\"og:type\" content=\"article\" \/>\n<meta property=\"og:title\" content=\"Ihr B&amp;B Registrieren - Bed and Breakfast Inhaber Blog | Bedandbreakfast.eu\" \/>\n<meta property=\"og:description\" content=\"Registrieren Sie Ihre Unterkunft noch heute und profitieren Sie von zahlreichen Vorteilen.\" \/>\n<meta property=\"og:url\" content=\"https:\/\/blog.bedandbreakfast.eu\/innkeepers\/de\/b-b-registrieren\/\" \/>\n<meta property=\"og:site_name\" content=\"Bed and Breakfast Inhaber Blog | Bedandbreakfast.eu\" \/>\n<meta property=\"article:modified_time\" content=\"2025-11-25T15:35:11+00:00\" \/>\n<meta property=\"og:image\" content=\"https:\/\/blog.bedandbreakfast.eu\/innkeepers\/wp-content\/uploads\/2025\/11\/BBEU-Blog-Innkeepers-register-page-.jpg\" \/>\n\t<meta property=\"og:image:width\" content=\"1200\" \/>\n\t<meta property=\"og:image:height\" content=\"188\" \/>\n\t<meta property=\"og:image:type\" content=\"image\/jpeg\" \/>\n<meta name=\"twitter:card\" content=\"summary_large_image\" \/>\n<meta name=\"twitter:label1\" content=\"Gesch\u00e4tzte Lesezeit\" \/>\n\t<meta name=\"twitter:data1\" content=\"1\u00a0Minute\" \/>\n<script type=\"application\/ld+json\" class=\"yoast-schema-graph\">{\"@context\":\"https:\\\/\\\/schema.org\",\"@graph\":[{\"@type\":\"WebPage\",\"@id\":\"https:\\\/\\\/blog.bedandbreakfast.eu\\\/innkeepers\\\/de\\\/b-b-registrieren\\\/\",\"url\":\"https:\\\/\\\/blog.bedandbreakfast.eu\\\/innkeepers\\\/de\\\/b-b-registrieren\\\/\",\"name\":\"Ihr B&B Registrieren - Bed and Breakfast Inhaber Blog | Bedandbreakfast.eu\",\"isPartOf\":{\"@id\":\"https:\\\/\\\/blog.bedandbreakfast.eu\\\/innkeepers\\\/de\\\/#website\"},\"primaryImageOfPage\":{\"@id\":\"https:\\\/\\\/blog.bedandbreakfast.eu\\\/innkeepers\\\/de\\\/b-b-registrieren\\\/#primaryimage\"},\"image\":{\"@id\":\"https:\\\/\\\/blog.bedandbreakfast.eu\\\/innkeepers\\\/de\\\/b-b-registrieren\\\/#primaryimage\"},\"thumbnailUrl\":\"https:\\\/\\\/blog.bedandbreakfast.eu\\\/innkeepers\\\/wp-content\\\/uploads\\\/2025\\\/11\\\/BBEU-Blog-Innkeepers-register-page-.jpg\",\"datePublished\":\"2017-12-06T16:16:26+00:00\",\"dateModified\":\"2025-11-25T15:35:11+00:00\",\"description\":\"Registrieren Sie Ihre Unterkunft noch heute und profitieren Sie von zahlreichen Vorteilen.\",\"breadcrumb\":{\"@id\":\"https:\\\/\\\/blog.bedandbreakfast.eu\\\/innkeepers\\\/de\\\/b-b-registrieren\\\/#breadcrumb\"},\"inLanguage\":\"de\",\"potentialAction\":[{\"@type\":\"ReadAction\",\"target\":[\"https:\\\/\\\/blog.bedandbreakfast.eu\\\/innkeepers\\\/de\\\/b-b-registrieren\\\/\"]}]},{\"@type\":\"ImageObject\",\"inLanguage\":\"de\",\"@id\":\"https:\\\/\\\/blog.bedandbreakfast.eu\\\/innkeepers\\\/de\\\/b-b-registrieren\\\/#primaryimage\",\"url\":\"https:\\\/\\\/blog.bedandbreakfast.eu\\\/innkeepers\\\/wp-content\\\/uploads\\\/2025\\\/11\\\/BBEU-Blog-Innkeepers-register-page-.jpg\",\"contentUrl\":\"https:\\\/\\\/blog.bedandbreakfast.eu\\\/innkeepers\\\/wp-content\\\/uploads\\\/2025\\\/11\\\/BBEU-Blog-Innkeepers-register-page-.jpg\"},{\"@type\":\"BreadcrumbList\",\"@id\":\"https:\\\/\\\/blog.bedandbreakfast.eu\\\/innkeepers\\\/de\\\/b-b-registrieren\\\/#breadcrumb\",\"itemListElement\":[{\"@type\":\"ListItem\",\"position\":1,\"name\":\"Home\",\"item\":\"https:\\\/\\\/blog.bedandbreakfast.eu\\\/innkeepers\\\/de\\\/\"},{\"@type\":\"ListItem\",\"position\":2,\"name\":\"Ihr B&#038;B Registrieren\"}]},{\"@type\":\"WebSite\",\"@id\":\"https:\\\/\\\/blog.bedandbreakfast.eu\\\/innkeepers\\\/de\\\/#website\",\"url\":\"https:\\\/\\\/blog.bedandbreakfast.eu\\\/innkeepers\\\/de\\\/\",\"name\":\"Bed and Breakfast Inhaber Blog | Bedandbreakfast.eu\",\"description\":\"Ein Blog von Bedandbreakfast.eu f\u00fcr Bed & Breakfast und Privatzimmer Inhaber. N\u00fctzliche und praktische Tipps, Kolumnen, Workshops und die aktuellsten News aus der B&B-Branche.\",\"potentialAction\":[{\"@type\":\"SearchAction\",\"target\":{\"@type\":\"EntryPoint\",\"urlTemplate\":\"https:\\\/\\\/blog.bedandbreakfast.eu\\\/innkeepers\\\/de\\\/?s={search_term_string}\"},\"query-input\":{\"@type\":\"PropertyValueSpecification\",\"valueRequired\":true,\"valueName\":\"search_term_string\"}}],\"inLanguage\":\"de\"}]}<\/script>\n<!-- \/ Yoast SEO plugin. -->","yoast_head_json":{"title":"Ihr B&B Registrieren - Bed and Breakfast Inhaber Blog | Bedandbreakfast.eu","description":"Registrieren Sie Ihre Unterkunft noch heute und profitieren Sie von zahlreichen Vorteilen.","robots":{"index":"index","follow":"follow","max-snippet":"max-snippet:-1","max-image-preview":"max-image-preview:large","max-video-preview":"max-video-preview:-1"},"canonical":"https:\/\/blog.bedandbreakfast.eu\/innkeepers\/de\/b-b-registrieren\/","og_locale":"de_DE","og_type":"article","og_title":"Ihr B&B Registrieren - Bed and Breakfast Inhaber Blog | Bedandbreakfast.eu","og_description":"Registrieren Sie Ihre Unterkunft noch heute und profitieren Sie von zahlreichen Vorteilen.","og_url":"https:\/\/blog.bedandbreakfast.eu\/innkeepers\/de\/b-b-registrieren\/","og_site_name":"Bed and Breakfast Inhaber Blog | Bedandbreakfast.eu","article_modified_time":"2025-11-25T15:35:11+00:00","og_image":[{"width":1200,"height":188,"url":"https:\/\/blog.bedandbreakfast.eu\/innkeepers\/wp-content\/uploads\/2025\/11\/BBEU-Blog-Innkeepers-register-page-.jpg","type":"image\/jpeg"}],"twitter_card":"summary_large_image","twitter_misc":{"Gesch\u00e4tzte Lesezeit":"1\u00a0Minute"},"schema":{"@context":"https:\/\/schema.org","@graph":[{"@type":"WebPage","@id":"https:\/\/blog.bedandbreakfast.eu\/innkeepers\/de\/b-b-registrieren\/","url":"https:\/\/blog.bedandbreakfast.eu\/innkeepers\/de\/b-b-registrieren\/","name":"Ihr B&B Registrieren - Bed and Breakfast Inhaber Blog | Bedandbreakfast.eu","isPartOf":{"@id":"https:\/\/blog.bedandbreakfast.eu\/innkeepers\/de\/#website"},"primaryImageOfPage":{"@id":"https:\/\/blog.bedandbreakfast.eu\/innkeepers\/de\/b-b-registrieren\/#primaryimage"},"image":{"@id":"https:\/\/blog.bedandbreakfast.eu\/innkeepers\/de\/b-b-registrieren\/#primaryimage"},"thumbnailUrl":"https:\/\/blog.bedandbreakfast.eu\/innkeepers\/wp-content\/uploads\/2025\/11\/BBEU-Blog-Innkeepers-register-page-.jpg","datePublished":"2017-12-06T16:16:26+00:00","dateModified":"2025-11-25T15:35:11+00:00","description":"Registrieren Sie Ihre Unterkunft noch heute und profitieren Sie von zahlreichen Vorteilen.","breadcrumb":{"@id":"https:\/\/blog.bedandbreakfast.eu\/innkeepers\/de\/b-b-registrieren\/#breadcrumb"},"inLanguage":"de","potentialAction":[{"@type":"ReadAction","target":["https:\/\/blog.bedandbreakfast.eu\/innkeepers\/de\/b-b-registrieren\/"]}]},{"@type":"ImageObject","inLanguage":"de","@id":"https:\/\/blog.bedandbreakfast.eu\/innkeepers\/de\/b-b-registrieren\/#primaryimage","url":"https:\/\/blog.bedandbreakfast.eu\/innkeepers\/wp-content\/uploads\/2025\/11\/BBEU-Blog-Innkeepers-register-page-.jpg","contentUrl":"https:\/\/blog.bedandbreakfast.eu\/innkeepers\/wp-content\/uploads\/2025\/11\/BBEU-Blog-Innkeepers-register-page-.jpg"},{"@type":"BreadcrumbList","@id":"https:\/\/blog.bedandbreakfast.eu\/innkeepers\/de\/b-b-registrieren\/#breadcrumb","itemListElement":[{"@type":"ListItem","position":1,"name":"Home","item":"https:\/\/blog.bedandbreakfast.eu\/innkeepers\/de\/"},{"@type":"ListItem","position":2,"name":"Ihr B&#038;B Registrieren"}]},{"@type":"WebSite","@id":"https:\/\/blog.bedandbreakfast.eu\/innkeepers\/de\/#website","url":"https:\/\/blog.bedandbreakfast.eu\/innkeepers\/de\/","name":"Bed and Breakfast Inhaber Blog | Bedandbreakfast.eu","description":"Ein Blog von Bedandbreakfast.eu f\u00fcr Bed & Breakfast und Privatzimmer Inhaber. N\u00fctzliche und praktische Tipps, Kolumnen, Workshops und die aktuellsten News aus der B&B-Branche.","potentialAction":[{"@type":"SearchAction","target":{"@type":"EntryPoint","urlTemplate":"https:\/\/blog.bedandbreakfast.eu\/innkeepers\/de\/?s={search_term_string}"},"query-input":{"@type":"PropertyValueSpecification","valueRequired":true,"valueName":"search_term_string"}}],"inLanguage":"de"}]}},"jetpack_shortlink":"https:\/\/wp.me\/P1XI7S-2e8","jetpack_sharing_enabled":true,"_links":{"self":[{"href":"https:\/\/blog.bedandbreakfast.eu\/innkeepers\/de\/wp-json\/wp\/v2\/pages\/8564","targetHints":{"allow":["GET"]}}],"collection":[{"href":"https:\/\/blog.bedandbreakfast.eu\/innkeepers\/de\/wp-json\/wp\/v2\/pages"}],"about":[{"href":"https:\/\/blog.bedandbreakfast.eu\/innkeepers\/de\/wp-json\/wp\/v2\/types\/page"}],"author":[{"embeddable":true,"href":"https:\/\/blog.bedandbreakfast.eu\/innkeepers\/de\/wp-json\/wp\/v2\/users\/14"}],"replies":[{"embeddable":true,"href":"https:\/\/blog.bedandbreakfast.eu\/innkeepers\/de\/wp-json\/wp\/v2\/comments?post=8564"}],"version-history":[{"count":21,"href":"https:\/\/blog.bedandbreakfast.eu\/innkeepers\/de\/wp-json\/wp\/v2\/pages\/8564\/revisions"}],"predecessor-version":[{"id":22946,"href":"https:\/\/blog.bedandbreakfast.eu\/innkeepers\/de\/wp-json\/wp\/v2\/pages\/8564\/revisions\/22946"}],"wp:attachment":[{"href":"https:\/\/blog.bedandbreakfast.eu\/innkeepers\/de\/wp-json\/wp\/v2\/media?parent=8564"}],"wp:term":[{"taxonomy":"author","embeddable":true,"href":"https:\/\/blog.bedandbreakfast.eu\/innkeepers\/de\/wp-json\/wp\/v2\/coauthors?post=8564"}],"curies":[{"name":"wp","href":"https:\/\/api.w.org\/{rel}","templated":true}]}}