{"id":8554,"date":"2017-12-06T16:14:23","date_gmt":"2017-12-06T16:14:23","guid":{"rendered":"https:\/\/blog.bedandbreakfast.eu\/innkeepers\/running-a-bb\/"},"modified":"2017-12-29T11:45:56","modified_gmt":"2017-12-29T11:45:56","slug":"bb-fuhren","status":"publish","type":"page","link":"https:\/\/blog.bedandbreakfast.eu\/innkeepers\/de\/bb-fuhren\/","title":{"rendered":"B&#038;B F\u00fchren"},"content":{"rendered":"<p><img loading=\"lazy\" decoding=\"async\" class=\"aligncenter size-full wp-image-8773\" src=\"https:\/\/blog.bedandbreakfast.eu\/innkeepers\/wp-content\/uploads\/2017\/12\/Foto_eigenaar.png\" alt=\"Bedandbreakfast.eu; B&amp;B Runnen\" width=\"1200\" height=\"188\" srcset=\"https:\/\/blog.bedandbreakfast.eu\/innkeepers\/wp-content\/uploads\/2017\/12\/Foto_eigenaar.png 1200w, https:\/\/blog.bedandbreakfast.eu\/innkeepers\/wp-content\/uploads\/2017\/12\/Foto_eigenaar-300x47.png 300w, https:\/\/blog.bedandbreakfast.eu\/innkeepers\/wp-content\/uploads\/2017\/12\/Foto_eigenaar-768x120.png 768w, https:\/\/blog.bedandbreakfast.eu\/innkeepers\/wp-content\/uploads\/2017\/12\/Foto_eigenaar-1024x160.png 1024w, https:\/\/blog.bedandbreakfast.eu\/innkeepers\/wp-content\/uploads\/2017\/12\/Foto_eigenaar-810x127.png 810w, https:\/\/blog.bedandbreakfast.eu\/innkeepers\/wp-content\/uploads\/2017\/12\/Foto_eigenaar-1140x179.png 1140w\" sizes=\"auto, (max-width: 1200px) 100vw, 1200px\" \/><\/p>\n<h1><b>Erfolgreich ein Bed and Breakfast f\u00fchren<\/b><\/h1>\n<p><span style=\"font-weight: 400;\">Viele Newcomer haben eine ziemlich idealisierte Vorstellung vom Leiten eines Bed and Breakfasts. Sie f\u00fchlen sich best\u00e4tigt, wenn ihre G\u00e4ste nach einem problemlos verlaufenen Aufenthalt rundum zufrieden nach Hause gehen. Doch damit ein B&amp;B erfolgreich gef\u00fchrt werden kann, braucht man einiges an Know-how und Erfahrung. <\/span><\/p>\n","protected":false},"excerpt":{"rendered":"<p>Erfolgreich ein Bed and Breakfast f\u00fchren Viele Newcomer haben eine ziemlich idealisierte Vorstellung vom Leiten eines Bed and Breakfasts. Sie f\u00fchlen sich best\u00e4tigt, wenn ihre G\u00e4ste nach einem problemlos verlaufenen Aufenthalt rundum zufrieden nach Hause gehen. Doch damit ein B&amp;B erfolgreich gef\u00fchrt werden kann, braucht man einiges an Know-how und Erfahrung.<\/p>\n","protected":false},"author":14,"featured_media":0,"parent":0,"menu_order":0,"comment_status":"closed","ping_status":"closed","template":"template-modules.php","meta":{"_monsterinsights_skip_tracking":false,"_monsterinsights_sitenote_active":false,"_monsterinsights_sitenote_note":"","_monsterinsights_sitenote_category":0,"jetpack_post_was_ever_published":false,"footnotes":""},"coauthors":[3231,3176],"class_list":["post-8554","page","type-page","status-publish","hentry"],"yoast_head":"<!-- This site is optimized with the Yoast SEO plugin v27.5 - https:\/\/yoast.com\/product\/yoast-seo-wordpress\/ -->\n<title>B&amp;B F\u00fchren - Bed and Breakfast Inhaber Blog | Bedandbreakfast.eu<\/title>\n<meta name=\"description\" content=\"Viele Newcomer haben eine ziemlich idealisierte Vorstellung vom Leiten eines B&amp;B. Doch braucht man einiges an Know-how und Erfahrung.\" \/>\n<meta name=\"robots\" content=\"index, follow, max-snippet:-1, max-image-preview:large, max-video-preview:-1\" \/>\n<link rel=\"canonical\" href=\"https:\/\/blog.bedandbreakfast.eu\/innkeepers\/de\/bb-fuhren\/\" \/>\n<meta property=\"og:locale\" content=\"de_DE\" \/>\n<meta property=\"og:type\" content=\"article\" \/>\n<meta property=\"og:title\" content=\"B&amp;B F\u00fchren - Bed and Breakfast Inhaber Blog | Bedandbreakfast.eu\" \/>\n<meta property=\"og:description\" content=\"Viele Newcomer haben eine ziemlich idealisierte Vorstellung vom Leiten eines B&amp;B. Doch braucht man einiges an Know-how und Erfahrung.\" \/>\n<meta property=\"og:url\" content=\"https:\/\/blog.bedandbreakfast.eu\/innkeepers\/de\/bb-fuhren\/\" \/>\n<meta property=\"og:site_name\" content=\"Bed and Breakfast Inhaber Blog | Bedandbreakfast.eu\" \/>\n<meta property=\"article:modified_time\" content=\"2017-12-29T11:45:56+00:00\" \/>\n<meta property=\"og:image\" content=\"https:\/\/blog.bedandbreakfast.eu\/innkeepers\/wp-content\/uploads\/2017\/12\/Foto_eigenaar.png\" \/>\n<meta name=\"twitter:card\" content=\"summary_large_image\" \/>\n<meta name=\"twitter:label1\" content=\"Written by\" \/>\n\t<meta name=\"twitter:data1\" content=\"Mark Verhoeven\" \/>\n<script type=\"application\/ld+json\" class=\"yoast-schema-graph\">{\"@context\":\"https:\\\/\\\/schema.org\",\"@graph\":[{\"@type\":\"WebPage\",\"@id\":\"https:\\\/\\\/blog.bedandbreakfast.eu\\\/innkeepers\\\/de\\\/bb-fuhren\\\/\",\"url\":\"https:\\\/\\\/blog.bedandbreakfast.eu\\\/innkeepers\\\/de\\\/bb-fuhren\\\/\",\"name\":\"B&B F\u00fchren - Bed and Breakfast Inhaber Blog | Bedandbreakfast.eu\",\"isPartOf\":{\"@id\":\"https:\\\/\\\/blog.bedandbreakfast.eu\\\/innkeepers\\\/de\\\/#website\"},\"primaryImageOfPage\":{\"@id\":\"https:\\\/\\\/blog.bedandbreakfast.eu\\\/innkeepers\\\/de\\\/bb-fuhren\\\/#primaryimage\"},\"image\":{\"@id\":\"https:\\\/\\\/blog.bedandbreakfast.eu\\\/innkeepers\\\/de\\\/bb-fuhren\\\/#primaryimage\"},\"thumbnailUrl\":\"https:\\\/\\\/blog.bedandbreakfast.eu\\\/innkeepers\\\/wp-content\\\/uploads\\\/2017\\\/12\\\/Foto_eigenaar.png\",\"datePublished\":\"2017-12-06T16:14:23+00:00\",\"dateModified\":\"2017-12-29T11:45:56+00:00\",\"description\":\"Viele Newcomer haben eine ziemlich idealisierte Vorstellung vom Leiten eines B&B. Doch braucht man einiges an Know-how und Erfahrung.\",\"breadcrumb\":{\"@id\":\"https:\\\/\\\/blog.bedandbreakfast.eu\\\/innkeepers\\\/de\\\/bb-fuhren\\\/#breadcrumb\"},\"inLanguage\":\"de\",\"potentialAction\":[{\"@type\":\"ReadAction\",\"target\":[\"https:\\\/\\\/blog.bedandbreakfast.eu\\\/innkeepers\\\/de\\\/bb-fuhren\\\/\"]}]},{\"@type\":\"ImageObject\",\"inLanguage\":\"de\",\"@id\":\"https:\\\/\\\/blog.bedandbreakfast.eu\\\/innkeepers\\\/de\\\/bb-fuhren\\\/#primaryimage\",\"url\":\"https:\\\/\\\/blog.bedandbreakfast.eu\\\/innkeepers\\\/wp-content\\\/uploads\\\/2017\\\/12\\\/Foto_eigenaar.png\",\"contentUrl\":\"https:\\\/\\\/blog.bedandbreakfast.eu\\\/innkeepers\\\/wp-content\\\/uploads\\\/2017\\\/12\\\/Foto_eigenaar.png\"},{\"@type\":\"BreadcrumbList\",\"@id\":\"https:\\\/\\\/blog.bedandbreakfast.eu\\\/innkeepers\\\/de\\\/bb-fuhren\\\/#breadcrumb\",\"itemListElement\":[{\"@type\":\"ListItem\",\"position\":1,\"name\":\"Home\",\"item\":\"https:\\\/\\\/blog.bedandbreakfast.eu\\\/innkeepers\\\/de\\\/\"},{\"@type\":\"ListItem\",\"position\":2,\"name\":\"B&#038;B F\u00fchren\"}]},{\"@type\":\"WebSite\",\"@id\":\"https:\\\/\\\/blog.bedandbreakfast.eu\\\/innkeepers\\\/de\\\/#website\",\"url\":\"https:\\\/\\\/blog.bedandbreakfast.eu\\\/innkeepers\\\/de\\\/\",\"name\":\"Bed and Breakfast Inhaber Blog | Bedandbreakfast.eu\",\"description\":\"Ein Blog von Bedandbreakfast.eu f\u00fcr Bed & Breakfast und Privatzimmer Inhaber. N\u00fctzliche und praktische Tipps, Kolumnen, Workshops und die aktuellsten News aus der B&B-Branche.\",\"potentialAction\":[{\"@type\":\"SearchAction\",\"target\":{\"@type\":\"EntryPoint\",\"urlTemplate\":\"https:\\\/\\\/blog.bedandbreakfast.eu\\\/innkeepers\\\/de\\\/?s={search_term_string}\"},\"query-input\":{\"@type\":\"PropertyValueSpecification\",\"valueRequired\":true,\"valueName\":\"search_term_string\"}}],\"inLanguage\":\"de\"}]}<\/script>\n<!-- \/ Yoast SEO plugin. -->","yoast_head_json":{"title":"B&B F\u00fchren - Bed and Breakfast Inhaber Blog | Bedandbreakfast.eu","description":"Viele Newcomer haben eine ziemlich idealisierte Vorstellung vom Leiten eines B&B. Doch braucht man einiges an Know-how und Erfahrung.","robots":{"index":"index","follow":"follow","max-snippet":"max-snippet:-1","max-image-preview":"max-image-preview:large","max-video-preview":"max-video-preview:-1"},"canonical":"https:\/\/blog.bedandbreakfast.eu\/innkeepers\/de\/bb-fuhren\/","og_locale":"de_DE","og_type":"article","og_title":"B&B F\u00fchren - Bed and Breakfast Inhaber Blog | Bedandbreakfast.eu","og_description":"Viele Newcomer haben eine ziemlich idealisierte Vorstellung vom Leiten eines B&B. Doch braucht man einiges an Know-how und Erfahrung.","og_url":"https:\/\/blog.bedandbreakfast.eu\/innkeepers\/de\/bb-fuhren\/","og_site_name":"Bed and Breakfast Inhaber Blog | Bedandbreakfast.eu","article_modified_time":"2017-12-29T11:45:56+00:00","og_image":[{"url":"https:\/\/blog.bedandbreakfast.eu\/innkeepers\/wp-content\/uploads\/2017\/12\/Foto_eigenaar.png","type":"","width":"","height":""}],"twitter_card":"summary_large_image","twitter_misc":{"Written by":"Mark Verhoeven"},"schema":{"@context":"https:\/\/schema.org","@graph":[{"@type":"WebPage","@id":"https:\/\/blog.bedandbreakfast.eu\/innkeepers\/de\/bb-fuhren\/","url":"https:\/\/blog.bedandbreakfast.eu\/innkeepers\/de\/bb-fuhren\/","name":"B&B F\u00fchren - Bed and Breakfast Inhaber Blog | Bedandbreakfast.eu","isPartOf":{"@id":"https:\/\/blog.bedandbreakfast.eu\/innkeepers\/de\/#website"},"primaryImageOfPage":{"@id":"https:\/\/blog.bedandbreakfast.eu\/innkeepers\/de\/bb-fuhren\/#primaryimage"},"image":{"@id":"https:\/\/blog.bedandbreakfast.eu\/innkeepers\/de\/bb-fuhren\/#primaryimage"},"thumbnailUrl":"https:\/\/blog.bedandbreakfast.eu\/innkeepers\/wp-content\/uploads\/2017\/12\/Foto_eigenaar.png","datePublished":"2017-12-06T16:14:23+00:00","dateModified":"2017-12-29T11:45:56+00:00","description":"Viele Newcomer haben eine ziemlich idealisierte Vorstellung vom Leiten eines B&B. Doch braucht man einiges an Know-how und Erfahrung.","breadcrumb":{"@id":"https:\/\/blog.bedandbreakfast.eu\/innkeepers\/de\/bb-fuhren\/#breadcrumb"},"inLanguage":"de","potentialAction":[{"@type":"ReadAction","target":["https:\/\/blog.bedandbreakfast.eu\/innkeepers\/de\/bb-fuhren\/"]}]},{"@type":"ImageObject","inLanguage":"de","@id":"https:\/\/blog.bedandbreakfast.eu\/innkeepers\/de\/bb-fuhren\/#primaryimage","url":"https:\/\/blog.bedandbreakfast.eu\/innkeepers\/wp-content\/uploads\/2017\/12\/Foto_eigenaar.png","contentUrl":"https:\/\/blog.bedandbreakfast.eu\/innkeepers\/wp-content\/uploads\/2017\/12\/Foto_eigenaar.png"},{"@type":"BreadcrumbList","@id":"https:\/\/blog.bedandbreakfast.eu\/innkeepers\/de\/bb-fuhren\/#breadcrumb","itemListElement":[{"@type":"ListItem","position":1,"name":"Home","item":"https:\/\/blog.bedandbreakfast.eu\/innkeepers\/de\/"},{"@type":"ListItem","position":2,"name":"B&#038;B F\u00fchren"}]},{"@type":"WebSite","@id":"https:\/\/blog.bedandbreakfast.eu\/innkeepers\/de\/#website","url":"https:\/\/blog.bedandbreakfast.eu\/innkeepers\/de\/","name":"Bed and Breakfast Inhaber Blog | Bedandbreakfast.eu","description":"Ein Blog von Bedandbreakfast.eu f\u00fcr Bed & Breakfast und Privatzimmer Inhaber. N\u00fctzliche und praktische Tipps, Kolumnen, Workshops und die aktuellsten News aus der B&B-Branche.","potentialAction":[{"@type":"SearchAction","target":{"@type":"EntryPoint","urlTemplate":"https:\/\/blog.bedandbreakfast.eu\/innkeepers\/de\/?s={search_term_string}"},"query-input":{"@type":"PropertyValueSpecification","valueRequired":true,"valueName":"search_term_string"}}],"inLanguage":"de"}]}},"jetpack_shortlink":"https:\/\/wp.me\/P1XI7S-2dY","jetpack_sharing_enabled":true,"_links":{"self":[{"href":"https:\/\/blog.bedandbreakfast.eu\/innkeepers\/de\/wp-json\/wp\/v2\/pages\/8554","targetHints":{"allow":["GET"]}}],"collection":[{"href":"https:\/\/blog.bedandbreakfast.eu\/innkeepers\/de\/wp-json\/wp\/v2\/pages"}],"about":[{"href":"https:\/\/blog.bedandbreakfast.eu\/innkeepers\/de\/wp-json\/wp\/v2\/types\/page"}],"author":[{"embeddable":true,"href":"https:\/\/blog.bedandbreakfast.eu\/innkeepers\/de\/wp-json\/wp\/v2\/users\/14"}],"replies":[{"embeddable":true,"href":"https:\/\/blog.bedandbreakfast.eu\/innkeepers\/de\/wp-json\/wp\/v2\/comments?post=8554"}],"version-history":[{"count":6,"href":"https:\/\/blog.bedandbreakfast.eu\/innkeepers\/de\/wp-json\/wp\/v2\/pages\/8554\/revisions"}],"predecessor-version":[{"id":9101,"href":"https:\/\/blog.bedandbreakfast.eu\/innkeepers\/de\/wp-json\/wp\/v2\/pages\/8554\/revisions\/9101"}],"wp:attachment":[{"href":"https:\/\/blog.bedandbreakfast.eu\/innkeepers\/de\/wp-json\/wp\/v2\/media?parent=8554"}],"wp:term":[{"taxonomy":"author","embeddable":true,"href":"https:\/\/blog.bedandbreakfast.eu\/innkeepers\/de\/wp-json\/wp\/v2\/coauthors?post=8554"}],"curies":[{"name":"wp","href":"https:\/\/api.w.org\/{rel}","templated":true}]}}