{"id":9474,"date":"2017-12-11T09:56:10","date_gmt":"2017-12-11T09:56:10","guid":{"rendered":"https:\/\/blog.bedandbreakfast.eu\/inspiration\/"},"modified":"2019-10-24T09:29:21","modified_gmt":"2019-10-24T09:29:21","slug":"inspirer","status":"publish","type":"page","link":"https:\/\/blog.bedandbreakfast.eu\/fr\/inspirer\/","title":{"rendered":"S&#8217;inspirer"},"content":{"rendered":"<p><img loading=\"lazy\" decoding=\"async\" class=\"alignnone size-full wp-image-9632\" src=\"https://blog.bedandbreakfast.eu/wp-content\/uploads\/2017\/12\/Uniek_2.png\" alt=\"Bedandbreakfast.eu_unieke B&amp;B's\" width=\"1200\" height=\"188\" srcset=\"https:\/\/blog.bedandbreakfast.eu\/wp-content\/uploads\/2017\/12\/Uniek_2.png 1200w, https:\/\/blog.bedandbreakfast.eu\/wp-content\/uploads\/2017\/12\/Uniek_2-300x47.png 300w, https:\/\/blog.bedandbreakfast.eu\/wp-content\/uploads\/2017\/12\/Uniek_2-768x120.png 768w, https:\/\/blog.bedandbreakfast.eu\/wp-content\/uploads\/2017\/12\/Uniek_2-1024x160.png 1024w, https:\/\/blog.bedandbreakfast.eu\/wp-content\/uploads\/2017\/12\/Uniek_2-810x127.png 810w, https:\/\/blog.bedandbreakfast.eu\/wp-content\/uploads\/2017\/12\/Uniek_2-1140x179.png 1140w\" sizes=\"auto, (max-width: 1200px) 100vw, 1200px\" \/><\/p>\n<h1><b>Laissez-vous inspirer<\/b><\/h1>\n<p><span style=\"font-weight: 400;\">Pas d\u2019id\u00e9es pr\u00e9cises sur votre destination\u00a0? Alors laissez-vous inspirer par les conseils de nos h\u00f4tes toujours passionn\u00e9s et par le charme de leurs chambres d\u2019h\u00f4tes. Pour finaliser votre choix profitez \u00e9galement des avis et des bons plans d\u2019autres voyageurs. Abonnez-vous \u00e0 notre newsletter pour ne rien rater de nos nouveaut\u00e9s.<\/span><\/p>\n<p><span style=\"font-weight: 400;\"><strong><a class=\"mks_button mks_button_medium rounded\" href=\"https:\/\/sibforms.com\/serve\/MUIEAHsDyFK9Xvqgprkd9XaXAXBzRR0hSSidqxLro7p9JdWpZNECddXvt8loJzzlkgFYWOV3XfTTx_Pm8AiQZWOhNkzE8R_5wXGBw7OqspCnTy9x4K4FeDSDwccDhRNKwdoTN54yonVgw6WQeXJLkQK-1NM6sv2C7imovZAbQWIcJFp86w2NXwLltwQ6b7X_HwXKfgxPFWD0cFyD\" target=\"_blank\" style=\"color: #FFFFFF; background-color: #e3458c;\" >Laissez-vous Inspirer<\/a><\/strong><\/span><\/p>\n","protected":false},"excerpt":{"rendered":"<p>Laissez-vous inspirer Pas d\u2019id\u00e9es pr\u00e9cises sur votre destination\u00a0? Alors laissez-vous inspirer par les conseils de nos h\u00f4tes toujours passionn\u00e9s et par le charme de leurs chambres d\u2019h\u00f4tes. Pour finaliser votre choix profitez \u00e9galement des avis et des bons plans d\u2019autres voyageurs. Abonnez-vous \u00e0 notre newsletter pour ne rien rater de nos nouveaut\u00e9s.<\/p>\n","protected":false},"author":17,"featured_media":0,"parent":0,"menu_order":0,"comment_status":"closed","ping_status":"closed","template":"template-modules.php","meta":{"_monsterinsights_skip_tracking":false,"_monsterinsights_sitenote_active":false,"_monsterinsights_sitenote_note":"","_monsterinsights_sitenote_category":0,"footnotes":""},"coauthors":[5505],"class_list":["post-9474","page","type-page","status-publish","hentry"],"yoast_head":"<!-- This site is optimized with the Yoast SEO plugin v27.6 - https:\/\/yoast.com\/product\/yoast-seo-wordpress\/ -->\n<title>Laissez-vous inspirer - Chambres d&#039;Hotes Blog | Bedandbreakfast.eu<\/title>\n<meta name=\"description\" content=\"Alors laissez-vous inspirer par les conseils de nos h\u00f4tes toujours passionn\u00e9s et par le charme de leurs chambres d\u2019h\u00f4tes.\" \/>\n<meta name=\"robots\" content=\"index, follow, max-snippet:-1, max-image-preview:large, max-video-preview:-1\" \/>\n<link rel=\"canonical\" href=\"https:\/\/blog.bedandbreakfast.eu\/fr\/inspirer\/\" \/>\n<meta property=\"og:locale\" content=\"fr_FR\" \/>\n<meta property=\"og:type\" content=\"article\" \/>\n<meta property=\"og:title\" content=\"Laissez-vous inspirer - Chambres d&#039;Hotes Blog | Bedandbreakfast.eu\" \/>\n<meta property=\"og:description\" content=\"Alors laissez-vous inspirer par les conseils de nos h\u00f4tes toujours passionn\u00e9s et par le charme de leurs chambres d\u2019h\u00f4tes.\" \/>\n<meta property=\"og:url\" content=\"https:\/\/blog.bedandbreakfast.eu\/fr\/inspirer\/\" \/>\n<meta property=\"og:site_name\" content=\"Chambre d&#039;H\u00f4tes Blog | Bedandbreakfast.eu\" \/>\n<meta property=\"article:modified_time\" content=\"2019-10-24T09:29:21+00:00\" \/>\n<meta property=\"og:image\" content=\"https://blog.bedandbreakfast.eu/wp-content\/uploads\/2017\/12\/Uniek_2.png\" \/>\n<meta name=\"twitter:card\" content=\"summary_large_image\" \/>\n<meta name=\"twitter:label1\" content=\"Dur\u00e9e de lecture estim\u00e9e\" \/>\n\t<meta name=\"twitter:data1\" content=\"1 minute\" \/>\n<script type=\"application\/ld+json\" class=\"yoast-schema-graph\">{\"@context\":\"https:\\\/\\\/schema.org\",\"@graph\":[{\"@type\":\"WebPage\",\"@id\":\"https:\\\/\\\/blog.bedandbreakfast.eu\\\/fr\\\/inspirer\\\/\",\"url\":\"https:\\\/\\\/blog.bedandbreakfast.eu\\\/fr\\\/inspirer\\\/\",\"name\":\"Laissez-vous inspirer - Chambres d'Hotes Blog | Bedandbreakfast.eu\",\"isPartOf\":{\"@id\":\"https:\\\/\\\/blog.bedandbreakfast.eu\\\/nl\\\/#website\"},\"primaryImageOfPage\":{\"@id\":\"https:\\\/\\\/blog.bedandbreakfast.eu\\\/fr\\\/inspirer\\\/#primaryimage\"},\"image\":{\"@id\":\"https:\\\/\\\/blog.bedandbreakfast.eu\\\/fr\\\/inspirer\\\/#primaryimage\"},\"thumbnailUrl\":\"https:\\\/\\\/www.bedandbreakfast.eu\\\/blog\\\/wp-content\\\/uploads\\\/2017\\\/12\\\/Uniek_2.png\",\"datePublished\":\"2017-12-11T09:56:10+00:00\",\"dateModified\":\"2019-10-24T09:29:21+00:00\",\"description\":\"Alors laissez-vous inspirer par les conseils de nos h\u00f4tes toujours passionn\u00e9s et par le charme de leurs chambres d\u2019h\u00f4tes.\",\"breadcrumb\":{\"@id\":\"https:\\\/\\\/blog.bedandbreakfast.eu\\\/fr\\\/inspirer\\\/#breadcrumb\"},\"inLanguage\":\"fr-FR\",\"potentialAction\":[{\"@type\":\"ReadAction\",\"target\":[\"https:\\\/\\\/blog.bedandbreakfast.eu\\\/fr\\\/inspirer\\\/\"]}]},{\"@type\":\"ImageObject\",\"inLanguage\":\"fr-FR\",\"@id\":\"https:\\\/\\\/blog.bedandbreakfast.eu\\\/fr\\\/inspirer\\\/#primaryimage\",\"url\":\"https:\\\/\\\/www.bedandbreakfast.eu\\\/blog\\\/wp-content\\\/uploads\\\/2017\\\/12\\\/Uniek_2.png\",\"contentUrl\":\"https:\\\/\\\/www.bedandbreakfast.eu\\\/blog\\\/wp-content\\\/uploads\\\/2017\\\/12\\\/Uniek_2.png\"},{\"@type\":\"BreadcrumbList\",\"@id\":\"https:\\\/\\\/blog.bedandbreakfast.eu\\\/fr\\\/inspirer\\\/#breadcrumb\",\"itemListElement\":[{\"@type\":\"ListItem\",\"position\":1,\"name\":\"Home\",\"item\":\"https:\\\/\\\/blog.bedandbreakfast.eu\\\/fr\\\/\"},{\"@type\":\"ListItem\",\"position\":2,\"name\":\"S&rsquo;inspirer\"}]},{\"@type\":\"WebSite\",\"@id\":\"https:\\\/\\\/blog.bedandbreakfast.eu\\\/nl\\\/#website\",\"url\":\"https:\\\/\\\/blog.bedandbreakfast.eu\\\/nl\\\/\",\"name\":\"Chambre d&#039;H\u00f4tes Blog | Bedandbreakfast.eu\",\"description\":\"Des blogs concernant des B&amp;B uniques, propos\u00e9s par Bedandbreakfast.eu. De nouvelles inspirations pour des s\u00e9jours et sorties en B&amp;B dans les plus beaux endroits du monde.\",\"potentialAction\":[{\"@type\":\"SearchAction\",\"target\":{\"@type\":\"EntryPoint\",\"urlTemplate\":\"https:\\\/\\\/blog.bedandbreakfast.eu\\\/nl\\\/?s={search_term_string}\"},\"query-input\":{\"@type\":\"PropertyValueSpecification\",\"valueRequired\":true,\"valueName\":\"search_term_string\"}}],\"inLanguage\":\"fr-FR\"}]}<\/script>\n<!-- \/ Yoast SEO plugin. -->","yoast_head_json":{"title":"Laissez-vous inspirer - Chambres d'Hotes Blog | Bedandbreakfast.eu","description":"Alors laissez-vous inspirer par les conseils de nos h\u00f4tes toujours passionn\u00e9s et par le charme de leurs chambres d\u2019h\u00f4tes.","robots":{"index":"index","follow":"follow","max-snippet":"max-snippet:-1","max-image-preview":"max-image-preview:large","max-video-preview":"max-video-preview:-1"},"canonical":"https:\/\/blog.bedandbreakfast.eu\/fr\/inspirer\/","og_locale":"fr_FR","og_type":"article","og_title":"Laissez-vous inspirer - Chambres d'Hotes Blog | Bedandbreakfast.eu","og_description":"Alors laissez-vous inspirer par les conseils de nos h\u00f4tes toujours passionn\u00e9s et par le charme de leurs chambres d\u2019h\u00f4tes.","og_url":"https:\/\/blog.bedandbreakfast.eu\/fr\/inspirer\/","og_site_name":"Chambre d&#039;H\u00f4tes Blog | Bedandbreakfast.eu","article_modified_time":"2019-10-24T09:29:21+00:00","og_image":[{"url":"https://blog.bedandbreakfast.eu/wp-content\/uploads\/2017\/12\/Uniek_2.png","type":"","width":"","height":""}],"twitter_card":"summary_large_image","twitter_misc":{"Dur\u00e9e de lecture estim\u00e9e":"1 minute"},"schema":{"@context":"https:\/\/schema.org","@graph":[{"@type":"WebPage","@id":"https:\/\/blog.bedandbreakfast.eu\/fr\/inspirer\/","url":"https:\/\/blog.bedandbreakfast.eu\/fr\/inspirer\/","name":"Laissez-vous inspirer - Chambres d'Hotes Blog | Bedandbreakfast.eu","isPartOf":{"@id":"https:\/\/blog.bedandbreakfast.eu\/nl\/#website"},"primaryImageOfPage":{"@id":"https:\/\/blog.bedandbreakfast.eu\/fr\/inspirer\/#primaryimage"},"image":{"@id":"https:\/\/blog.bedandbreakfast.eu\/fr\/inspirer\/#primaryimage"},"thumbnailUrl":"https://blog.bedandbreakfast.eu/wp-content\/uploads\/2017\/12\/Uniek_2.png","datePublished":"2017-12-11T09:56:10+00:00","dateModified":"2019-10-24T09:29:21+00:00","description":"Alors laissez-vous inspirer par les conseils de nos h\u00f4tes toujours passionn\u00e9s et par le charme de leurs chambres d\u2019h\u00f4tes.","breadcrumb":{"@id":"https:\/\/blog.bedandbreakfast.eu\/fr\/inspirer\/#breadcrumb"},"inLanguage":"fr-FR","potentialAction":[{"@type":"ReadAction","target":["https:\/\/blog.bedandbreakfast.eu\/fr\/inspirer\/"]}]},{"@type":"ImageObject","inLanguage":"fr-FR","@id":"https:\/\/blog.bedandbreakfast.eu\/fr\/inspirer\/#primaryimage","url":"https://blog.bedandbreakfast.eu/wp-content\/uploads\/2017\/12\/Uniek_2.png","contentUrl":"https://blog.bedandbreakfast.eu/wp-content\/uploads\/2017\/12\/Uniek_2.png"},{"@type":"BreadcrumbList","@id":"https:\/\/blog.bedandbreakfast.eu\/fr\/inspirer\/#breadcrumb","itemListElement":[{"@type":"ListItem","position":1,"name":"Home","item":"https:\/\/blog.bedandbreakfast.eu\/fr\/"},{"@type":"ListItem","position":2,"name":"S&rsquo;inspirer"}]},{"@type":"WebSite","@id":"https:\/\/blog.bedandbreakfast.eu\/nl\/#website","url":"https:\/\/blog.bedandbreakfast.eu\/nl\/","name":"Chambre d&#039;H\u00f4tes Blog | Bedandbreakfast.eu","description":"Des blogs concernant des B&amp;B uniques, propos\u00e9s par Bedandbreakfast.eu. De nouvelles inspirations pour des s\u00e9jours et sorties en B&amp;B dans les plus beaux endroits du monde.","potentialAction":[{"@type":"SearchAction","target":{"@type":"EntryPoint","urlTemplate":"https:\/\/blog.bedandbreakfast.eu\/nl\/?s={search_term_string}"},"query-input":{"@type":"PropertyValueSpecification","valueRequired":true,"valueName":"search_term_string"}}],"inLanguage":"fr-FR"}]}},"jetpack_shortlink":"https:\/\/wp.me\/P9vhf3-2sO","jetpack_sharing_enabled":true,"_links":{"self":[{"href":"https:\/\/blog.bedandbreakfast.eu\/fr\/wp-json\/wp\/v2\/pages\/9474","targetHints":{"allow":["GET"]}}],"collection":[{"href":"https:\/\/blog.bedandbreakfast.eu\/fr\/wp-json\/wp\/v2\/pages"}],"about":[{"href":"https:\/\/blog.bedandbreakfast.eu\/fr\/wp-json\/wp\/v2\/types\/page"}],"author":[{"embeddable":true,"href":"https:\/\/blog.bedandbreakfast.eu\/fr\/wp-json\/wp\/v2\/users\/17"}],"replies":[{"embeddable":true,"href":"https:\/\/blog.bedandbreakfast.eu\/fr\/wp-json\/wp\/v2\/comments?post=9474"}],"version-history":[{"count":1,"href":"https:\/\/blog.bedandbreakfast.eu\/fr\/wp-json\/wp\/v2\/pages\/9474\/revisions"}],"predecessor-version":[{"id":16671,"href":"https:\/\/blog.bedandbreakfast.eu\/fr\/wp-json\/wp\/v2\/pages\/9474\/revisions\/16671"}],"wp:attachment":[{"href":"https:\/\/blog.bedandbreakfast.eu\/fr\/wp-json\/wp\/v2\/media?parent=9474"}],"wp:term":[{"taxonomy":"author","embeddable":true,"href":"https:\/\/blog.bedandbreakfast.eu\/fr\/wp-json\/wp\/v2\/coauthors?post=9474"}],"curies":[{"name":"wp","href":"https:\/\/api.w.org\/{rel}","templated":true}]}}