{"id":9333,"date":"2017-12-06T10:48:11","date_gmt":"2017-12-06T10:48:11","guid":{"rendered":"https:\/\/blog.bedandbreakfast.eu\/unique-bbs\/"},"modified":"2017-12-18T13:02:13","modified_gmt":"2017-12-18T13:02:13","slug":"chambres-d-hotes-uniques","status":"publish","type":"page","link":"https:\/\/blog.bedandbreakfast.eu\/fr\/chambres-d-hotes-uniques\/","title":{"rendered":"Chambres d&#8217;H\u00f4tes Uniques"},"content":{"rendered":"<p><img loading=\"lazy\" decoding=\"async\" class=\"alignnone size-full wp-image-9653\" src=\"https:\/\/blog.bedandbreakfast.eu\/wp-content\/uploads\/2017\/12\/1.png\" alt=\"Bedandbreakfast.eu_unique B&amp;B's\" width=\"1200\" height=\"188\" srcset=\"https:\/\/blog.bedandbreakfast.eu\/wp-content\/uploads\/2017\/12\/1.png 1200w, https:\/\/blog.bedandbreakfast.eu\/wp-content\/uploads\/2017\/12\/1-300x47.png 300w, https:\/\/blog.bedandbreakfast.eu\/wp-content\/uploads\/2017\/12\/1-768x120.png 768w, https:\/\/blog.bedandbreakfast.eu\/wp-content\/uploads\/2017\/12\/1-1024x160.png 1024w, https:\/\/blog.bedandbreakfast.eu\/wp-content\/uploads\/2017\/12\/1-810x127.png 810w, https:\/\/blog.bedandbreakfast.eu\/wp-content\/uploads\/2017\/12\/1-1140x179.png 1140w\" sizes=\"auto, (max-width: 1200px) 100vw, 1200px\" \/><\/p>\n<h1><b>Toutes nos Chambres d\u2019H\u00f4tes sont Uniques<\/b><\/h1>\n<p>Passer une nuit dans un moulin, sur une p\u00e9niche, dans un ch\u00e2teau ou dans un clo\u00eetre, c\u2019est possible. Sur Bedandbreakfast.eu chaque chambre d\u2019h\u00f4tes est unique et le choix immense. Parmi toutes les destinations que nous proposons \u00e0 travers le monde, vous trouverez toujours le bon B&amp;B. Laissez-vous surprendre par leur style, leur localisation et la qualit\u00e9 d\u2019accueil de nos h\u00f4tes. Votre voyage commence ici.<\/p>\n","protected":false},"excerpt":{"rendered":"<p>Toutes nos Chambres d\u2019H\u00f4tes sont Uniques Passer une nuit dans un moulin, sur une p\u00e9niche, dans un ch\u00e2teau ou dans un clo\u00eetre, c\u2019est possible. Sur Bedandbreakfast.eu chaque chambre d\u2019h\u00f4tes est unique et le choix immense. Parmi toutes les destinations que nous proposons \u00e0 travers le monde, vous trouverez toujours le bon B&amp;B. Laissez-vous surprendre par [&hellip;]<\/p>\n","protected":false},"author":17,"featured_media":0,"parent":0,"menu_order":0,"comment_status":"closed","ping_status":"closed","template":"template-modules.php","meta":{"_monsterinsights_skip_tracking":false,"_monsterinsights_sitenote_active":false,"_monsterinsights_sitenote_note":"","_monsterinsights_sitenote_category":0,"footnotes":""},"coauthors":[5500,5505],"class_list":["post-9333","page","type-page","status-publish","hentry"],"yoast_head":"<!-- This site is optimized with the Yoast SEO plugin v26.8 - https:\/\/yoast.com\/product\/yoast-seo-wordpress\/ -->\n<title>Chambres d&#039;H\u00f4tes Uniques | Blog Bedandbreakfast.eu<\/title>\n<meta name=\"description\" content=\"Passer une nuit dans un moulin, sur une p\u00e9niche, dans un ch\u00e2teau ou dans un clo\u00eetre, c\u2019est possible. Votre voyage commence ici.\" \/>\n<meta name=\"robots\" content=\"index, follow, max-snippet:-1, max-image-preview:large, max-video-preview:-1\" \/>\n<link rel=\"canonical\" href=\"https:\/\/blog.bedandbreakfast.eu\/fr\/chambres-d-hotes-uniques\/\" \/>\n<meta property=\"og:locale\" content=\"fr_FR\" \/>\n<meta property=\"og:type\" content=\"article\" \/>\n<meta property=\"og:title\" content=\"Chambres d&#039;H\u00f4tes Uniques | Blog Bedandbreakfast.eu\" \/>\n<meta property=\"og:description\" content=\"Passer une nuit dans un moulin, sur une p\u00e9niche, dans un ch\u00e2teau ou dans un clo\u00eetre, c\u2019est possible. Votre voyage commence ici.\" \/>\n<meta property=\"og:url\" content=\"https:\/\/blog.bedandbreakfast.eu\/fr\/chambres-d-hotes-uniques\/\" \/>\n<meta property=\"og:site_name\" content=\"Chambre d&#039;H\u00f4tes Blog | Bedandbreakfast.eu\" \/>\n<meta property=\"article:modified_time\" content=\"2017-12-18T13:02:13+00:00\" \/>\n<meta property=\"og:image\" content=\"https:\/\/blog.bedandbreakfast.eu\/wp-content\/uploads\/2017\/12\/1.png\" \/>\n<meta name=\"twitter:card\" content=\"summary_large_image\" \/>\n<script type=\"application\/ld+json\" class=\"yoast-schema-graph\">{\"@context\":\"https:\/\/schema.org\",\"@graph\":[{\"@type\":\"WebPage\",\"@id\":\"https:\/\/blog.bedandbreakfast.eu\/fr\/chambres-d-hotes-uniques\/\",\"url\":\"https:\/\/blog.bedandbreakfast.eu\/fr\/chambres-d-hotes-uniques\/\",\"name\":\"Chambres d'H\u00f4tes Uniques | Blog Bedandbreakfast.eu\",\"isPartOf\":{\"@id\":\"https:\/\/blog.bedandbreakfast.eu\/nl\/#website\"},\"primaryImageOfPage\":{\"@id\":\"https:\/\/blog.bedandbreakfast.eu\/fr\/chambres-d-hotes-uniques\/#primaryimage\"},\"image\":{\"@id\":\"https:\/\/blog.bedandbreakfast.eu\/fr\/chambres-d-hotes-uniques\/#primaryimage\"},\"thumbnailUrl\":\"https:\/\/blog.bedandbreakfast.eu\/wp-content\/uploads\/2017\/12\/1.png\",\"datePublished\":\"2017-12-06T10:48:11+00:00\",\"dateModified\":\"2017-12-18T13:02:13+00:00\",\"description\":\"Passer une nuit dans un moulin, sur une p\u00e9niche, dans un ch\u00e2teau ou dans un clo\u00eetre, c\u2019est possible. Votre voyage commence ici.\",\"breadcrumb\":{\"@id\":\"https:\/\/blog.bedandbreakfast.eu\/fr\/chambres-d-hotes-uniques\/#breadcrumb\"},\"inLanguage\":\"fr-FR\",\"potentialAction\":[{\"@type\":\"ReadAction\",\"target\":[\"https:\/\/blog.bedandbreakfast.eu\/fr\/chambres-d-hotes-uniques\/\"]}]},{\"@type\":\"ImageObject\",\"inLanguage\":\"fr-FR\",\"@id\":\"https:\/\/blog.bedandbreakfast.eu\/fr\/chambres-d-hotes-uniques\/#primaryimage\",\"url\":\"https:\/\/blog.bedandbreakfast.eu\/wp-content\/uploads\/2017\/12\/1.png\",\"contentUrl\":\"https:\/\/blog.bedandbreakfast.eu\/wp-content\/uploads\/2017\/12\/1.png\"},{\"@type\":\"BreadcrumbList\",\"@id\":\"https:\/\/blog.bedandbreakfast.eu\/fr\/chambres-d-hotes-uniques\/#breadcrumb\",\"itemListElement\":[{\"@type\":\"ListItem\",\"position\":1,\"name\":\"Home\",\"item\":\"https:\/\/blog.bedandbreakfast.eu\/fr\/\"},{\"@type\":\"ListItem\",\"position\":2,\"name\":\"Chambres d&rsquo;H\u00f4tes Uniques\"}]},{\"@type\":\"WebSite\",\"@id\":\"https:\/\/blog.bedandbreakfast.eu\/nl\/#website\",\"url\":\"https:\/\/blog.bedandbreakfast.eu\/nl\/\",\"name\":\"Chambre d&#039;H\u00f4tes Blog | Bedandbreakfast.eu\",\"description\":\"Des blogs concernant des B&amp;B uniques, propos\u00e9s par Bedandbreakfast.eu. De nouvelles inspirations pour des s\u00e9jours et sorties en B&amp;B dans les plus beaux endroits du monde.\",\"potentialAction\":[{\"@type\":\"SearchAction\",\"target\":{\"@type\":\"EntryPoint\",\"urlTemplate\":\"https:\/\/blog.bedandbreakfast.eu\/nl\/?s={search_term_string}\"},\"query-input\":{\"@type\":\"PropertyValueSpecification\",\"valueRequired\":true,\"valueName\":\"search_term_string\"}}],\"inLanguage\":\"fr-FR\"}]}<\/script>\n<!-- \/ Yoast SEO plugin. -->","yoast_head_json":{"title":"Chambres d'H\u00f4tes Uniques | Blog Bedandbreakfast.eu","description":"Passer une nuit dans un moulin, sur une p\u00e9niche, dans un ch\u00e2teau ou dans un clo\u00eetre, c\u2019est possible. Votre voyage commence ici.","robots":{"index":"index","follow":"follow","max-snippet":"max-snippet:-1","max-image-preview":"max-image-preview:large","max-video-preview":"max-video-preview:-1"},"canonical":"https:\/\/blog.bedandbreakfast.eu\/fr\/chambres-d-hotes-uniques\/","og_locale":"fr_FR","og_type":"article","og_title":"Chambres d'H\u00f4tes Uniques | Blog Bedandbreakfast.eu","og_description":"Passer une nuit dans un moulin, sur une p\u00e9niche, dans un ch\u00e2teau ou dans un clo\u00eetre, c\u2019est possible. Votre voyage commence ici.","og_url":"https:\/\/blog.bedandbreakfast.eu\/fr\/chambres-d-hotes-uniques\/","og_site_name":"Chambre d&#039;H\u00f4tes Blog | Bedandbreakfast.eu","article_modified_time":"2017-12-18T13:02:13+00:00","og_image":[{"url":"https:\/\/blog.bedandbreakfast.eu\/wp-content\/uploads\/2017\/12\/1.png","type":"","width":"","height":""}],"twitter_card":"summary_large_image","schema":{"@context":"https:\/\/schema.org","@graph":[{"@type":"WebPage","@id":"https:\/\/blog.bedandbreakfast.eu\/fr\/chambres-d-hotes-uniques\/","url":"https:\/\/blog.bedandbreakfast.eu\/fr\/chambres-d-hotes-uniques\/","name":"Chambres d'H\u00f4tes Uniques | Blog Bedandbreakfast.eu","isPartOf":{"@id":"https:\/\/blog.bedandbreakfast.eu\/nl\/#website"},"primaryImageOfPage":{"@id":"https:\/\/blog.bedandbreakfast.eu\/fr\/chambres-d-hotes-uniques\/#primaryimage"},"image":{"@id":"https:\/\/blog.bedandbreakfast.eu\/fr\/chambres-d-hotes-uniques\/#primaryimage"},"thumbnailUrl":"https:\/\/blog.bedandbreakfast.eu\/wp-content\/uploads\/2017\/12\/1.png","datePublished":"2017-12-06T10:48:11+00:00","dateModified":"2017-12-18T13:02:13+00:00","description":"Passer une nuit dans un moulin, sur une p\u00e9niche, dans un ch\u00e2teau ou dans un clo\u00eetre, c\u2019est possible. Votre voyage commence ici.","breadcrumb":{"@id":"https:\/\/blog.bedandbreakfast.eu\/fr\/chambres-d-hotes-uniques\/#breadcrumb"},"inLanguage":"fr-FR","potentialAction":[{"@type":"ReadAction","target":["https:\/\/blog.bedandbreakfast.eu\/fr\/chambres-d-hotes-uniques\/"]}]},{"@type":"ImageObject","inLanguage":"fr-FR","@id":"https:\/\/blog.bedandbreakfast.eu\/fr\/chambres-d-hotes-uniques\/#primaryimage","url":"https:\/\/blog.bedandbreakfast.eu\/wp-content\/uploads\/2017\/12\/1.png","contentUrl":"https:\/\/blog.bedandbreakfast.eu\/wp-content\/uploads\/2017\/12\/1.png"},{"@type":"BreadcrumbList","@id":"https:\/\/blog.bedandbreakfast.eu\/fr\/chambres-d-hotes-uniques\/#breadcrumb","itemListElement":[{"@type":"ListItem","position":1,"name":"Home","item":"https:\/\/blog.bedandbreakfast.eu\/fr\/"},{"@type":"ListItem","position":2,"name":"Chambres d&rsquo;H\u00f4tes Uniques"}]},{"@type":"WebSite","@id":"https:\/\/blog.bedandbreakfast.eu\/nl\/#website","url":"https:\/\/blog.bedandbreakfast.eu\/nl\/","name":"Chambre d&#039;H\u00f4tes Blog | Bedandbreakfast.eu","description":"Des blogs concernant des B&amp;B uniques, propos\u00e9s par Bedandbreakfast.eu. De nouvelles inspirations pour des s\u00e9jours et sorties en B&amp;B dans les plus beaux endroits du monde.","potentialAction":[{"@type":"SearchAction","target":{"@type":"EntryPoint","urlTemplate":"https:\/\/blog.bedandbreakfast.eu\/nl\/?s={search_term_string}"},"query-input":{"@type":"PropertyValueSpecification","valueRequired":true,"valueName":"search_term_string"}}],"inLanguage":"fr-FR"}]}},"jetpack_shortlink":"https:\/\/wp.me\/P9vhf3-2qx","jetpack_sharing_enabled":true,"_links":{"self":[{"href":"https:\/\/blog.bedandbreakfast.eu\/fr\/wp-json\/wp\/v2\/pages\/9333","targetHints":{"allow":["GET"]}}],"collection":[{"href":"https:\/\/blog.bedandbreakfast.eu\/fr\/wp-json\/wp\/v2\/pages"}],"about":[{"href":"https:\/\/blog.bedandbreakfast.eu\/fr\/wp-json\/wp\/v2\/types\/page"}],"author":[{"embeddable":true,"href":"https:\/\/blog.bedandbreakfast.eu\/fr\/wp-json\/wp\/v2\/users\/17"}],"replies":[{"embeddable":true,"href":"https:\/\/blog.bedandbreakfast.eu\/fr\/wp-json\/wp\/v2\/comments?post=9333"}],"version-history":[{"count":0,"href":"https:\/\/blog.bedandbreakfast.eu\/fr\/wp-json\/wp\/v2\/pages\/9333\/revisions"}],"wp:attachment":[{"href":"https:\/\/blog.bedandbreakfast.eu\/fr\/wp-json\/wp\/v2\/media?parent=9333"}],"wp:term":[{"taxonomy":"author","embeddable":true,"href":"https:\/\/blog.bedandbreakfast.eu\/fr\/wp-json\/wp\/v2\/coauthors?post=9333"}],"curies":[{"name":"wp","href":"https:\/\/api.w.org\/{rel}","templated":true}]}}