{"id":3721,"date":"2010-11-24T13:39:27","date_gmt":"2010-11-24T13:39:27","guid":{"rendered":"https:\/\/blog.bedandbreakfast.eu\/bed-breakfast-europe-bedandbreakfast-eu-3\/"},"modified":"2017-01-19T09:30:38","modified_gmt":"2017-01-19T09:30:38","slug":"bed-breakfast-europe-bedandbreakfast-eu-3","status":"publish","type":"page","link":"https:\/\/blog.bedandbreakfast.eu\/fr\/bed-breakfast-europe-bedandbreakfast-eu-3\/","title":{"rendered":"Bed &amp; Breakfast Europe (Bedandbreakfast.eu)"},"content":{"rendered":"<div id=\"attachment_8991\" style=\"width: 610px\" class=\"wp-caption alignnone\"><a href=\"https:\/\/www.bedandbreakfast.eu\/\" target=\"_blank\"><img loading=\"lazy\" decoding=\"async\" aria-describedby=\"caption-attachment-8991\" class=\"wp-image-8991 size-full\" title=\"Search for bed &amp; breakfasts worldwide\" src=\"https:\/\/blog.bedandbreakfast.eu\/wp-content\/uploads\/2010\/11\/bedandbreakfast-worldwide.png\" alt=\"Bed and Breakfast Europe\" width=\"600\" height=\"233\" srcset=\"https:\/\/blog.bedandbreakfast.eu\/wp-content\/uploads\/2010\/11\/bedandbreakfast-worldwide.png 600w, https:\/\/blog.bedandbreakfast.eu\/wp-content\/uploads\/2010\/11\/bedandbreakfast-worldwide-300x117.png 300w\" sizes=\"auto, (max-width: 600px) 100vw, 600px\" \/><\/a><p id=\"caption-attachment-8991\" class=\"wp-caption-text\">On Bedandbreakfast.eu you can find 2,000,000+ guestrooms, apartments and B&amp;Bs worldwide!<\/p><\/div>\n<p><strong>Bedandbreakfast.eu by Bed and Breakfast Europe<\/strong><br \/>\n<a title=\"Bedandbreakfast.eu\" href=\"https:\/\/www.bedandbreakfast.eu\/\">Bedandbreakfast.eu<\/a> is the world&#8217;s largest bed &amp; breakfast website. On Bedandbreakfast.eu you can find 2,000,000+ guestrooms, apartments and B&amp;Bs worldwide! Easily find and compare B&amp;Bs on the basis of millions of independent guest reviews. You can book a bed &amp; breakfast fast and you don&#8217;t pay any reservation costs.<\/p>\n<p>Staying in a bed and breakfast with locals is the best way to get to know a country.\u00a0There are bed and breakfasts everywhere, also in rural, non-touristc areas.\u00a0<a title=\"Bedandbreakfast.eu\" href=\"http:\/\/www.bedandbreakfast.eu\/\">Find your unique B&amp;B on Bedandbreakfast.eu&gt;&gt;<\/a><\/p>\n<p><em>Bedandbreakfast.eu is a website by Bed and Breakfast Europe.<\/em><\/p>\n<p><strong>Bedandbreakfast.eu on Twitter and Facebook<br \/>\n<\/strong><a title=\"Bedandbreakfast.eu on Twitter\" href=\"http:\/\/twitter.com\/bandbeurope\" target=\"_blank\">Follow us on Twitter <\/a>and stay in touch with the latest B&amp;B news.\u00a0Also visit our <a title=\"Bedandbreakfast.eu on Facebook\" href=\"http:\/\/www.facebook.com\/bedandbreakfasteu\">official Facebook page <\/a>and become a fan! We&#8217;re looking forward to meeting you.<\/p>\n","protected":false},"excerpt":{"rendered":"<p>Bedandbreakfast.eu by Bed and Breakfast Europe Bedandbreakfast.eu is the world&#8217;s largest bed &amp; breakfast website. On Bedandbreakfast.eu you can find 2,000,000+ guestrooms, apartments and B&amp;Bs worldwide! Easily find and compare B&amp;Bs on the basis of millions of independent guest reviews. You can book a bed &amp; breakfast fast and you don&#8217;t pay any reservation costs. [&hellip;]<\/p>\n","protected":false},"author":26,"featured_media":0,"parent":0,"menu_order":0,"comment_status":"open","ping_status":"closed","template":"","meta":{"_monsterinsights_skip_tracking":false,"_monsterinsights_sitenote_active":false,"_monsterinsights_sitenote_note":"","_monsterinsights_sitenote_category":0,"footnotes":""},"coauthors":[5485,5517],"class_list":["post-3721","page","type-page","status-publish","hentry"],"yoast_head":"<!-- This site is optimized with the Yoast SEO plugin v27.5 - https:\/\/yoast.com\/product\/yoast-seo-wordpress\/ -->\n<title>Bed and Breakfast Europe: find B&amp;B\u2019s worldwide<\/title>\n<meta name=\"description\" content=\"On Bedandbreakfast.eu you can find 2,000,000+ guestrooms, apartments and B&amp;Bs worldwide! Bedandbreakfast.eu is powered by Bed and Breakfast Europe.\" \/>\n<meta name=\"robots\" content=\"index, follow, max-snippet:-1, max-image-preview:large, max-video-preview:-1\" \/>\n<link rel=\"canonical\" href=\"https:\/\/blog.bedandbreakfast.eu\/fr\/bed-breakfast-europe-bedandbreakfast-eu-3\/\" \/>\n<meta property=\"og:locale\" content=\"fr_FR\" \/>\n<meta property=\"og:type\" content=\"article\" \/>\n<meta property=\"og:title\" content=\"Bed and Breakfast Europe: find B&amp;B\u2019s worldwide\" \/>\n<meta property=\"og:description\" content=\"On Bedandbreakfast.eu you can find 2,000,000+ guestrooms, apartments and B&amp;Bs worldwide! Bedandbreakfast.eu is powered by Bed and Breakfast Europe.\" \/>\n<meta property=\"og:url\" content=\"https:\/\/blog.bedandbreakfast.eu\/fr\/bed-breakfast-europe-bedandbreakfast-eu-3\/\" \/>\n<meta property=\"og:site_name\" content=\"Chambre d&#039;H\u00f4tes Blog | Bedandbreakfast.eu\" \/>\n<meta property=\"article:modified_time\" content=\"2017-01-19T09:30:38+00:00\" \/>\n<meta property=\"og:image\" content=\"https:\/\/blog.bedandbreakfast.eu\/wp-content\/uploads\/2010\/11\/bedandbreakfast-worldwide.png\" \/>\n<meta name=\"twitter:card\" content=\"summary_large_image\" \/>\n<meta name=\"twitter:label1\" content=\"Dur\u00e9e de lecture estim\u00e9e\" \/>\n\t<meta name=\"twitter:data1\" content=\"1 minute\" \/>\n<script type=\"application\/ld+json\" class=\"yoast-schema-graph\">{\"@context\":\"https:\\\/\\\/schema.org\",\"@graph\":[{\"@type\":\"WebPage\",\"@id\":\"https:\\\/\\\/blog.bedandbreakfast.eu\\\/fr\\\/bed-breakfast-europe-bedandbreakfast-eu-3\\\/\",\"url\":\"https:\\\/\\\/blog.bedandbreakfast.eu\\\/fr\\\/bed-breakfast-europe-bedandbreakfast-eu-3\\\/\",\"name\":\"Bed and Breakfast Europe: find B&B\u2019s worldwide\",\"isPartOf\":{\"@id\":\"https:\\\/\\\/blog.bedandbreakfast.eu\\\/nl\\\/#website\"},\"primaryImageOfPage\":{\"@id\":\"https:\\\/\\\/blog.bedandbreakfast.eu\\\/fr\\\/bed-breakfast-europe-bedandbreakfast-eu-3\\\/#primaryimage\"},\"image\":{\"@id\":\"https:\\\/\\\/blog.bedandbreakfast.eu\\\/fr\\\/bed-breakfast-europe-bedandbreakfast-eu-3\\\/#primaryimage\"},\"thumbnailUrl\":\"https:\\\/\\\/blog.bedandbreakfast.eu\\\/wp-content\\\/uploads\\\/2010\\\/11\\\/bedandbreakfast-worldwide.png\",\"datePublished\":\"2010-11-24T13:39:27+00:00\",\"dateModified\":\"2017-01-19T09:30:38+00:00\",\"description\":\"On Bedandbreakfast.eu you can find 2,000,000+ guestrooms, apartments and B&Bs worldwide! Bedandbreakfast.eu is powered by Bed and Breakfast Europe.\",\"breadcrumb\":{\"@id\":\"https:\\\/\\\/blog.bedandbreakfast.eu\\\/fr\\\/bed-breakfast-europe-bedandbreakfast-eu-3\\\/#breadcrumb\"},\"inLanguage\":\"fr-FR\",\"potentialAction\":[{\"@type\":\"ReadAction\",\"target\":[\"https:\\\/\\\/blog.bedandbreakfast.eu\\\/fr\\\/bed-breakfast-europe-bedandbreakfast-eu-3\\\/\"]}]},{\"@type\":\"ImageObject\",\"inLanguage\":\"fr-FR\",\"@id\":\"https:\\\/\\\/blog.bedandbreakfast.eu\\\/fr\\\/bed-breakfast-europe-bedandbreakfast-eu-3\\\/#primaryimage\",\"url\":\"https:\\\/\\\/blog.bedandbreakfast.eu\\\/wp-content\\\/uploads\\\/2010\\\/11\\\/bedandbreakfast-worldwide.png\",\"contentUrl\":\"https:\\\/\\\/blog.bedandbreakfast.eu\\\/wp-content\\\/uploads\\\/2010\\\/11\\\/bedandbreakfast-worldwide.png\"},{\"@type\":\"BreadcrumbList\",\"@id\":\"https:\\\/\\\/blog.bedandbreakfast.eu\\\/fr\\\/bed-breakfast-europe-bedandbreakfast-eu-3\\\/#breadcrumb\",\"itemListElement\":[{\"@type\":\"ListItem\",\"position\":1,\"name\":\"Home\",\"item\":\"https:\\\/\\\/blog.bedandbreakfast.eu\\\/fr\\\/\"},{\"@type\":\"ListItem\",\"position\":2,\"name\":\"Bed &amp; Breakfast Europe (Bedandbreakfast.eu)\"}]},{\"@type\":\"WebSite\",\"@id\":\"https:\\\/\\\/blog.bedandbreakfast.eu\\\/nl\\\/#website\",\"url\":\"https:\\\/\\\/blog.bedandbreakfast.eu\\\/nl\\\/\",\"name\":\"Chambre d&#039;H\u00f4tes Blog | Bedandbreakfast.eu\",\"description\":\"Des blogs concernant des B&amp;B uniques, propos\u00e9s par Bedandbreakfast.eu. De nouvelles inspirations pour des s\u00e9jours et sorties en B&amp;B dans les plus beaux endroits du monde.\",\"potentialAction\":[{\"@type\":\"SearchAction\",\"target\":{\"@type\":\"EntryPoint\",\"urlTemplate\":\"https:\\\/\\\/blog.bedandbreakfast.eu\\\/nl\\\/?s={search_term_string}\"},\"query-input\":{\"@type\":\"PropertyValueSpecification\",\"valueRequired\":true,\"valueName\":\"search_term_string\"}}],\"inLanguage\":\"fr-FR\"}]}<\/script>\n<!-- \/ Yoast SEO plugin. -->","yoast_head_json":{"title":"Bed and Breakfast Europe: find B&B\u2019s worldwide","description":"On Bedandbreakfast.eu you can find 2,000,000+ guestrooms, apartments and B&Bs worldwide! Bedandbreakfast.eu is powered by Bed and Breakfast Europe.","robots":{"index":"index","follow":"follow","max-snippet":"max-snippet:-1","max-image-preview":"max-image-preview:large","max-video-preview":"max-video-preview:-1"},"canonical":"https:\/\/blog.bedandbreakfast.eu\/fr\/bed-breakfast-europe-bedandbreakfast-eu-3\/","og_locale":"fr_FR","og_type":"article","og_title":"Bed and Breakfast Europe: find B&B\u2019s worldwide","og_description":"On Bedandbreakfast.eu you can find 2,000,000+ guestrooms, apartments and B&Bs worldwide! Bedandbreakfast.eu is powered by Bed and Breakfast Europe.","og_url":"https:\/\/blog.bedandbreakfast.eu\/fr\/bed-breakfast-europe-bedandbreakfast-eu-3\/","og_site_name":"Chambre d&#039;H\u00f4tes Blog | Bedandbreakfast.eu","article_modified_time":"2017-01-19T09:30:38+00:00","og_image":[{"url":"https:\/\/blog.bedandbreakfast.eu\/wp-content\/uploads\/2010\/11\/bedandbreakfast-worldwide.png","type":"","width":"","height":""}],"twitter_card":"summary_large_image","twitter_misc":{"Dur\u00e9e de lecture estim\u00e9e":"1 minute"},"schema":{"@context":"https:\/\/schema.org","@graph":[{"@type":"WebPage","@id":"https:\/\/blog.bedandbreakfast.eu\/fr\/bed-breakfast-europe-bedandbreakfast-eu-3\/","url":"https:\/\/blog.bedandbreakfast.eu\/fr\/bed-breakfast-europe-bedandbreakfast-eu-3\/","name":"Bed and Breakfast Europe: find B&B\u2019s worldwide","isPartOf":{"@id":"https:\/\/blog.bedandbreakfast.eu\/nl\/#website"},"primaryImageOfPage":{"@id":"https:\/\/blog.bedandbreakfast.eu\/fr\/bed-breakfast-europe-bedandbreakfast-eu-3\/#primaryimage"},"image":{"@id":"https:\/\/blog.bedandbreakfast.eu\/fr\/bed-breakfast-europe-bedandbreakfast-eu-3\/#primaryimage"},"thumbnailUrl":"https:\/\/blog.bedandbreakfast.eu\/wp-content\/uploads\/2010\/11\/bedandbreakfast-worldwide.png","datePublished":"2010-11-24T13:39:27+00:00","dateModified":"2017-01-19T09:30:38+00:00","description":"On Bedandbreakfast.eu you can find 2,000,000+ guestrooms, apartments and B&Bs worldwide! Bedandbreakfast.eu is powered by Bed and Breakfast Europe.","breadcrumb":{"@id":"https:\/\/blog.bedandbreakfast.eu\/fr\/bed-breakfast-europe-bedandbreakfast-eu-3\/#breadcrumb"},"inLanguage":"fr-FR","potentialAction":[{"@type":"ReadAction","target":["https:\/\/blog.bedandbreakfast.eu\/fr\/bed-breakfast-europe-bedandbreakfast-eu-3\/"]}]},{"@type":"ImageObject","inLanguage":"fr-FR","@id":"https:\/\/blog.bedandbreakfast.eu\/fr\/bed-breakfast-europe-bedandbreakfast-eu-3\/#primaryimage","url":"https:\/\/blog.bedandbreakfast.eu\/wp-content\/uploads\/2010\/11\/bedandbreakfast-worldwide.png","contentUrl":"https:\/\/blog.bedandbreakfast.eu\/wp-content\/uploads\/2010\/11\/bedandbreakfast-worldwide.png"},{"@type":"BreadcrumbList","@id":"https:\/\/blog.bedandbreakfast.eu\/fr\/bed-breakfast-europe-bedandbreakfast-eu-3\/#breadcrumb","itemListElement":[{"@type":"ListItem","position":1,"name":"Home","item":"https:\/\/blog.bedandbreakfast.eu\/fr\/"},{"@type":"ListItem","position":2,"name":"Bed &amp; Breakfast Europe (Bedandbreakfast.eu)"}]},{"@type":"WebSite","@id":"https:\/\/blog.bedandbreakfast.eu\/nl\/#website","url":"https:\/\/blog.bedandbreakfast.eu\/nl\/","name":"Chambre d&#039;H\u00f4tes Blog | Bedandbreakfast.eu","description":"Des blogs concernant des B&amp;B uniques, propos\u00e9s par Bedandbreakfast.eu. De nouvelles inspirations pour des s\u00e9jours et sorties en B&amp;B dans les plus beaux endroits du monde.","potentialAction":[{"@type":"SearchAction","target":{"@type":"EntryPoint","urlTemplate":"https:\/\/blog.bedandbreakfast.eu\/nl\/?s={search_term_string}"},"query-input":{"@type":"PropertyValueSpecification","valueRequired":true,"valueName":"search_term_string"}}],"inLanguage":"fr-FR"}]}},"jetpack_shortlink":"https:\/\/wp.me\/P9vhf3-Y1","jetpack_sharing_enabled":true,"_links":{"self":[{"href":"https:\/\/blog.bedandbreakfast.eu\/fr\/wp-json\/wp\/v2\/pages\/3721","targetHints":{"allow":["GET"]}}],"collection":[{"href":"https:\/\/blog.bedandbreakfast.eu\/fr\/wp-json\/wp\/v2\/pages"}],"about":[{"href":"https:\/\/blog.bedandbreakfast.eu\/fr\/wp-json\/wp\/v2\/types\/page"}],"author":[{"embeddable":true,"href":"https:\/\/blog.bedandbreakfast.eu\/fr\/wp-json\/wp\/v2\/users\/26"}],"replies":[{"embeddable":true,"href":"https:\/\/blog.bedandbreakfast.eu\/fr\/wp-json\/wp\/v2\/comments?post=3721"}],"version-history":[{"count":0,"href":"https:\/\/blog.bedandbreakfast.eu\/fr\/wp-json\/wp\/v2\/pages\/3721\/revisions"}],"wp:attachment":[{"href":"https:\/\/blog.bedandbreakfast.eu\/fr\/wp-json\/wp\/v2\/media?parent=3721"}],"wp:term":[{"taxonomy":"author","embeddable":true,"href":"https:\/\/blog.bedandbreakfast.eu\/fr\/wp-json\/wp\/v2\/coauthors?post=3721"}],"curies":[{"name":"wp","href":"https:\/\/api.w.org\/{rel}","templated":true}]}}