{"id":9477,"date":"2017-12-11T09:56:10","date_gmt":"2017-12-11T09:56:10","guid":{"rendered":"https:\/\/blog.bedandbreakfast.eu\/inspiration\/"},"modified":"2019-10-24T09:32:37","modified_gmt":"2019-10-24T09:32:37","slug":"inspirate","status":"publish","type":"page","link":"https:\/\/blog.bedandbreakfast.eu\/es\/inspirate\/","title":{"rendered":"Insp\u00edrate"},"content":{"rendered":"<p><img loading=\"lazy\" decoding=\"async\" class=\"alignnone size-full wp-image-9632\" src=\"https://blog.bedandbreakfast.eu/wp-content\/uploads\/2017\/12\/Uniek_2.png\" alt=\"Bedandbreakfast.eu_unieke B&amp;B's\" width=\"1200\" height=\"188\" srcset=\"https:\/\/blog.bedandbreakfast.eu\/wp-content\/uploads\/2017\/12\/Uniek_2.png 1200w, https:\/\/blog.bedandbreakfast.eu\/wp-content\/uploads\/2017\/12\/Uniek_2-300x47.png 300w, https:\/\/blog.bedandbreakfast.eu\/wp-content\/uploads\/2017\/12\/Uniek_2-768x120.png 768w, https:\/\/blog.bedandbreakfast.eu\/wp-content\/uploads\/2017\/12\/Uniek_2-1024x160.png 1024w, https:\/\/blog.bedandbreakfast.eu\/wp-content\/uploads\/2017\/12\/Uniek_2-810x127.png 810w, https:\/\/blog.bedandbreakfast.eu\/wp-content\/uploads\/2017\/12\/Uniek_2-1140x179.png 1140w\" sizes=\"auto, (max-width: 1200px) 100vw, 1200px\" \/><\/p>\n<h1>Insp\u00edrate<\/h1>\n<p><span style=\"font-weight: 400;\">Descubre el encanto de un Bed and Breakfast. D\u00e9jate inspirar por nuestros consejos e ideas \u00fanicas para tu pr\u00f3xima espada. Te ayudamos a planear una estancia inolvidable en los B&amp;B&#8217;s m\u00e1s bonitos.\u00a0Subscr\u00edbete\u00a0y recibe las \u00faltimas novedades de B&amp;B.<\/span><\/p>\n<p><strong><a class=\"mks_button mks_button_medium rounded\" href=\"https:\/\/sibforms.com\/serve\/MUIEAKUg-dqku7GNsA0jmzRb-Iy1YvX_aPIMGvJwJ09n6kIXN9e2o-nhCLIBLz7VlD2ZmnpCcSWtwhItWqCSKuPtZo_0DvkedLXDJYo2Z3M2lo5Z0dGARba_RkQKHqxdWuFwf42I2m5I12OBZc8NA-4jWw62SdMQIf0x3z7XwwZ-FIyhGW_VHwf685pbG57JBUi6tgss5iS6aHxt\" target=\"_blank\" style=\"color: #FFFFFF; background-color: #e3458c;\" >Insp\u00edrate<\/a><\/strong><\/p>\n","protected":false},"excerpt":{"rendered":"<p>Insp\u00edrate Descubre el encanto de un Bed and Breakfast. D\u00e9jate inspirar por nuestros consejos e ideas \u00fanicas para tu pr\u00f3xima espada. Te ayudamos a planear una estancia inolvidable en los B&amp;B&#8217;s m\u00e1s bonitos.\u00a0Subscr\u00edbete\u00a0y recibe las \u00faltimas novedades de B&amp;B.<\/p>\n","protected":false},"author":17,"featured_media":0,"parent":0,"menu_order":0,"comment_status":"closed","ping_status":"closed","template":"template-modules.php","meta":{"_monsterinsights_skip_tracking":false,"_monsterinsights_sitenote_active":false,"_monsterinsights_sitenote_note":"","_monsterinsights_sitenote_category":0,"footnotes":""},"coauthors":[5508],"class_list":["post-9477","page","type-page","status-publish","hentry"],"yoast_head":"<!-- This site is optimized with the Yoast SEO plugin v26.8 - https:\/\/yoast.com\/product\/yoast-seo-wordpress\/ -->\n<title>Insp\u00edrate, Consejos y Unicos B&amp;B&#039;s | Blog Bedandbreakfast.eu<\/title>\n<meta name=\"description\" content=\"Descubre el Encanto de un Bed and Breakfast. Inspiraci\u00f3n. Consejos e Ideas \u00danicas.\u00a0Subscr\u00edbete\u00a0y recibe las \u00faltimas novedades de B&amp;B.\" \/>\n<meta name=\"robots\" content=\"index, follow, max-snippet:-1, max-image-preview:large, max-video-preview:-1\" \/>\n<link rel=\"canonical\" href=\"https:\/\/blog.bedandbreakfast.eu\/es\/inspirate\/\" \/>\n<meta property=\"og:locale\" content=\"es_ES\" \/>\n<meta property=\"og:type\" content=\"article\" \/>\n<meta property=\"og:title\" content=\"Insp\u00edrate, Consejos y Unicos B&amp;B&#039;s | Blog Bedandbreakfast.eu\" \/>\n<meta property=\"og:description\" content=\"Descubre el Encanto de un Bed and Breakfast. Inspiraci\u00f3n. Consejos e Ideas \u00danicas.\u00a0Subscr\u00edbete\u00a0y recibe las \u00faltimas novedades de B&amp;B.\" \/>\n<meta property=\"og:url\" content=\"https:\/\/blog.bedandbreakfast.eu\/es\/inspirate\/\" \/>\n<meta property=\"og:site_name\" content=\"Bed and Breakfast Blog | Bedandbreakfast.eu\" \/>\n<meta property=\"article:modified_time\" content=\"2019-10-24T09:32:37+00:00\" \/>\n<meta property=\"og:image\" content=\"https://blog.bedandbreakfast.eu/wp-content\/uploads\/2017\/12\/Uniek_2.png\" \/>\n<meta name=\"twitter:card\" content=\"summary_large_image\" \/>\n<meta name=\"twitter:label1\" content=\"Tiempo de lectura\" \/>\n\t<meta name=\"twitter:data1\" content=\"1 minute\" \/>\n<script type=\"application\/ld+json\" class=\"yoast-schema-graph\">{\"@context\":\"https:\/\/schema.org\",\"@graph\":[{\"@type\":\"WebPage\",\"@id\":\"https:\/\/blog.bedandbreakfast.eu\/es\/inspirate\/\",\"url\":\"https:\/\/blog.bedandbreakfast.eu\/es\/inspirate\/\",\"name\":\"Insp\u00edrate, Consejos y Unicos B&B's | Blog Bedandbreakfast.eu\",\"isPartOf\":{\"@id\":\"https:\/\/blog.bedandbreakfast.eu\/nl\/#website\"},\"primaryImageOfPage\":{\"@id\":\"https:\/\/blog.bedandbreakfast.eu\/es\/inspirate\/#primaryimage\"},\"image\":{\"@id\":\"https:\/\/blog.bedandbreakfast.eu\/es\/inspirate\/#primaryimage\"},\"thumbnailUrl\":\"https://blog.bedandbreakfast.eu/wp-content\/uploads\/2017\/12\/Uniek_2.png\",\"datePublished\":\"2017-12-11T09:56:10+00:00\",\"dateModified\":\"2019-10-24T09:32:37+00:00\",\"description\":\"Descubre el Encanto de un Bed and Breakfast. Inspiraci\u00f3n. Consejos e Ideas \u00danicas.\u00a0Subscr\u00edbete\u00a0y recibe las \u00faltimas novedades de B&B.\",\"breadcrumb\":{\"@id\":\"https:\/\/blog.bedandbreakfast.eu\/es\/inspirate\/#breadcrumb\"},\"inLanguage\":\"es-ES\",\"potentialAction\":[{\"@type\":\"ReadAction\",\"target\":[\"https:\/\/blog.bedandbreakfast.eu\/es\/inspirate\/\"]}]},{\"@type\":\"ImageObject\",\"inLanguage\":\"es-ES\",\"@id\":\"https:\/\/blog.bedandbreakfast.eu\/es\/inspirate\/#primaryimage\",\"url\":\"https://blog.bedandbreakfast.eu/wp-content\/uploads\/2017\/12\/Uniek_2.png\",\"contentUrl\":\"https://blog.bedandbreakfast.eu/wp-content\/uploads\/2017\/12\/Uniek_2.png\"},{\"@type\":\"BreadcrumbList\",\"@id\":\"https:\/\/blog.bedandbreakfast.eu\/es\/inspirate\/#breadcrumb\",\"itemListElement\":[{\"@type\":\"ListItem\",\"position\":1,\"name\":\"Home\",\"item\":\"https:\/\/blog.bedandbreakfast.eu\/es\/\"},{\"@type\":\"ListItem\",\"position\":2,\"name\":\"Insp\u00edrate\"}]},{\"@type\":\"WebSite\",\"@id\":\"https:\/\/blog.bedandbreakfast.eu\/nl\/#website\",\"url\":\"https:\/\/blog.bedandbreakfast.eu\/nl\/\",\"name\":\"Bed and Breakfast Blog | Bedandbreakfast.eu\",\"description\":\"Un blog sobre Bed and Breakfasts especiales, proporcionado por Bedandbreakfast.eu. \u00a1Nueva inspiraci\u00f3n para pernoctaciones y excursiones a los lugares de B&amp;B m\u00e1s hermosos del mundo!\",\"potentialAction\":[{\"@type\":\"SearchAction\",\"target\":{\"@type\":\"EntryPoint\",\"urlTemplate\":\"https:\/\/blog.bedandbreakfast.eu\/nl\/?s={search_term_string}\"},\"query-input\":{\"@type\":\"PropertyValueSpecification\",\"valueRequired\":true,\"valueName\":\"search_term_string\"}}],\"inLanguage\":\"es-ES\"}]}<\/script>\n<!-- \/ Yoast SEO plugin. -->","yoast_head_json":{"title":"Insp\u00edrate, Consejos y Unicos B&B's | Blog Bedandbreakfast.eu","description":"Descubre el Encanto de un Bed and Breakfast. Inspiraci\u00f3n. Consejos e Ideas \u00danicas.\u00a0Subscr\u00edbete\u00a0y recibe las \u00faltimas novedades de B&B.","robots":{"index":"index","follow":"follow","max-snippet":"max-snippet:-1","max-image-preview":"max-image-preview:large","max-video-preview":"max-video-preview:-1"},"canonical":"https:\/\/blog.bedandbreakfast.eu\/es\/inspirate\/","og_locale":"es_ES","og_type":"article","og_title":"Insp\u00edrate, Consejos y Unicos B&B's | Blog Bedandbreakfast.eu","og_description":"Descubre el Encanto de un Bed and Breakfast. Inspiraci\u00f3n. Consejos e Ideas \u00danicas.\u00a0Subscr\u00edbete\u00a0y recibe las \u00faltimas novedades de B&B.","og_url":"https:\/\/blog.bedandbreakfast.eu\/es\/inspirate\/","og_site_name":"Bed and Breakfast Blog | Bedandbreakfast.eu","article_modified_time":"2019-10-24T09:32:37+00:00","og_image":[{"url":"https://blog.bedandbreakfast.eu/wp-content\/uploads\/2017\/12\/Uniek_2.png","type":"","width":"","height":""}],"twitter_card":"summary_large_image","twitter_misc":{"Tiempo de lectura":"1 minute"},"schema":{"@context":"https:\/\/schema.org","@graph":[{"@type":"WebPage","@id":"https:\/\/blog.bedandbreakfast.eu\/es\/inspirate\/","url":"https:\/\/blog.bedandbreakfast.eu\/es\/inspirate\/","name":"Insp\u00edrate, Consejos y Unicos B&B's | Blog Bedandbreakfast.eu","isPartOf":{"@id":"https:\/\/blog.bedandbreakfast.eu\/nl\/#website"},"primaryImageOfPage":{"@id":"https:\/\/blog.bedandbreakfast.eu\/es\/inspirate\/#primaryimage"},"image":{"@id":"https:\/\/blog.bedandbreakfast.eu\/es\/inspirate\/#primaryimage"},"thumbnailUrl":"https://blog.bedandbreakfast.eu/wp-content\/uploads\/2017\/12\/Uniek_2.png","datePublished":"2017-12-11T09:56:10+00:00","dateModified":"2019-10-24T09:32:37+00:00","description":"Descubre el Encanto de un Bed and Breakfast. Inspiraci\u00f3n. Consejos e Ideas \u00danicas.\u00a0Subscr\u00edbete\u00a0y recibe las \u00faltimas novedades de B&B.","breadcrumb":{"@id":"https:\/\/blog.bedandbreakfast.eu\/es\/inspirate\/#breadcrumb"},"inLanguage":"es-ES","potentialAction":[{"@type":"ReadAction","target":["https:\/\/blog.bedandbreakfast.eu\/es\/inspirate\/"]}]},{"@type":"ImageObject","inLanguage":"es-ES","@id":"https:\/\/blog.bedandbreakfast.eu\/es\/inspirate\/#primaryimage","url":"https://blog.bedandbreakfast.eu/wp-content\/uploads\/2017\/12\/Uniek_2.png","contentUrl":"https://blog.bedandbreakfast.eu/wp-content\/uploads\/2017\/12\/Uniek_2.png"},{"@type":"BreadcrumbList","@id":"https:\/\/blog.bedandbreakfast.eu\/es\/inspirate\/#breadcrumb","itemListElement":[{"@type":"ListItem","position":1,"name":"Home","item":"https:\/\/blog.bedandbreakfast.eu\/es\/"},{"@type":"ListItem","position":2,"name":"Insp\u00edrate"}]},{"@type":"WebSite","@id":"https:\/\/blog.bedandbreakfast.eu\/nl\/#website","url":"https:\/\/blog.bedandbreakfast.eu\/nl\/","name":"Bed and Breakfast Blog | Bedandbreakfast.eu","description":"Un blog sobre Bed and Breakfasts especiales, proporcionado por Bedandbreakfast.eu. \u00a1Nueva inspiraci\u00f3n para pernoctaciones y excursiones a los lugares de B&amp;B m\u00e1s hermosos del mundo!","potentialAction":[{"@type":"SearchAction","target":{"@type":"EntryPoint","urlTemplate":"https:\/\/blog.bedandbreakfast.eu\/nl\/?s={search_term_string}"},"query-input":{"@type":"PropertyValueSpecification","valueRequired":true,"valueName":"search_term_string"}}],"inLanguage":"es-ES"}]}},"jetpack_shortlink":"https:\/\/wp.me\/P9vhf3-2sR","jetpack_sharing_enabled":true,"_links":{"self":[{"href":"https:\/\/blog.bedandbreakfast.eu\/es\/wp-json\/wp\/v2\/pages\/9477","targetHints":{"allow":["GET"]}}],"collection":[{"href":"https:\/\/blog.bedandbreakfast.eu\/es\/wp-json\/wp\/v2\/pages"}],"about":[{"href":"https:\/\/blog.bedandbreakfast.eu\/es\/wp-json\/wp\/v2\/types\/page"}],"author":[{"embeddable":true,"href":"https:\/\/blog.bedandbreakfast.eu\/es\/wp-json\/wp\/v2\/users\/17"}],"replies":[{"embeddable":true,"href":"https:\/\/blog.bedandbreakfast.eu\/es\/wp-json\/wp\/v2\/comments?post=9477"}],"version-history":[{"count":1,"href":"https:\/\/blog.bedandbreakfast.eu\/es\/wp-json\/wp\/v2\/pages\/9477\/revisions"}],"predecessor-version":[{"id":16674,"href":"https:\/\/blog.bedandbreakfast.eu\/es\/wp-json\/wp\/v2\/pages\/9477\/revisions\/16674"}],"wp:attachment":[{"href":"https:\/\/blog.bedandbreakfast.eu\/es\/wp-json\/wp\/v2\/media?parent=9477"}],"wp:term":[{"taxonomy":"author","embeddable":true,"href":"https:\/\/blog.bedandbreakfast.eu\/es\/wp-json\/wp\/v2\/coauthors?post=9477"}],"curies":[{"name":"wp","href":"https:\/\/api.w.org\/{rel}","templated":true}]}}