{"id":9346,"date":"2017-12-05T17:54:10","date_gmt":"2017-12-05T17:54:10","guid":{"rendered":"https:\/\/blog.bedandbreakfast.eu\/home\/"},"modified":"2024-02-09T11:33:57","modified_gmt":"2024-02-09T11:33:57","slug":"inicio","status":"publish","type":"page","link":"https:\/\/blog.bedandbreakfast.eu\/es\/","title":{"rendered":"Inicio"},"content":{"rendered":"<h3 style=\"text-align: center;\">Inspiraci\u00f3n sobre viajes<\/h3>\n<p>Si est\u00e1s buscando inspiraci\u00f3n para descubrir la parte m\u00e1s aut\u00e9ntica de tus viajes, est\u00e1s en el lugar ideal. \u00a1Historias y consejos para sacar el mayor provecho de cada aventura! Para nosotros, un B&amp;B es el coraz\u00f3n de un viaje, ofreciendo una experiencia que abraza la cultura y belleza de cada destino. \u00a1\u00danete a nosotros en este viaje de peque\u00f1os detalles y grandes descubrimientos!<\/p>\n","protected":false},"excerpt":{"rendered":"<p>Inspiraci\u00f3n sobre viajes Si est\u00e1s buscando inspiraci\u00f3n para descubrir la parte m\u00e1s aut\u00e9ntica de tus viajes, est\u00e1s en el lugar ideal. \u00a1Historias y consejos para sacar el mayor provecho de cada aventura! Para nosotros, un B&amp;B es el coraz\u00f3n de un viaje, ofreciendo una experiencia que abraza la cultura y belleza de cada destino. \u00a1\u00danete [&hellip;]<\/p>\n","protected":false},"author":17,"featured_media":0,"parent":0,"menu_order":0,"comment_status":"closed","ping_status":"closed","template":"template-modules.php","meta":{"_monsterinsights_skip_tracking":false,"_monsterinsights_sitenote_active":false,"_monsterinsights_sitenote_note":"","_monsterinsights_sitenote_category":0,"footnotes":""},"coauthors":[5508],"class_list":["post-9346","page","type-page","status-publish","hentry"],"yoast_head":"<!-- This site is optimized with the Yoast SEO plugin v27.4 - https:\/\/yoast.com\/product\/yoast-seo-wordpress\/ -->\n<title>Inicio - Bed and Breakfast Blog | Bedandbreakfast.eu<\/title>\n<meta name=\"robots\" content=\"index, follow, max-snippet:-1, max-image-preview:large, max-video-preview:-1\" \/>\n<link rel=\"canonical\" href=\"https:\/\/blog.bedandbreakfast.eu\/es\/\" \/>\n<meta property=\"og:locale\" content=\"es_ES\" \/>\n<meta property=\"og:type\" content=\"article\" \/>\n<meta property=\"og:title\" content=\"Inicio - Bed and Breakfast Blog | Bedandbreakfast.eu\" \/>\n<meta property=\"og:description\" content=\"Inspiraci\u00f3n sobre viajes Si est\u00e1s buscando inspiraci\u00f3n para descubrir la parte m\u00e1s aut\u00e9ntica de tus viajes, est\u00e1s en el lugar ideal. \u00a1Historias y consejos para sacar el mayor provecho de cada aventura! Para nosotros, un B&amp;B es el coraz\u00f3n de un viaje, ofreciendo una experiencia que abraza la cultura y belleza de cada destino. \u00a1\u00danete [&hellip;]\" \/>\n<meta property=\"og:url\" content=\"https:\/\/blog.bedandbreakfast.eu\/es\/\" \/>\n<meta property=\"og:site_name\" content=\"Bed and Breakfast Blog | Bedandbreakfast.eu\" \/>\n<meta property=\"article:modified_time\" content=\"2024-02-09T11:33:57+00:00\" \/>\n<meta name=\"twitter:card\" content=\"summary_large_image\" \/>\n<meta name=\"twitter:label1\" content=\"Tiempo de lectura\" \/>\n\t<meta name=\"twitter:data1\" content=\"1 minute\" \/>\n<script type=\"application\/ld+json\" class=\"yoast-schema-graph\">{\"@context\":\"https:\\\/\\\/schema.org\",\"@graph\":[{\"@type\":\"WebPage\",\"@id\":\"https:\\\/\\\/blog.bedandbreakfast.eu\\\/es\\\/\",\"url\":\"https:\\\/\\\/blog.bedandbreakfast.eu\\\/es\\\/\",\"name\":\"Inicio - Bed and Breakfast Blog | Bedandbreakfast.eu\",\"isPartOf\":{\"@id\":\"https:\\\/\\\/blog.bedandbreakfast.eu\\\/nl\\\/#website\"},\"datePublished\":\"2017-12-05T17:54:10+00:00\",\"dateModified\":\"2024-02-09T11:33:57+00:00\",\"breadcrumb\":{\"@id\":\"https:\\\/\\\/blog.bedandbreakfast.eu\\\/es\\\/#breadcrumb\"},\"inLanguage\":\"es-ES\",\"potentialAction\":[{\"@type\":\"ReadAction\",\"target\":[\"https:\\\/\\\/blog.bedandbreakfast.eu\\\/es\\\/\"]}]},{\"@type\":\"BreadcrumbList\",\"@id\":\"https:\\\/\\\/blog.bedandbreakfast.eu\\\/es\\\/#breadcrumb\",\"itemListElement\":[{\"@type\":\"ListItem\",\"position\":1,\"name\":\"Home\",\"item\":\"https:\\\/\\\/blog.bedandbreakfast.eu\\\/es\\\/\"},{\"@type\":\"ListItem\",\"position\":2,\"name\":\"Inicio\"}]},{\"@type\":\"WebSite\",\"@id\":\"https:\\\/\\\/blog.bedandbreakfast.eu\\\/nl\\\/#website\",\"url\":\"https:\\\/\\\/blog.bedandbreakfast.eu\\\/nl\\\/\",\"name\":\"Bed and Breakfast Blog | Bedandbreakfast.eu\",\"description\":\"Un blog sobre Bed and Breakfasts especiales, proporcionado por Bedandbreakfast.eu. \u00a1Nueva inspiraci\u00f3n para pernoctaciones y excursiones a los lugares de B&amp;B m\u00e1s hermosos del mundo!\",\"potentialAction\":[{\"@type\":\"SearchAction\",\"target\":{\"@type\":\"EntryPoint\",\"urlTemplate\":\"https:\\\/\\\/blog.bedandbreakfast.eu\\\/nl\\\/?s={search_term_string}\"},\"query-input\":{\"@type\":\"PropertyValueSpecification\",\"valueRequired\":true,\"valueName\":\"search_term_string\"}}],\"inLanguage\":\"es-ES\"}]}<\/script>\n<!-- \/ Yoast SEO plugin. -->","yoast_head_json":{"title":"Inicio - Bed and Breakfast Blog | Bedandbreakfast.eu","robots":{"index":"index","follow":"follow","max-snippet":"max-snippet:-1","max-image-preview":"max-image-preview:large","max-video-preview":"max-video-preview:-1"},"canonical":"https:\/\/blog.bedandbreakfast.eu\/es\/","og_locale":"es_ES","og_type":"article","og_title":"Inicio - Bed and Breakfast Blog | Bedandbreakfast.eu","og_description":"Inspiraci\u00f3n sobre viajes Si est\u00e1s buscando inspiraci\u00f3n para descubrir la parte m\u00e1s aut\u00e9ntica de tus viajes, est\u00e1s en el lugar ideal. \u00a1Historias y consejos para sacar el mayor provecho de cada aventura! Para nosotros, un B&amp;B es el coraz\u00f3n de un viaje, ofreciendo una experiencia que abraza la cultura y belleza de cada destino. \u00a1\u00danete [&hellip;]","og_url":"https:\/\/blog.bedandbreakfast.eu\/es\/","og_site_name":"Bed and Breakfast Blog | Bedandbreakfast.eu","article_modified_time":"2024-02-09T11:33:57+00:00","twitter_card":"summary_large_image","twitter_misc":{"Tiempo de lectura":"1 minute"},"schema":{"@context":"https:\/\/schema.org","@graph":[{"@type":"WebPage","@id":"https:\/\/blog.bedandbreakfast.eu\/es\/","url":"https:\/\/blog.bedandbreakfast.eu\/es\/","name":"Inicio - Bed and Breakfast Blog | Bedandbreakfast.eu","isPartOf":{"@id":"https:\/\/blog.bedandbreakfast.eu\/nl\/#website"},"datePublished":"2017-12-05T17:54:10+00:00","dateModified":"2024-02-09T11:33:57+00:00","breadcrumb":{"@id":"https:\/\/blog.bedandbreakfast.eu\/es\/#breadcrumb"},"inLanguage":"es-ES","potentialAction":[{"@type":"ReadAction","target":["https:\/\/blog.bedandbreakfast.eu\/es\/"]}]},{"@type":"BreadcrumbList","@id":"https:\/\/blog.bedandbreakfast.eu\/es\/#breadcrumb","itemListElement":[{"@type":"ListItem","position":1,"name":"Home","item":"https:\/\/blog.bedandbreakfast.eu\/es\/"},{"@type":"ListItem","position":2,"name":"Inicio"}]},{"@type":"WebSite","@id":"https:\/\/blog.bedandbreakfast.eu\/nl\/#website","url":"https:\/\/blog.bedandbreakfast.eu\/nl\/","name":"Bed and Breakfast Blog | Bedandbreakfast.eu","description":"Un blog sobre Bed and Breakfasts especiales, proporcionado por Bedandbreakfast.eu. \u00a1Nueva inspiraci\u00f3n para pernoctaciones y excursiones a los lugares de B&amp;B m\u00e1s hermosos del mundo!","potentialAction":[{"@type":"SearchAction","target":{"@type":"EntryPoint","urlTemplate":"https:\/\/blog.bedandbreakfast.eu\/nl\/?s={search_term_string}"},"query-input":{"@type":"PropertyValueSpecification","valueRequired":true,"valueName":"search_term_string"}}],"inLanguage":"es-ES"}]}},"jetpack_shortlink":"https:\/\/wp.me\/P9vhf3-2qK","jetpack_sharing_enabled":true,"_links":{"self":[{"href":"https:\/\/blog.bedandbreakfast.eu\/es\/wp-json\/wp\/v2\/pages\/9346","targetHints":{"allow":["GET"]}}],"collection":[{"href":"https:\/\/blog.bedandbreakfast.eu\/es\/wp-json\/wp\/v2\/pages"}],"about":[{"href":"https:\/\/blog.bedandbreakfast.eu\/es\/wp-json\/wp\/v2\/types\/page"}],"author":[{"embeddable":true,"href":"https:\/\/blog.bedandbreakfast.eu\/es\/wp-json\/wp\/v2\/users\/17"}],"replies":[{"embeddable":true,"href":"https:\/\/blog.bedandbreakfast.eu\/es\/wp-json\/wp\/v2\/comments?post=9346"}],"version-history":[{"count":2,"href":"https:\/\/blog.bedandbreakfast.eu\/es\/wp-json\/wp\/v2\/pages\/9346\/revisions"}],"predecessor-version":[{"id":37025,"href":"https:\/\/blog.bedandbreakfast.eu\/es\/wp-json\/wp\/v2\/pages\/9346\/revisions\/37025"}],"wp:attachment":[{"href":"https:\/\/blog.bedandbreakfast.eu\/es\/wp-json\/wp\/v2\/media?parent=9346"}],"wp:term":[{"taxonomy":"author","embeddable":true,"href":"https:\/\/blog.bedandbreakfast.eu\/es\/wp-json\/wp\/v2\/coauthors?post=9346"}],"curies":[{"name":"wp","href":"https:\/\/api.w.org\/{rel}","templated":true}]}}