{"id":9334,"date":"2017-12-06T10:48:11","date_gmt":"2017-12-06T10:48:11","guid":{"rendered":"https:\/\/blog.bedandbreakfast.eu\/unique-bbs\/"},"modified":"2017-12-18T13:02:40","modified_gmt":"2017-12-18T13:02:40","slug":"einzigartige-bb","status":"publish","type":"page","link":"https:\/\/blog.bedandbreakfast.eu\/de\/einzigartige-bb\/","title":{"rendered":"Einzigartige B&#038;Bs"},"content":{"rendered":"<p><img loading=\"lazy\" decoding=\"async\" class=\"alignnone size-full wp-image-9653\" src=\"https:\/\/blog.bedandbreakfast.eu\/wp-content\/uploads\/2017\/12\/1.png\" alt=\"Bedandbreakfast.eu_unique B&amp;B's\" width=\"1200\" height=\"188\" srcset=\"https:\/\/blog.bedandbreakfast.eu\/wp-content\/uploads\/2017\/12\/1.png 1200w, https:\/\/blog.bedandbreakfast.eu\/wp-content\/uploads\/2017\/12\/1-300x47.png 300w, https:\/\/blog.bedandbreakfast.eu\/wp-content\/uploads\/2017\/12\/1-768x120.png 768w, https:\/\/blog.bedandbreakfast.eu\/wp-content\/uploads\/2017\/12\/1-1024x160.png 1024w, https:\/\/blog.bedandbreakfast.eu\/wp-content\/uploads\/2017\/12\/1-810x127.png 810w, https:\/\/blog.bedandbreakfast.eu\/wp-content\/uploads\/2017\/12\/1-1140x179.png 1140w\" sizes=\"auto, (max-width: 1200px) 100vw, 1200px\" \/><\/p>\n<h1>Einzigartige B&amp;Bs<\/h1>\n<p><span style=\"font-weight: 400;\">In einer Windm\u00fchle oder auf einem Hausboot \u00fcbernachten, in einem Schloss n\u00e4chtigen oder in einem Kloster entspannen &#8211; \u00fcberall auf der Welt warten au\u00dfergew\u00f6hnliche B&amp;Bs auf Sie. M\u00f6chten Sie lieber den Sonnenuntergang am Meer genie\u00dfen oder sich inmitten der Natur erholen? Es gibt immer ein Bed and Breakfast in der N\u00e4he. Auf<\/span><a href=\"http:\/\/bedandbreakfast.eu\/\"> <span style=\"font-weight: 400;\">Bedandbreakfast.eu<\/span><\/a><span style=\"font-weight: 400;\"> finden Sie ein riesengro\u00dfes Angebot an einzigartigen B&amp;Bs in einer besonders sch\u00f6nen Lage. Lassen Sie sich inspirieren und finden Sie hier Ihr Lieblings-Bed and Breakfast.<\/span><\/p>\n","protected":false},"excerpt":{"rendered":"<p>Einzigartige B&amp;Bs In einer Windm\u00fchle oder auf einem Hausboot \u00fcbernachten, in einem Schloss n\u00e4chtigen oder in einem Kloster entspannen &#8211; \u00fcberall auf der Welt warten au\u00dfergew\u00f6hnliche B&amp;Bs auf Sie. M\u00f6chten Sie lieber den Sonnenuntergang am Meer genie\u00dfen oder sich inmitten der Natur erholen? Es gibt immer ein Bed and Breakfast in der N\u00e4he. Auf Bedandbreakfast.eu [&hellip;]<\/p>\n","protected":false},"author":17,"featured_media":0,"parent":0,"menu_order":0,"comment_status":"closed","ping_status":"closed","template":"template-modules.php","meta":{"_monsterinsights_skip_tracking":false,"_monsterinsights_sitenote_active":false,"_monsterinsights_sitenote_note":"","_monsterinsights_sitenote_category":0,"footnotes":""},"coauthors":[5501,5506],"class_list":["post-9334","page","type-page","status-publish","hentry"],"yoast_head":"<!-- This site is optimized with the Yoast SEO plugin v27.4 - https:\/\/yoast.com\/product\/yoast-seo-wordpress\/ -->\n<title>Einzigartige B&amp;Bs - Bed and Breakfast Blog | Bedandbreakfast.eu<\/title>\n<meta name=\"description\" content=\"Sie finden ein riesengro\u00dfes Angebot an einzigartigen B&amp;Bs in einer besonders sch\u00f6nen Lage. Lassen Sie sich inspirieren. Sie finden hier Ihr Lieblings-B&amp;B.\" \/>\n<meta name=\"robots\" content=\"index, follow, max-snippet:-1, max-image-preview:large, max-video-preview:-1\" \/>\n<link rel=\"canonical\" href=\"https:\/\/blog.bedandbreakfast.eu\/de\/einzigartige-bb\/\" \/>\n<meta property=\"og:locale\" content=\"de_DE\" \/>\n<meta property=\"og:type\" content=\"article\" \/>\n<meta property=\"og:title\" content=\"Einzigartige B&amp;Bs - Bed and Breakfast Blog | Bedandbreakfast.eu\" \/>\n<meta property=\"og:description\" content=\"Sie finden ein riesengro\u00dfes Angebot an einzigartigen B&amp;Bs in einer besonders sch\u00f6nen Lage. Lassen Sie sich inspirieren. Sie finden hier Ihr Lieblings-B&amp;B.\" \/>\n<meta property=\"og:url\" content=\"https:\/\/blog.bedandbreakfast.eu\/de\/einzigartige-bb\/\" \/>\n<meta property=\"og:site_name\" content=\"Bed and Breakfast Blog | Bedandbreakfast.eu\" \/>\n<meta property=\"article:modified_time\" content=\"2017-12-18T13:02:40+00:00\" \/>\n<meta property=\"og:image\" content=\"https:\/\/blog.bedandbreakfast.eu\/wp-content\/uploads\/2017\/12\/1.png\" \/>\n<meta name=\"twitter:card\" content=\"summary_large_image\" \/>\n<script type=\"application\/ld+json\" class=\"yoast-schema-graph\">{\"@context\":\"https:\\\/\\\/schema.org\",\"@graph\":[{\"@type\":\"WebPage\",\"@id\":\"https:\\\/\\\/blog.bedandbreakfast.eu\\\/de\\\/einzigartige-bb\\\/\",\"url\":\"https:\\\/\\\/blog.bedandbreakfast.eu\\\/de\\\/einzigartige-bb\\\/\",\"name\":\"Einzigartige B&Bs - Bed and Breakfast Blog | Bedandbreakfast.eu\",\"isPartOf\":{\"@id\":\"https:\\\/\\\/blog.bedandbreakfast.eu\\\/nl\\\/#website\"},\"primaryImageOfPage\":{\"@id\":\"https:\\\/\\\/blog.bedandbreakfast.eu\\\/de\\\/einzigartige-bb\\\/#primaryimage\"},\"image\":{\"@id\":\"https:\\\/\\\/blog.bedandbreakfast.eu\\\/de\\\/einzigartige-bb\\\/#primaryimage\"},\"thumbnailUrl\":\"https:\\\/\\\/blog.bedandbreakfast.eu\\\/wp-content\\\/uploads\\\/2017\\\/12\\\/1.png\",\"datePublished\":\"2017-12-06T10:48:11+00:00\",\"dateModified\":\"2017-12-18T13:02:40+00:00\",\"description\":\"Sie finden ein riesengro\u00dfes Angebot an einzigartigen B&Bs in einer besonders sch\u00f6nen Lage. Lassen Sie sich inspirieren. Sie finden hier Ihr Lieblings-B&B.\",\"breadcrumb\":{\"@id\":\"https:\\\/\\\/blog.bedandbreakfast.eu\\\/de\\\/einzigartige-bb\\\/#breadcrumb\"},\"inLanguage\":\"de\",\"potentialAction\":[{\"@type\":\"ReadAction\",\"target\":[\"https:\\\/\\\/blog.bedandbreakfast.eu\\\/de\\\/einzigartige-bb\\\/\"]}]},{\"@type\":\"ImageObject\",\"inLanguage\":\"de\",\"@id\":\"https:\\\/\\\/blog.bedandbreakfast.eu\\\/de\\\/einzigartige-bb\\\/#primaryimage\",\"url\":\"https:\\\/\\\/blog.bedandbreakfast.eu\\\/wp-content\\\/uploads\\\/2017\\\/12\\\/1.png\",\"contentUrl\":\"https:\\\/\\\/blog.bedandbreakfast.eu\\\/wp-content\\\/uploads\\\/2017\\\/12\\\/1.png\"},{\"@type\":\"BreadcrumbList\",\"@id\":\"https:\\\/\\\/blog.bedandbreakfast.eu\\\/de\\\/einzigartige-bb\\\/#breadcrumb\",\"itemListElement\":[{\"@type\":\"ListItem\",\"position\":1,\"name\":\"Home\",\"item\":\"https:\\\/\\\/blog.bedandbreakfast.eu\\\/de\\\/\"},{\"@type\":\"ListItem\",\"position\":2,\"name\":\"Einzigartige B&#038;Bs\"}]},{\"@type\":\"WebSite\",\"@id\":\"https:\\\/\\\/blog.bedandbreakfast.eu\\\/nl\\\/#website\",\"url\":\"https:\\\/\\\/blog.bedandbreakfast.eu\\\/nl\\\/\",\"name\":\"Bed and Breakfast Blog | Bedandbreakfast.eu\",\"description\":\"Ein Blog von Bedandbreakfast.eu \u00fcber ganz besondere Bed &amp; Breakfasts. Neue Inspirationen und Tipps f\u00fcr \u00dcbernachtungen und Kurztrips in Europas sch\u00f6nsten B&amp;Bs. \",\"potentialAction\":[{\"@type\":\"SearchAction\",\"target\":{\"@type\":\"EntryPoint\",\"urlTemplate\":\"https:\\\/\\\/blog.bedandbreakfast.eu\\\/nl\\\/?s={search_term_string}\"},\"query-input\":{\"@type\":\"PropertyValueSpecification\",\"valueRequired\":true,\"valueName\":\"search_term_string\"}}],\"inLanguage\":\"de\"}]}<\/script>\n<!-- \/ Yoast SEO plugin. -->","yoast_head_json":{"title":"Einzigartige B&Bs - Bed and Breakfast Blog | Bedandbreakfast.eu","description":"Sie finden ein riesengro\u00dfes Angebot an einzigartigen B&Bs in einer besonders sch\u00f6nen Lage. Lassen Sie sich inspirieren. Sie finden hier Ihr Lieblings-B&B.","robots":{"index":"index","follow":"follow","max-snippet":"max-snippet:-1","max-image-preview":"max-image-preview:large","max-video-preview":"max-video-preview:-1"},"canonical":"https:\/\/blog.bedandbreakfast.eu\/de\/einzigartige-bb\/","og_locale":"de_DE","og_type":"article","og_title":"Einzigartige B&Bs - Bed and Breakfast Blog | Bedandbreakfast.eu","og_description":"Sie finden ein riesengro\u00dfes Angebot an einzigartigen B&Bs in einer besonders sch\u00f6nen Lage. Lassen Sie sich inspirieren. Sie finden hier Ihr Lieblings-B&B.","og_url":"https:\/\/blog.bedandbreakfast.eu\/de\/einzigartige-bb\/","og_site_name":"Bed and Breakfast Blog | Bedandbreakfast.eu","article_modified_time":"2017-12-18T13:02:40+00:00","og_image":[{"url":"https:\/\/blog.bedandbreakfast.eu\/wp-content\/uploads\/2017\/12\/1.png","type":"","width":"","height":""}],"twitter_card":"summary_large_image","schema":{"@context":"https:\/\/schema.org","@graph":[{"@type":"WebPage","@id":"https:\/\/blog.bedandbreakfast.eu\/de\/einzigartige-bb\/","url":"https:\/\/blog.bedandbreakfast.eu\/de\/einzigartige-bb\/","name":"Einzigartige B&Bs - Bed and Breakfast Blog | Bedandbreakfast.eu","isPartOf":{"@id":"https:\/\/blog.bedandbreakfast.eu\/nl\/#website"},"primaryImageOfPage":{"@id":"https:\/\/blog.bedandbreakfast.eu\/de\/einzigartige-bb\/#primaryimage"},"image":{"@id":"https:\/\/blog.bedandbreakfast.eu\/de\/einzigartige-bb\/#primaryimage"},"thumbnailUrl":"https:\/\/blog.bedandbreakfast.eu\/wp-content\/uploads\/2017\/12\/1.png","datePublished":"2017-12-06T10:48:11+00:00","dateModified":"2017-12-18T13:02:40+00:00","description":"Sie finden ein riesengro\u00dfes Angebot an einzigartigen B&Bs in einer besonders sch\u00f6nen Lage. Lassen Sie sich inspirieren. Sie finden hier Ihr Lieblings-B&B.","breadcrumb":{"@id":"https:\/\/blog.bedandbreakfast.eu\/de\/einzigartige-bb\/#breadcrumb"},"inLanguage":"de","potentialAction":[{"@type":"ReadAction","target":["https:\/\/blog.bedandbreakfast.eu\/de\/einzigartige-bb\/"]}]},{"@type":"ImageObject","inLanguage":"de","@id":"https:\/\/blog.bedandbreakfast.eu\/de\/einzigartige-bb\/#primaryimage","url":"https:\/\/blog.bedandbreakfast.eu\/wp-content\/uploads\/2017\/12\/1.png","contentUrl":"https:\/\/blog.bedandbreakfast.eu\/wp-content\/uploads\/2017\/12\/1.png"},{"@type":"BreadcrumbList","@id":"https:\/\/blog.bedandbreakfast.eu\/de\/einzigartige-bb\/#breadcrumb","itemListElement":[{"@type":"ListItem","position":1,"name":"Home","item":"https:\/\/blog.bedandbreakfast.eu\/de\/"},{"@type":"ListItem","position":2,"name":"Einzigartige B&#038;Bs"}]},{"@type":"WebSite","@id":"https:\/\/blog.bedandbreakfast.eu\/nl\/#website","url":"https:\/\/blog.bedandbreakfast.eu\/nl\/","name":"Bed and Breakfast Blog | Bedandbreakfast.eu","description":"Ein Blog von Bedandbreakfast.eu \u00fcber ganz besondere Bed &amp; Breakfasts. Neue Inspirationen und Tipps f\u00fcr \u00dcbernachtungen und Kurztrips in Europas sch\u00f6nsten B&amp;Bs. ","potentialAction":[{"@type":"SearchAction","target":{"@type":"EntryPoint","urlTemplate":"https:\/\/blog.bedandbreakfast.eu\/nl\/?s={search_term_string}"},"query-input":{"@type":"PropertyValueSpecification","valueRequired":true,"valueName":"search_term_string"}}],"inLanguage":"de"}]}},"jetpack_shortlink":"https:\/\/wp.me\/P9vhf3-2qy","jetpack_sharing_enabled":true,"_links":{"self":[{"href":"https:\/\/blog.bedandbreakfast.eu\/de\/wp-json\/wp\/v2\/pages\/9334","targetHints":{"allow":["GET"]}}],"collection":[{"href":"https:\/\/blog.bedandbreakfast.eu\/de\/wp-json\/wp\/v2\/pages"}],"about":[{"href":"https:\/\/blog.bedandbreakfast.eu\/de\/wp-json\/wp\/v2\/types\/page"}],"author":[{"embeddable":true,"href":"https:\/\/blog.bedandbreakfast.eu\/de\/wp-json\/wp\/v2\/users\/17"}],"replies":[{"embeddable":true,"href":"https:\/\/blog.bedandbreakfast.eu\/de\/wp-json\/wp\/v2\/comments?post=9334"}],"version-history":[{"count":0,"href":"https:\/\/blog.bedandbreakfast.eu\/de\/wp-json\/wp\/v2\/pages\/9334\/revisions"}],"wp:attachment":[{"href":"https:\/\/blog.bedandbreakfast.eu\/de\/wp-json\/wp\/v2\/media?parent=9334"}],"wp:term":[{"taxonomy":"author","embeddable":true,"href":"https:\/\/blog.bedandbreakfast.eu\/de\/wp-json\/wp\/v2\/coauthors?post=9334"}],"curies":[{"name":"wp","href":"https:\/\/api.w.org\/{rel}","templated":true}]}}