{"id":9324,"date":"2017-12-06T11:25:30","date_gmt":"2017-12-06T11:25:30","guid":{"rendered":"https:\/\/blog.bedandbreakfast.eu\/inspiring-destinations\/"},"modified":"2017-12-15T16:17:02","modified_gmt":"2017-12-15T16:17:02","slug":"beliebte-ziele","status":"publish","type":"page","link":"https:\/\/blog.bedandbreakfast.eu\/de\/beliebte-ziele\/","title":{"rendered":"Beliebte Ziele"},"content":{"rendered":"<p><img loading=\"lazy\" decoding=\"async\" class=\"alignnone size-full wp-image-9630\" src=\"https:\/\/blog.bedandbreakfast.eu\/wp-content\/uploads\/2017\/12\/Inspiratie_italie_2.png\" alt=\"Bedandbreakfast.eu_populardestinations\" width=\"1200\" height=\"188\" srcset=\"https:\/\/blog.bedandbreakfast.eu\/wp-content\/uploads\/2017\/12\/Inspiratie_italie_2.png 1200w, https:\/\/blog.bedandbreakfast.eu\/wp-content\/uploads\/2017\/12\/Inspiratie_italie_2-300x47.png 300w, https:\/\/blog.bedandbreakfast.eu\/wp-content\/uploads\/2017\/12\/Inspiratie_italie_2-768x120.png 768w, https:\/\/blog.bedandbreakfast.eu\/wp-content\/uploads\/2017\/12\/Inspiratie_italie_2-1024x160.png 1024w, https:\/\/blog.bedandbreakfast.eu\/wp-content\/uploads\/2017\/12\/Inspiratie_italie_2-810x127.png 810w, https:\/\/blog.bedandbreakfast.eu\/wp-content\/uploads\/2017\/12\/Inspiratie_italie_2-1140x179.png 1140w\" sizes=\"auto, (max-width: 1200px) 100vw, 1200px\" \/><\/p>\n<h1><b>Au\u00dfergew\u00f6hnliche Reiseziele<\/b><\/h1>\n<p><span style=\"font-weight: 400;\">Sie haben Lust, mal wieder ein Wochenende wegzufahren und in einer besonders sch\u00f6nen Unterkunft zu \u00fcbernachten? Lassen Sie sich hier von den au\u00dfergew\u00f6hnlichsten Reisezielen der Welt inspirieren. Wir w\u00e4r\u2019s mit einem einmaligen St\u00e4dtetrip, einer romantischen Nacht am Meer, dem Besuch idyllischer D\u00f6rfer, einer Kulturreise oder einer \u00dcbernachtung inmitten der Natur? \u00dcberall auf der Welt gibt es einzigartige B&amp;Bs in der Umgebung inspirierender Reiseziele. Nutzen Sie unsere vielen Informationen und Tipps f\u00fcr Ihre Reiseplanung und finden Sie hier Ihr Traum-Reiseziel.<\/span><\/p>\n","protected":false},"excerpt":{"rendered":"<p>Au\u00dfergew\u00f6hnliche Reiseziele Sie haben Lust, mal wieder ein Wochenende wegzufahren und in einer besonders sch\u00f6nen Unterkunft zu \u00fcbernachten? Lassen Sie sich hier von den au\u00dfergew\u00f6hnlichsten Reisezielen der Welt inspirieren. Wir w\u00e4r\u2019s mit einem einmaligen St\u00e4dtetrip, einer romantischen Nacht am Meer, dem Besuch idyllischer D\u00f6rfer, einer Kulturreise oder einer \u00dcbernachtung inmitten der Natur? \u00dcberall auf der [&hellip;]<\/p>\n","protected":false},"author":17,"featured_media":0,"parent":0,"menu_order":0,"comment_status":"closed","ping_status":"closed","template":"template-modules.php","meta":{"_monsterinsights_skip_tracking":false,"_monsterinsights_sitenote_active":false,"_monsterinsights_sitenote_note":"","_monsterinsights_sitenote_category":0,"footnotes":""},"coauthors":[5501,5506],"class_list":["post-9324","page","type-page","status-publish","hentry"],"yoast_head":"<!-- This site is optimized with the Yoast SEO plugin v27.5 - https:\/\/yoast.com\/product\/yoast-seo-wordpress\/ -->\n<title>Beliebte Ziele - Bed and Breakfast Blog | Bedandbreakfast.eu<\/title>\n<meta name=\"description\" content=\"Es gibt viele inspirierender Reiseziele. Nutzen Sie unsere vielen Informationen und Tipps f\u00fcr Ihre Reiseplanung und finden Sie hier Ihr Traum-Reiseziel.\" \/>\n<meta name=\"robots\" content=\"index, follow, max-snippet:-1, max-image-preview:large, max-video-preview:-1\" \/>\n<link rel=\"canonical\" href=\"https:\/\/blog.bedandbreakfast.eu\/de\/beliebte-ziele\/\" \/>\n<meta property=\"og:locale\" content=\"de_DE\" \/>\n<meta property=\"og:type\" content=\"article\" \/>\n<meta property=\"og:title\" content=\"Beliebte Ziele - Bed and Breakfast Blog | Bedandbreakfast.eu\" \/>\n<meta property=\"og:description\" content=\"Es gibt viele inspirierender Reiseziele. Nutzen Sie unsere vielen Informationen und Tipps f\u00fcr Ihre Reiseplanung und finden Sie hier Ihr Traum-Reiseziel.\" \/>\n<meta property=\"og:url\" content=\"https:\/\/blog.bedandbreakfast.eu\/de\/beliebte-ziele\/\" \/>\n<meta property=\"og:site_name\" content=\"Bed and Breakfast Blog | Bedandbreakfast.eu\" \/>\n<meta property=\"article:modified_time\" content=\"2017-12-15T16:17:02+00:00\" \/>\n<meta property=\"og:image\" content=\"https:\/\/blog.bedandbreakfast.eu\/wp-content\/uploads\/2017\/12\/Inspiratie_italie_2.png\" \/>\n<meta name=\"twitter:card\" content=\"summary_large_image\" \/>\n<script type=\"application\/ld+json\" class=\"yoast-schema-graph\">{\"@context\":\"https:\\\/\\\/schema.org\",\"@graph\":[{\"@type\":\"WebPage\",\"@id\":\"https:\\\/\\\/blog.bedandbreakfast.eu\\\/de\\\/beliebte-ziele\\\/\",\"url\":\"https:\\\/\\\/blog.bedandbreakfast.eu\\\/de\\\/beliebte-ziele\\\/\",\"name\":\"Beliebte Ziele - Bed and Breakfast Blog | Bedandbreakfast.eu\",\"isPartOf\":{\"@id\":\"https:\\\/\\\/blog.bedandbreakfast.eu\\\/nl\\\/#website\"},\"primaryImageOfPage\":{\"@id\":\"https:\\\/\\\/blog.bedandbreakfast.eu\\\/de\\\/beliebte-ziele\\\/#primaryimage\"},\"image\":{\"@id\":\"https:\\\/\\\/blog.bedandbreakfast.eu\\\/de\\\/beliebte-ziele\\\/#primaryimage\"},\"thumbnailUrl\":\"https:\\\/\\\/blog.bedandbreakfast.eu\\\/wp-content\\\/uploads\\\/2017\\\/12\\\/Inspiratie_italie_2.png\",\"datePublished\":\"2017-12-06T11:25:30+00:00\",\"dateModified\":\"2017-12-15T16:17:02+00:00\",\"description\":\"Es gibt viele inspirierender Reiseziele. Nutzen Sie unsere vielen Informationen und Tipps f\u00fcr Ihre Reiseplanung und finden Sie hier Ihr Traum-Reiseziel.\",\"breadcrumb\":{\"@id\":\"https:\\\/\\\/blog.bedandbreakfast.eu\\\/de\\\/beliebte-ziele\\\/#breadcrumb\"},\"inLanguage\":\"de\",\"potentialAction\":[{\"@type\":\"ReadAction\",\"target\":[\"https:\\\/\\\/blog.bedandbreakfast.eu\\\/de\\\/beliebte-ziele\\\/\"]}]},{\"@type\":\"ImageObject\",\"inLanguage\":\"de\",\"@id\":\"https:\\\/\\\/blog.bedandbreakfast.eu\\\/de\\\/beliebte-ziele\\\/#primaryimage\",\"url\":\"https:\\\/\\\/blog.bedandbreakfast.eu\\\/wp-content\\\/uploads\\\/2017\\\/12\\\/Inspiratie_italie_2.png\",\"contentUrl\":\"https:\\\/\\\/blog.bedandbreakfast.eu\\\/wp-content\\\/uploads\\\/2017\\\/12\\\/Inspiratie_italie_2.png\"},{\"@type\":\"BreadcrumbList\",\"@id\":\"https:\\\/\\\/blog.bedandbreakfast.eu\\\/de\\\/beliebte-ziele\\\/#breadcrumb\",\"itemListElement\":[{\"@type\":\"ListItem\",\"position\":1,\"name\":\"Home\",\"item\":\"https:\\\/\\\/blog.bedandbreakfast.eu\\\/de\\\/\"},{\"@type\":\"ListItem\",\"position\":2,\"name\":\"Beliebte Ziele\"}]},{\"@type\":\"WebSite\",\"@id\":\"https:\\\/\\\/blog.bedandbreakfast.eu\\\/nl\\\/#website\",\"url\":\"https:\\\/\\\/blog.bedandbreakfast.eu\\\/nl\\\/\",\"name\":\"Bed and Breakfast Blog | Bedandbreakfast.eu\",\"description\":\"Ein Blog von Bedandbreakfast.eu \u00fcber ganz besondere Bed &amp; Breakfasts. Neue Inspirationen und Tipps f\u00fcr \u00dcbernachtungen und Kurztrips in Europas sch\u00f6nsten B&amp;Bs. \",\"potentialAction\":[{\"@type\":\"SearchAction\",\"target\":{\"@type\":\"EntryPoint\",\"urlTemplate\":\"https:\\\/\\\/blog.bedandbreakfast.eu\\\/nl\\\/?s={search_term_string}\"},\"query-input\":{\"@type\":\"PropertyValueSpecification\",\"valueRequired\":true,\"valueName\":\"search_term_string\"}}],\"inLanguage\":\"de\"}]}<\/script>\n<!-- \/ Yoast SEO plugin. -->","yoast_head_json":{"title":"Beliebte Ziele - Bed and Breakfast Blog | Bedandbreakfast.eu","description":"Es gibt viele inspirierender Reiseziele. Nutzen Sie unsere vielen Informationen und Tipps f\u00fcr Ihre Reiseplanung und finden Sie hier Ihr Traum-Reiseziel.","robots":{"index":"index","follow":"follow","max-snippet":"max-snippet:-1","max-image-preview":"max-image-preview:large","max-video-preview":"max-video-preview:-1"},"canonical":"https:\/\/blog.bedandbreakfast.eu\/de\/beliebte-ziele\/","og_locale":"de_DE","og_type":"article","og_title":"Beliebte Ziele - Bed and Breakfast Blog | Bedandbreakfast.eu","og_description":"Es gibt viele inspirierender Reiseziele. Nutzen Sie unsere vielen Informationen und Tipps f\u00fcr Ihre Reiseplanung und finden Sie hier Ihr Traum-Reiseziel.","og_url":"https:\/\/blog.bedandbreakfast.eu\/de\/beliebte-ziele\/","og_site_name":"Bed and Breakfast Blog | Bedandbreakfast.eu","article_modified_time":"2017-12-15T16:17:02+00:00","og_image":[{"url":"https:\/\/blog.bedandbreakfast.eu\/wp-content\/uploads\/2017\/12\/Inspiratie_italie_2.png","type":"","width":"","height":""}],"twitter_card":"summary_large_image","schema":{"@context":"https:\/\/schema.org","@graph":[{"@type":"WebPage","@id":"https:\/\/blog.bedandbreakfast.eu\/de\/beliebte-ziele\/","url":"https:\/\/blog.bedandbreakfast.eu\/de\/beliebte-ziele\/","name":"Beliebte Ziele - Bed and Breakfast Blog | Bedandbreakfast.eu","isPartOf":{"@id":"https:\/\/blog.bedandbreakfast.eu\/nl\/#website"},"primaryImageOfPage":{"@id":"https:\/\/blog.bedandbreakfast.eu\/de\/beliebte-ziele\/#primaryimage"},"image":{"@id":"https:\/\/blog.bedandbreakfast.eu\/de\/beliebte-ziele\/#primaryimage"},"thumbnailUrl":"https:\/\/blog.bedandbreakfast.eu\/wp-content\/uploads\/2017\/12\/Inspiratie_italie_2.png","datePublished":"2017-12-06T11:25:30+00:00","dateModified":"2017-12-15T16:17:02+00:00","description":"Es gibt viele inspirierender Reiseziele. Nutzen Sie unsere vielen Informationen und Tipps f\u00fcr Ihre Reiseplanung und finden Sie hier Ihr Traum-Reiseziel.","breadcrumb":{"@id":"https:\/\/blog.bedandbreakfast.eu\/de\/beliebte-ziele\/#breadcrumb"},"inLanguage":"de","potentialAction":[{"@type":"ReadAction","target":["https:\/\/blog.bedandbreakfast.eu\/de\/beliebte-ziele\/"]}]},{"@type":"ImageObject","inLanguage":"de","@id":"https:\/\/blog.bedandbreakfast.eu\/de\/beliebte-ziele\/#primaryimage","url":"https:\/\/blog.bedandbreakfast.eu\/wp-content\/uploads\/2017\/12\/Inspiratie_italie_2.png","contentUrl":"https:\/\/blog.bedandbreakfast.eu\/wp-content\/uploads\/2017\/12\/Inspiratie_italie_2.png"},{"@type":"BreadcrumbList","@id":"https:\/\/blog.bedandbreakfast.eu\/de\/beliebte-ziele\/#breadcrumb","itemListElement":[{"@type":"ListItem","position":1,"name":"Home","item":"https:\/\/blog.bedandbreakfast.eu\/de\/"},{"@type":"ListItem","position":2,"name":"Beliebte Ziele"}]},{"@type":"WebSite","@id":"https:\/\/blog.bedandbreakfast.eu\/nl\/#website","url":"https:\/\/blog.bedandbreakfast.eu\/nl\/","name":"Bed and Breakfast Blog | Bedandbreakfast.eu","description":"Ein Blog von Bedandbreakfast.eu \u00fcber ganz besondere Bed &amp; Breakfasts. Neue Inspirationen und Tipps f\u00fcr \u00dcbernachtungen und Kurztrips in Europas sch\u00f6nsten B&amp;Bs. ","potentialAction":[{"@type":"SearchAction","target":{"@type":"EntryPoint","urlTemplate":"https:\/\/blog.bedandbreakfast.eu\/nl\/?s={search_term_string}"},"query-input":{"@type":"PropertyValueSpecification","valueRequired":true,"valueName":"search_term_string"}}],"inLanguage":"de"}]}},"jetpack_shortlink":"https:\/\/wp.me\/P9vhf3-2qo","jetpack_sharing_enabled":true,"_links":{"self":[{"href":"https:\/\/blog.bedandbreakfast.eu\/de\/wp-json\/wp\/v2\/pages\/9324","targetHints":{"allow":["GET"]}}],"collection":[{"href":"https:\/\/blog.bedandbreakfast.eu\/de\/wp-json\/wp\/v2\/pages"}],"about":[{"href":"https:\/\/blog.bedandbreakfast.eu\/de\/wp-json\/wp\/v2\/types\/page"}],"author":[{"embeddable":true,"href":"https:\/\/blog.bedandbreakfast.eu\/de\/wp-json\/wp\/v2\/users\/17"}],"replies":[{"embeddable":true,"href":"https:\/\/blog.bedandbreakfast.eu\/de\/wp-json\/wp\/v2\/comments?post=9324"}],"version-history":[{"count":0,"href":"https:\/\/blog.bedandbreakfast.eu\/de\/wp-json\/wp\/v2\/pages\/9324\/revisions"}],"wp:attachment":[{"href":"https:\/\/blog.bedandbreakfast.eu\/de\/wp-json\/wp\/v2\/media?parent=9324"}],"wp:term":[{"taxonomy":"author","embeddable":true,"href":"https:\/\/blog.bedandbreakfast.eu\/de\/wp-json\/wp\/v2\/coauthors?post=9324"}],"curies":[{"name":"wp","href":"https:\/\/api.w.org\/{rel}","templated":true}]}}